{"id":4489,"date":"2015-05-26T09:09:29","date_gmt":"2015-05-26T08:09:29","guid":{"rendered":"http:\/\/www.chaletnata.com\/condizioni-duso\/?lang=en"},"modified":"2016-11-15T17:57:48","modified_gmt":"2016-11-15T16:57:48","slug":"condizioni-duso","status":"publish","type":"page","link":"https:\/\/www.chaletnata.com\/en\/condizioni-duso\/","title":{"rendered":"Terms of use"},"content":{"rendered":"<h2><span title=\"Condizioni d\u2019uso\n\n\">Terms of use<br \/>\n<\/span><\/h2>\n<p><span title=\"Il sito internet www.chaletnata.it (il \u201cSito\u201d) \u00e8 di propriet\u00e0 di Anton Sessa di Vigo di Fassa (TN), Strada de Larcion\u00e8, 48, C.F.\">www.chaletnata.com the website (the &#8220;Site&#8221;) is owned by Anton Sessa properties in Vigo di Fassa (TN), Route de Larcion\u00e8, 48, CF <\/span><span title=\"SSSNTN69T29Z112S \u2013 info@chaletnata.com\n\">SSSNTN69T29Z112S &#8211; info@chaletnata.com<br \/>\n<\/span><span title=\"1.Condizioni\n\n\">1. Conditions<\/p>\n<p><\/span><span title=\"LA PREGHIAMO DI LEGGERE ATTENTAMENTE QUESTI TERMINI D\u2019USO PRIMA DI UTILIZZARE IL SITO.\n\n\">PLEASE READ THESE TERMS OF USE BEFORE USING THIS SITE.<\/p>\n<p><\/span><span title=\"Utilizzando il Sito, Lei esprime il suo consenso a questi termini d\u2019uso.\">By using the Site, you express your consent to these terms of use. <\/span><span title=\"La non accettazione dei presenti termini d'uso comporta l'impossibilit\u00e0 ad utilizzare il Sito. Anton Sessa si riserva il diritto di apportare in qualsiasi momento e senza preavviso modifiche e\/o aggiornamenti alle condizioni d'uso del Sito qui previste che, continuando a\">The non-acceptance of these terms of use will make it impossible to use the Site. Anton Sessa reserves the right to make at any time and without notice changes and \/ or updates to the operating conditions of the planned site here that by continuing to <\/span><span title=\"utilizzare il Sito, Lei accetta sin d'ora.\n\">use the Site, you accept right now.<br \/>\n<\/span><span title=\"2.Contenuti \u2013 Propriet\u00e0 intellettuale\n\n\">2.Contenuti &#8211; Intellectual property<\/p>\n<p><\/span><span title=\"Tutte le informazioni ei materiali, le immagini nonch\u00e9 il relativo software, i marchi, i segni distintivi e gli altri contenuti e applicazioni (esclusi i marchi e prodotti di propriet\u00e0 esclusiva) presenti sul Sito sono di propriet\u00e0 di Anton Sessa e debbono ritenersi protetti da diritti\">All information and materials, images and related software, trademarks, logos and other content and applications (excluding trademarks and proprietary products) on the Site are owned by Anton Sessa properties and should be considered protected by rights <\/span><span title=\"d'autore e\/o altri diritti di propriet\u00e0 intellettuale.\">copyright and \/ or other intellectual property rights. <\/span><span title=\"E\u2019 consentito scaricare informazioni e materiale contenuti nel Sito a scopo esclusivamente personale ed a fini non commerciali.\">And &#8216;it allowed to download information and materials contained in the Site exclusively for personal purposes and not for commercial purposes. <\/span><span title=\"Non \u00e8 invece permesso distribuire, modificare, trasmettere riutilizzare, ripubblicare sul web o comunque utilizzare in qualsiasi modo il contenuto del presente sito per fini pubblici o commerciali a meno che non siano autorizzati da Anton Sessa.\n\">It is not allowed to distribute, modify, transmit, reuse, re-post on the web or otherwise use in any way the content of this site for public or commercial purposes unless otherwise authorized by Anton Sessa.<br \/>\n<\/span><span title=\"3.Limitazioni di responsabilit\u00e0 \u2013 link \u2013 invio di informazioni e materiali\n\n\">3.Limitazioni of responsibility &#8211; links &#8211; sending information and materials<\/p>\n<p><\/span><span title=\"L\u2019utilizzo e la navigazione nel Sito avviene sotto la completa responsabilit\u00e0 dell\u2019utente.\">Your use of and browsing in the Site shall be under the full responsibility of the user. <\/span><span title=\"La Anton Sessa non potr\u00e0 essere considerato responsabile per ogni e qualsiasi danno che dovesse derivare all'utente dall'accesso o da qualsivoglia utilizzo del Sito. Anton Sessa non si assume alcuna responsabilit\u00e0 e pertanto non potr\u00e0 essere ritenuta responsabile per qualsiasi tipo di danno o virus\">The Anton Sessa can not be held responsible for any and all damages arising from any user from accessing or using the Website. Anton Sessa assumes no responsibility and can not be held responsible for any damage or viruses <\/span><span title=\"che potesse derivare al computer o ad altra propriet\u00e0 dell'utente a causa dell'accesso al Sito, della navigazione nello stesso, dall'utilizzo del materiale ivi contenuto o dallo scaricamento di materiali video e\/o audio, testi, immagini, informazioni, contenute\">which may affect a computer or other property due to access to the site, the navigation in the same, the use of the material contained herein or downloading materials video and \/ or audio, text, images, information, contained <\/span><span title=\"nel Sito. Anton Sessa non fornisce alcuna garanzia in merito all'accuratezza ed attualit\u00e0 delle informazioni e del materiale contenuto in questo Sito n\u00e9 si assume alcuna responsabilit\u00e0 in merito ad eventuali errori od omissioni ad esso relative.\">Site. Anton Sessa gives no warranty as to the accuracy and timeliness of the information and material contained in this Site and assumes no responsibility for errors or omissions relating thereto. <\/span><span title=\"Anton Sessa non si assume alcuna responsabilit\u00e0 in relazione al contenuto di altri siti a cui sia eventualmente possibile accedere dal Sito attraverso \u201clink\u201d.\">Anton Sessa assumes no liability with regard to the content of other sites to which it is possible to gain access from the Site through &#8220;links&#8221;. <\/span><span title=\"Il collegamento ad altri siti o pagine di altri siti viene pertanto effettuato sotto la responsabilit\u00e0 dell\u2019utente.\">Linking to other sites or pages of other sites it is therefore made at your own risk.<\/span><\/p>\n<p><span title=\"Anton Sessa si riserva il diritto di monitorare o visionare ogni sezione interattiva del Sito. In ogni caso, Anton Sessa non si assume nessun obbligo in tal senso e non assume nessuna responsabilit\u00e0 in merito ai contenuti di tali sezioni del Sito. In particolare, non si\">Anton Sessa reserves the right to monitor or examine any interactive area of the Site. However, Anton Sessa does not assume the obligation to do so and assumes no responsibility for the contents of these sections of the site. In particular, do not <\/span><span title=\"assume nessuna responsabilit\u00e0 in merito alla presenza di materiali introdotti da terzi in tali sezioni che possano avere un contenuto contrario alla legge, diffamatorio, osceno, offensivo, ingiurioso, falso, pornografico, blasfemo, pericoloso, inaccurato, ecc.\">it assumes no responsibility regarding the presence of materials brought by third parties in such sections that can contain content contrary to law, defamatory, obscene, offensive, abusive, false, pornographic, profane, harmful, inaccurate, etc. <\/span><span title=\"In ogni caso, all\u2019utente \u00e8 espressamente fatto divieto di postare o introdurre in tali sezioni del Sito e, pi\u00f9 in generale, in tutto il Sito, materiali del tipo sopra descritto o che comunque possa essere considerato in violazione delle leggi vigenti.\n\">In any case, the user is expressly forbidden to post or introduce in those sections of the Site and, more generally, all over the site, the materials of the type described above or that may be considered in violation of applicable laws.<br \/>\n<\/span><span title=\"4.Legge applicabile \u2013 giurisdizione \u2013 competenza\n\n\">4.Legge applicable &#8211; jurisdiction &#8211; jurisdiction<\/p>\n<p><\/span><span title=\"Le presenti condizioni d\u2019uso e l\u2019uso del Sito sono regolate dalla legge italiana.\n\n\">The present conditions of use and use of the Site are governed by Italian law.<\/p>\n<p><\/span><span title=\"Come utilizziamo i cookie\n\n\">How we use cookies<\/p>\n<p><\/span><span title=\"Per potervi fornire servizi semplici utili \u00e8 affidabili \u00e8 necessario, in alcuni casi, riporre delle piccole informazioni sul vostro dispositivo, per esempio un computer o cellulare.\">It is useful to be able to provide simple reliable services you need, in some cases, put the small information on your device, such as a computer or cell phone. <\/span><span title=\"Queste informazioni vengono immagazzinate in dei piccoli file conosciuti come cookie che non possono assolutamente essere utilizzati per identificarvi personalmente.\n\n\">This information is stored in small files known as cookies that may never be used to identify you personally.<\/p>\n<p><\/span><span title=\"Per saperne di pi\u00f9 e capire il funzionamento dei cookie e capire cosa sono vi invitiamo a visionare la pagina al link.\n\n\">To learn more and understand the operation of cookies and understand what we invite you to view the page at the link.<\/p>\n<p><\/span><span title=\"Le informazioni che raccogliamo hanno il fine di migliorare i nostri servizi web e a permettere al nostro sito web www.chaletnata.it di funzionare correttamente.\">The information we collect are intended to improve our web services and to allow our web site www.chaletnata.it to function properly. <\/span><span title=\"Alcuni esempi di come utilizziamo i cookie sono:\n\">Some examples of how we use cookies are:<br \/>\n<\/span><span title=\"1.Analizzare quante persone stanno utilizzando il nostro sito web per rendere pi\u00f9 facile l\u2019utilizzo dei servizi e delle informazioni correlate\n\">1.Analizzare how many people are using our website to make it easier to use the services and related information<br \/>\n<\/span><span title=\"2.Misurare in maniera anonima i dati statistici cos\u00ec raccolti per migliorare la modalit\u00e0 d\u2019uso del sito nei confronti dell\u2019utenza\n\n\">2. Measure anonymously statistical data collected to improve the method of use of the site towards users<\/p>\n<p><\/span><span title=\"I cookie che utilizziamo sul nostro sito internet sono cookie forniti da terzi e risiedono negli strumenti Internet di societ\u00e0 diverse dal nostro sito come ad esempio Google, proprietaria di cookie controllati dalla stessa.\n\n\">The cookies we use cookies on our website are provided by third parties located outside of the Internet tools of different companies from our site such as Google, which owns cookie controlled by the same.<\/p>\n<p><\/span><span title=\"Per eliminare i cookie che possede in questo momento o modificarne la modalit\u00e0 di fruizione vi invitiamo a leggere la pagina sull\u2019Informativa estesa sull\u2019uso dei cookie.\n\n\">To delete the cookies that possesses at this time or changing its mode of use invite you to read the extended Disclosure page on the use of cookies.<\/p>\n<p><\/span><span title=\"* L\u2019eliminazione dei cookie o la disattivazione di futuri cookie potrebbe inficiare la possibilit\u00e0 di accedere a determinate pagine o ad alcune funzionalit\u00e0 del nostro sito internet.\">* The elimination of cookies or disabling future cookies may affect the ability to access certain pages or certain functionality of our website.<\/span><\/p>\n","protected":false},"excerpt":{"rendered":"<p>Terms of use www.chaletnata.com the website (the &#8220;Site&#8221;) is owned by Anton Sessa properties in Vigo di Fassa (TN), Route de Larcion\u00e8, 48, CF SSSNTN69T29Z112S &#8211; info@chaletnata.com 1. Conditions PLEASE READ THESE TERMS OF USE BEFORE USING THIS SITE. By using the Site, you express your consent to these terms of use. The non-acceptance of[&#8230;]<\/p>\n","protected":false},"author":1,"featured_media":0,"parent":0,"menu_order":0,"comment_status":"open","ping_status":"open","template":"","meta":{"footnotes":""},"class_list":["post-4489","page","type-page","status-publish","hentry"],"yoast_head":"<!-- This site is optimized with the Yoast SEO plugin v26.9 - https:\/\/yoast.com\/product\/yoast-seo-wordpress\/ -->\n<title>Terms of use - Chalet Nata<\/title>\n<meta name=\"robots\" content=\"index, follow, max-snippet:-1, max-image-preview:large, max-video-preview:-1\" \/>\n<link rel=\"canonical\" href=\"https:\/\/www.chaletnata.com\/en\/condizioni-duso\/\" \/>\n<meta property=\"og:locale\" content=\"en_US\" \/>\n<meta property=\"og:type\" content=\"article\" \/>\n<meta property=\"og:title\" content=\"Terms of use - Chalet Nata\" \/>\n<meta property=\"og:description\" content=\"Terms of use www.chaletnata.com the website (the &#8220;Site&#8221;) is owned by Anton Sessa properties in Vigo di Fassa (TN), Route de Larcion\u00e8, 48, CF SSSNTN69T29Z112S &#8211; info@chaletnata.com 1. Conditions PLEASE READ THESE TERMS OF USE BEFORE USING THIS SITE. By using the Site, you express your consent to these terms of use. The non-acceptance of[...]\" \/>\n<meta property=\"og:url\" content=\"https:\/\/www.chaletnata.com\/en\/condizioni-duso\/\" \/>\n<meta property=\"og:site_name\" content=\"Chalet Nata\" \/>\n<meta property=\"article:modified_time\" content=\"2016-11-15T16:57:48+00:00\" \/>\n<meta name=\"twitter:card\" content=\"summary_large_image\" \/>\n<meta name=\"twitter:label1\" content=\"Est. reading time\" \/>\n\t<meta name=\"twitter:data1\" content=\"4 minutes\" \/>\n<script type=\"application\/ld+json\" class=\"yoast-schema-graph\">{\"@context\":\"https:\/\/schema.org\",\"@graph\":[{\"@type\":\"WebPage\",\"@id\":\"https:\/\/www.chaletnata.com\/en\/condizioni-duso\/\",\"url\":\"https:\/\/www.chaletnata.com\/en\/condizioni-duso\/\",\"name\":\"Terms of use - Chalet Nata\",\"isPartOf\":{\"@id\":\"https:\/\/www.chaletnata.com\/en\/#website\"},\"datePublished\":\"2015-05-26T08:09:29+00:00\",\"dateModified\":\"2016-11-15T16:57:48+00:00\",\"breadcrumb\":{\"@id\":\"https:\/\/www.chaletnata.com\/en\/condizioni-duso\/#breadcrumb\"},\"inLanguage\":\"en-US\",\"potentialAction\":[{\"@type\":\"ReadAction\",\"target\":[\"https:\/\/www.chaletnata.com\/en\/condizioni-duso\/\"]}]},{\"@type\":\"BreadcrumbList\",\"@id\":\"https:\/\/www.chaletnata.com\/en\/condizioni-duso\/#breadcrumb\",\"itemListElement\":[{\"@type\":\"ListItem\",\"position\":1,\"name\":\"Home\",\"item\":\"https:\/\/www.chaletnata.com\/en\/\"},{\"@type\":\"ListItem\",\"position\":2,\"name\":\"Terms of use\"}]},{\"@type\":\"WebSite\",\"@id\":\"https:\/\/www.chaletnata.com\/en\/#website\",\"url\":\"https:\/\/www.chaletnata.com\/en\/\",\"name\":\"Chalet Nata\",\"description\":\"Appartamenti Turistici in Val di Fassa - Apartmens Dolomites - Ferienwhonung Dolomiten\",\"potentialAction\":[{\"@type\":\"SearchAction\",\"target\":{\"@type\":\"EntryPoint\",\"urlTemplate\":\"https:\/\/www.chaletnata.com\/en\/?s={search_term_string}\"},\"query-input\":{\"@type\":\"PropertyValueSpecification\",\"valueRequired\":true,\"valueName\":\"search_term_string\"}}],\"inLanguage\":\"en-US\"}]}<\/script>\n<!-- \/ Yoast SEO plugin. -->","yoast_head_json":{"title":"Terms of use - Chalet Nata","robots":{"index":"index","follow":"follow","max-snippet":"max-snippet:-1","max-image-preview":"max-image-preview:large","max-video-preview":"max-video-preview:-1"},"canonical":"https:\/\/www.chaletnata.com\/en\/condizioni-duso\/","og_locale":"en_US","og_type":"article","og_title":"Terms of use - Chalet Nata","og_description":"Terms of use www.chaletnata.com the website (the &#8220;Site&#8221;) is owned by Anton Sessa properties in Vigo di Fassa (TN), Route de Larcion\u00e8, 48, CF SSSNTN69T29Z112S &#8211; info@chaletnata.com 1. Conditions PLEASE READ THESE TERMS OF USE BEFORE USING THIS SITE. By using the Site, you express your consent to these terms of use. The non-acceptance of[...]","og_url":"https:\/\/www.chaletnata.com\/en\/condizioni-duso\/","og_site_name":"Chalet Nata","article_modified_time":"2016-11-15T16:57:48+00:00","twitter_card":"summary_large_image","twitter_misc":{"Est. reading time":"4 minutes"},"schema":{"@context":"https:\/\/schema.org","@graph":[{"@type":"WebPage","@id":"https:\/\/www.chaletnata.com\/en\/condizioni-duso\/","url":"https:\/\/www.chaletnata.com\/en\/condizioni-duso\/","name":"Terms of use - Chalet Nata","isPartOf":{"@id":"https:\/\/www.chaletnata.com\/en\/#website"},"datePublished":"2015-05-26T08:09:29+00:00","dateModified":"2016-11-15T16:57:48+00:00","breadcrumb":{"@id":"https:\/\/www.chaletnata.com\/en\/condizioni-duso\/#breadcrumb"},"inLanguage":"en-US","potentialAction":[{"@type":"ReadAction","target":["https:\/\/www.chaletnata.com\/en\/condizioni-duso\/"]}]},{"@type":"BreadcrumbList","@id":"https:\/\/www.chaletnata.com\/en\/condizioni-duso\/#breadcrumb","itemListElement":[{"@type":"ListItem","position":1,"name":"Home","item":"https:\/\/www.chaletnata.com\/en\/"},{"@type":"ListItem","position":2,"name":"Terms of use"}]},{"@type":"WebSite","@id":"https:\/\/www.chaletnata.com\/en\/#website","url":"https:\/\/www.chaletnata.com\/en\/","name":"Chalet Nata","description":"Appartamenti Turistici in Val di Fassa - Apartmens Dolomites - Ferienwhonung Dolomiten","potentialAction":[{"@type":"SearchAction","target":{"@type":"EntryPoint","urlTemplate":"https:\/\/www.chaletnata.com\/en\/?s={search_term_string}"},"query-input":{"@type":"PropertyValueSpecification","valueRequired":true,"valueName":"search_term_string"}}],"inLanguage":"en-US"}]}},"_links":{"self":[{"href":"https:\/\/www.chaletnata.com\/en\/wp-json\/wp\/v2\/pages\/4489\/"}],"collection":[{"href":"https:\/\/www.chaletnata.com\/en\/wp-json\/wp\/v2\/pages\/"}],"about":[{"href":"https:\/\/www.chaletnata.com\/en\/wp-json\/wp\/v2\/types\/page\/"}],"author":[{"embeddable":true,"href":"https:\/\/www.chaletnata.com\/en\/wp-json\/wp\/v2\/users\/1\/"}],"replies":[{"embeddable":true,"href":"https:\/\/www.chaletnata.com\/en\/wp-json\/wp\/v2\/comments\/?post=4489"}],"version-history":[{"count":2,"href":"https:\/\/www.chaletnata.com\/en\/wp-json\/wp\/v2\/pages\/4489\/revisions\/"}],"predecessor-version":[{"id":4523,"href":"https:\/\/www.chaletnata.com\/en\/wp-json\/wp\/v2\/pages\/4489\/revisions\/4523\/"}],"wp:attachment":[{"href":"https:\/\/www.chaletnata.com\/en\/wp-json\/wp\/v2\/media\/?parent=4489"}],"curies":[{"name":"wp","href":"https:\/\/api.w.org\/{rel}","templated":true}]}}