{"id":5413,"date":"2013-02-24T17:27:06","date_gmt":"2013-02-24T16:27:06","guid":{"rendered":"https:\/\/www.chaletnata.com\/apartments\/vialattea\/"},"modified":"2022-01-23T20:08:02","modified_gmt":"2022-01-23T19:08:02","slug":"vialattea","status":"publish","type":"page","link":"https:\/\/www.chaletnata.com\/de\/apartments\/vialattea\/","title":{"rendered":"Via Lattea &#8211; Milchstra\u00dfe"},"content":{"rendered":"<p>[vc_row][vc_column][vc_column_text]Aus der Dachgaube (es befindet sich tats\u00e4chlich im Dachgeschoss, wo sich die Wohnung befindet) sehen Sie in den klarsten Nachtstunden einen fantastischen Himmel und sofort erscheint klar die Milchstra\u00dfe, wie Sie sie noch nie gesehen haben. Die Wohnung ist klein, aber fein, mit einem Schlafzimmer, einem Wohnzimmer\/K\u00fcche und einem Badezimmer mit Dusche.<\/p>\n<p>Auch hier fehlt es nicht an der gleichen Ausstattung wie in den anderen beiden Wohnungen: Glaskeramikherd, Backofen, Geschirrsp\u00fcler, Mikrowelle, Nespresso-Kaffeemaschine (mit von uns angebotenen Kapseln) und nat\u00fcrlich ein K\u00fchlschrank mit Gefrierfach. Die Bankecke, der Fernseher und der Internetanschluss (sowohl WLAN als auch Kabel). Die Wohnung ist ideal f\u00fcr 2 Personen, ja sogar f\u00fcr zwei Romantiker. Die Nutzung des darunter liegenden ausgestatteten Gartens sowie eines PKW-Stellplatzes ist ebenfalls der Wohnung vorbehalten.[\/vc_column_text][vc_masonry_media_grid grid_id=&#8220;vc_gid:1642964847704-5e2db146-1657-8&#8243; include=&#8220;5279,5273,5294,5251,5245,5282,5248,5291,5288,5285,5276,5301,5257,5270,5233&#8243;][\/vc_column][\/vc_row]<\/p>\n","protected":false},"excerpt":{"rendered":"<p>[vc_row][vc_column][vc_column_text]Aus der Dachgaube (es befindet sich tats\u00e4chlich im Dachgeschoss, wo sich die Wohnung befindet) sehen Sie in den klarsten Nachtstunden einen fantastischen Himmel und sofort erscheint klar die Milchstra\u00dfe, wie Sie sie noch nie gesehen haben. Die Wohnung ist klein, aber fein, mit einem Schlafzimmer, einem Wohnzimmer\/K\u00fcche und einem Badezimmer mit Dusche. Auch hier fehlt[&#8230;]<\/p>\n","protected":false},"author":1,"featured_media":0,"parent":4463,"menu_order":0,"comment_status":"open","ping_status":"closed","template":"","meta":{"footnotes":""},"class_list":["post-5413","page","type-page","status-publish","hentry"],"yoast_head":"<!-- This site is optimized with the Yoast SEO plugin v26.9 - https:\/\/yoast.com\/product\/yoast-seo-wordpress\/ -->\n<title>Via Lattea - Milchstra\u00dfe - Chalet Nata<\/title>\n<meta name=\"description\" content=\"Appartamento Via Lattea\" \/>\n<meta name=\"robots\" content=\"index, follow, max-snippet:-1, max-image-preview:large, max-video-preview:-1\" \/>\n<link rel=\"canonical\" href=\"https:\/\/www.chaletnata.com\/de\/apartments\/vialattea\/\" \/>\n<meta property=\"og:locale\" content=\"de_DE\" \/>\n<meta property=\"og:type\" content=\"article\" \/>\n<meta property=\"og:title\" content=\"Via Lattea - Milchstra\u00dfe - Chalet Nata\" \/>\n<meta property=\"og:description\" content=\"Appartamento Via Lattea\" \/>\n<meta property=\"og:url\" content=\"https:\/\/www.chaletnata.com\/de\/apartments\/vialattea\/\" \/>\n<meta property=\"og:site_name\" content=\"Chalet Nata\" \/>\n<meta property=\"article:modified_time\" content=\"2022-01-23T19:08:02+00:00\" \/>\n<meta name=\"twitter:card\" content=\"summary_large_image\" \/>\n<meta name=\"twitter:label1\" content=\"Gesch\u00e4tzte Lesezeit\" \/>\n\t<meta name=\"twitter:data1\" content=\"1\u00a0Minute\" \/>\n<script type=\"application\/ld+json\" class=\"yoast-schema-graph\">{\"@context\":\"https:\/\/schema.org\",\"@graph\":[{\"@type\":\"WebPage\",\"@id\":\"https:\/\/www.chaletnata.com\/de\/apartments\/vialattea\/\",\"url\":\"https:\/\/www.chaletnata.com\/de\/apartments\/vialattea\/\",\"name\":\"Via Lattea - Milchstra\u00dfe - Chalet Nata\",\"isPartOf\":{\"@id\":\"https:\/\/www.chaletnata.com\/en\/#website\"},\"datePublished\":\"2013-02-24T16:27:06+00:00\",\"dateModified\":\"2022-01-23T19:08:02+00:00\",\"description\":\"Appartamento Via Lattea\",\"breadcrumb\":{\"@id\":\"https:\/\/www.chaletnata.com\/de\/apartments\/vialattea\/#breadcrumb\"},\"inLanguage\":\"de\",\"potentialAction\":[{\"@type\":\"ReadAction\",\"target\":[\"https:\/\/www.chaletnata.com\/de\/apartments\/vialattea\/\"]}]},{\"@type\":\"BreadcrumbList\",\"@id\":\"https:\/\/www.chaletnata.com\/de\/apartments\/vialattea\/#breadcrumb\",\"itemListElement\":[{\"@type\":\"ListItem\",\"position\":1,\"name\":\"Home\",\"item\":\"https:\/\/www.chaletnata.com\/de\/\"},{\"@type\":\"ListItem\",\"position\":2,\"name\":\"Apartments\",\"item\":\"https:\/\/www.chaletnata.com\/de\/apartments\/\"},{\"@type\":\"ListItem\",\"position\":3,\"name\":\"Via Lattea &#8211; Milchstra\u00dfe\"}]},{\"@type\":\"WebSite\",\"@id\":\"https:\/\/www.chaletnata.com\/en\/#website\",\"url\":\"https:\/\/www.chaletnata.com\/en\/\",\"name\":\"Chalet Nata\",\"description\":\"Appartamenti Turistici in Val di Fassa - Apartmens Dolomites - Ferienwhonung Dolomiten\",\"potentialAction\":[{\"@type\":\"SearchAction\",\"target\":{\"@type\":\"EntryPoint\",\"urlTemplate\":\"https:\/\/www.chaletnata.com\/en\/?s={search_term_string}\"},\"query-input\":{\"@type\":\"PropertyValueSpecification\",\"valueRequired\":true,\"valueName\":\"search_term_string\"}}],\"inLanguage\":\"de\"}]}<\/script>\n<!-- \/ Yoast SEO plugin. -->","yoast_head_json":{"title":"Via Lattea - Milchstra\u00dfe - Chalet Nata","description":"Appartamento Via Lattea","robots":{"index":"index","follow":"follow","max-snippet":"max-snippet:-1","max-image-preview":"max-image-preview:large","max-video-preview":"max-video-preview:-1"},"canonical":"https:\/\/www.chaletnata.com\/de\/apartments\/vialattea\/","og_locale":"de_DE","og_type":"article","og_title":"Via Lattea - Milchstra\u00dfe - Chalet Nata","og_description":"Appartamento Via Lattea","og_url":"https:\/\/www.chaletnata.com\/de\/apartments\/vialattea\/","og_site_name":"Chalet Nata","article_modified_time":"2022-01-23T19:08:02+00:00","twitter_card":"summary_large_image","twitter_misc":{"Gesch\u00e4tzte Lesezeit":"1\u00a0Minute"},"schema":{"@context":"https:\/\/schema.org","@graph":[{"@type":"WebPage","@id":"https:\/\/www.chaletnata.com\/de\/apartments\/vialattea\/","url":"https:\/\/www.chaletnata.com\/de\/apartments\/vialattea\/","name":"Via Lattea - Milchstra\u00dfe - Chalet Nata","isPartOf":{"@id":"https:\/\/www.chaletnata.com\/en\/#website"},"datePublished":"2013-02-24T16:27:06+00:00","dateModified":"2022-01-23T19:08:02+00:00","description":"Appartamento Via Lattea","breadcrumb":{"@id":"https:\/\/www.chaletnata.com\/de\/apartments\/vialattea\/#breadcrumb"},"inLanguage":"de","potentialAction":[{"@type":"ReadAction","target":["https:\/\/www.chaletnata.com\/de\/apartments\/vialattea\/"]}]},{"@type":"BreadcrumbList","@id":"https:\/\/www.chaletnata.com\/de\/apartments\/vialattea\/#breadcrumb","itemListElement":[{"@type":"ListItem","position":1,"name":"Home","item":"https:\/\/www.chaletnata.com\/de\/"},{"@type":"ListItem","position":2,"name":"Apartments","item":"https:\/\/www.chaletnata.com\/de\/apartments\/"},{"@type":"ListItem","position":3,"name":"Via Lattea &#8211; Milchstra\u00dfe"}]},{"@type":"WebSite","@id":"https:\/\/www.chaletnata.com\/en\/#website","url":"https:\/\/www.chaletnata.com\/en\/","name":"Chalet Nata","description":"Appartamenti Turistici in Val di Fassa - Apartmens Dolomites - Ferienwhonung Dolomiten","potentialAction":[{"@type":"SearchAction","target":{"@type":"EntryPoint","urlTemplate":"https:\/\/www.chaletnata.com\/en\/?s={search_term_string}"},"query-input":{"@type":"PropertyValueSpecification","valueRequired":true,"valueName":"search_term_string"}}],"inLanguage":"de"}]}},"_links":{"self":[{"href":"https:\/\/www.chaletnata.com\/de\/wp-json\/wp\/v2\/pages\/5413\/"}],"collection":[{"href":"https:\/\/www.chaletnata.com\/de\/wp-json\/wp\/v2\/pages\/"}],"about":[{"href":"https:\/\/www.chaletnata.com\/de\/wp-json\/wp\/v2\/types\/page\/"}],"author":[{"embeddable":true,"href":"https:\/\/www.chaletnata.com\/de\/wp-json\/wp\/v2\/users\/1\/"}],"replies":[{"embeddable":true,"href":"https:\/\/www.chaletnata.com\/de\/wp-json\/wp\/v2\/comments\/?post=5413"}],"version-history":[{"count":3,"href":"https:\/\/www.chaletnata.com\/de\/wp-json\/wp\/v2\/pages\/5413\/revisions\/"}],"predecessor-version":[{"id":5418,"href":"https:\/\/www.chaletnata.com\/de\/wp-json\/wp\/v2\/pages\/5413\/revisions\/5418\/"}],"up":[{"embeddable":true,"href":"https:\/\/www.chaletnata.com\/de\/wp-json\/wp\/v2\/pages\/4463\/"}],"wp:attachment":[{"href":"https:\/\/www.chaletnata.com\/de\/wp-json\/wp\/v2\/media\/?parent=5413"}],"curies":[{"name":"wp","href":"https:\/\/api.w.org\/{rel}","templated":true}]}}