{"id":4503,"date":"2013-02-25T16:27:29","date_gmt":"2013-02-25T15:27:29","guid":{"rendered":"http:\/\/www.chaletnata.com\/val-di-fassa\/val-di-fassa-in-estate\/?lang=de"},"modified":"2016-11-17T13:45:53","modified_gmt":"2016-11-17T12:45:53","slug":"fassatal-im-sommer","status":"publish","type":"page","link":"https:\/\/www.chaletnata.com\/de\/fassatal\/fassatal-im-sommer\/","title":{"rendered":"Fassatal im Sommer"},"content":{"rendered":"<p>[vc_row][vc_column][vc_column_text]<\/p>\n<h3 class=\"testosottotitolo\">Wer das Fassatal noch nie im Sommer erlebt hat, hat noch nie echte Leidenschaft erlebt.<\/h3>\n<p>Diese Leidenschaft f\u00fcr das Tal wird ganz intensiv, wenn man die bl\u00fchenden Wiesen im Juni oder im Sommer die leuchtenden Farben der Natur voller Leben und Liebe beobachtet.<br \/>\nTief ergriffen ist man beim Beobachten der unglaublichen Farben des Sonnenuntergangs, wenn die Bergspitzen rot erscheinen und der Himmel rein und unendlich ist.<br \/>\nSie werden nicht still stehen k\u00f6nnen und die Lust jede Ecke des Tals \u00fcber mehr oder weniger schwere Wanderwege zu entdecken, wird fast unkontrollierbar.<br \/>\nSie werden sich wie ein Kind f\u00fchlen, das entdecken, Spa\u00df haben und spielen will. Sie werden befriedigt nach Hause zur\u00fcck kommen. Ihre Augen werden gl\u00e4nzen vor Freude \u00fcber das, was Sie w\u00e4hrend Ihrer Tagestour gesehen haben und<br \/>\nSie werden sich darauf freuen bei Sonnenaufgang mit neuer Kraft und Lust\u00a0 neue Abenteuer zu erleben. Das ist die sommerliche Leidenschaft, die Sie mitrei\u00dfen wird.<\/p>\n<p>Copyright <a title=\"Anton Sessa\" href=\"http:\/\/www.antonsessa.com\" target=\"_blank\">Anton Sessa<\/a> by <a title=\"DolomitiPic\" href=\"http:\/\/www.dolomitipic.it\" target=\"_blank\">www.dolomitipic.it<\/a>[\/vc_column_text][\/vc_column][\/vc_row][vc_row][vc_column][vc_masonry_media_grid element_width=&#8220;3&#8243; grid_id=&#8220;vc_gid:1479388356566-9723c3ba-0913-8&#8243; include=&#8220;4187,4188,4189,4190,4191,4192,4193,4194,4195,4196,4197,4198&#8243;][\/vc_column][\/vc_row]<\/p>\n","protected":false},"excerpt":{"rendered":"<p>[vc_row][vc_column][vc_column_text] Wer das Fassatal noch nie im Sommer erlebt hat, hat noch nie echte Leidenschaft erlebt. Diese Leidenschaft f\u00fcr das Tal wird ganz intensiv, wenn man die bl\u00fchenden Wiesen im Juni oder im Sommer die leuchtenden Farben der Natur voller Leben und Liebe beobachtet. Tief ergriffen ist man beim Beobachten der unglaublichen Farben des Sonnenuntergangs,[&#8230;]<\/p>\n","protected":false},"author":1,"featured_media":0,"parent":4239,"menu_order":0,"comment_status":"open","ping_status":"open","template":"","meta":{"footnotes":""},"class_list":["post-4503","page","type-page","status-publish","hentry"],"yoast_head":"<!-- This site is optimized with the Yoast SEO plugin v26.9 - https:\/\/yoast.com\/product\/yoast-seo-wordpress\/ -->\n<title>La Val di Fassa in Estate al Chalet Nata tra le Dolomiti<\/title>\n<meta name=\"description\" content=\"la Val di Fassa in estate al Chalet Nata in appartamento per godersi passeggiate, escursioni oppure semplice Relax nel nostro grande giardino Dolomiti\" \/>\n<meta name=\"robots\" content=\"index, follow, max-snippet:-1, max-image-preview:large, max-video-preview:-1\" \/>\n<link rel=\"canonical\" href=\"https:\/\/www.chaletnata.com\/de\/fassatal\/fassatal-im-sommer\/\" \/>\n<meta property=\"og:locale\" content=\"de_DE\" \/>\n<meta property=\"og:type\" content=\"article\" \/>\n<meta property=\"og:title\" content=\"La Val di Fassa in Estate al Chalet Nata tra le Dolomiti\" \/>\n<meta property=\"og:description\" content=\"la Val di Fassa in estate al Chalet Nata in appartamento per godersi passeggiate, escursioni oppure semplice Relax nel nostro grande giardino Dolomiti\" \/>\n<meta property=\"og:url\" content=\"https:\/\/www.chaletnata.com\/de\/fassatal\/fassatal-im-sommer\/\" \/>\n<meta property=\"og:site_name\" content=\"Chalet Nata\" \/>\n<meta property=\"article:modified_time\" content=\"2016-11-17T12:45:53+00:00\" \/>\n<meta name=\"twitter:card\" content=\"summary_large_image\" \/>\n<meta name=\"twitter:label1\" content=\"Gesch\u00e4tzte Lesezeit\" \/>\n\t<meta name=\"twitter:data1\" content=\"1\u00a0Minute\" \/>\n<script type=\"application\/ld+json\" class=\"yoast-schema-graph\">{\"@context\":\"https:\/\/schema.org\",\"@graph\":[{\"@type\":\"WebPage\",\"@id\":\"https:\/\/www.chaletnata.com\/de\/fassatal\/fassatal-im-sommer\/\",\"url\":\"https:\/\/www.chaletnata.com\/de\/fassatal\/fassatal-im-sommer\/\",\"name\":\"La Val di Fassa in Estate al Chalet Nata tra le Dolomiti\",\"isPartOf\":{\"@id\":\"https:\/\/www.chaletnata.com\/en\/#website\"},\"datePublished\":\"2013-02-25T15:27:29+00:00\",\"dateModified\":\"2016-11-17T12:45:53+00:00\",\"description\":\"la Val di Fassa in estate al Chalet Nata in appartamento per godersi passeggiate, escursioni oppure semplice Relax nel nostro grande giardino Dolomiti\",\"breadcrumb\":{\"@id\":\"https:\/\/www.chaletnata.com\/de\/fassatal\/fassatal-im-sommer\/#breadcrumb\"},\"inLanguage\":\"de\",\"potentialAction\":[{\"@type\":\"ReadAction\",\"target\":[\"https:\/\/www.chaletnata.com\/de\/fassatal\/fassatal-im-sommer\/\"]}]},{\"@type\":\"BreadcrumbList\",\"@id\":\"https:\/\/www.chaletnata.com\/de\/fassatal\/fassatal-im-sommer\/#breadcrumb\",\"itemListElement\":[{\"@type\":\"ListItem\",\"position\":1,\"name\":\"Home\",\"item\":\"https:\/\/www.chaletnata.com\/de\/\"},{\"@type\":\"ListItem\",\"position\":2,\"name\":\"Fassatal\",\"item\":\"https:\/\/www.chaletnata.com\/de\/fassatal\/\"},{\"@type\":\"ListItem\",\"position\":3,\"name\":\"Fassatal im Sommer\"}]},{\"@type\":\"WebSite\",\"@id\":\"https:\/\/www.chaletnata.com\/en\/#website\",\"url\":\"https:\/\/www.chaletnata.com\/en\/\",\"name\":\"Chalet Nata\",\"description\":\"Appartamenti Turistici in Val di Fassa - Apartmens Dolomites - Ferienwhonung Dolomiten\",\"potentialAction\":[{\"@type\":\"SearchAction\",\"target\":{\"@type\":\"EntryPoint\",\"urlTemplate\":\"https:\/\/www.chaletnata.com\/en\/?s={search_term_string}\"},\"query-input\":{\"@type\":\"PropertyValueSpecification\",\"valueRequired\":true,\"valueName\":\"search_term_string\"}}],\"inLanguage\":\"de\"}]}<\/script>\n<!-- \/ Yoast SEO plugin. -->","yoast_head_json":{"title":"La Val di Fassa in Estate al Chalet Nata tra le Dolomiti","description":"la Val di Fassa in estate al Chalet Nata in appartamento per godersi passeggiate, escursioni oppure semplice Relax nel nostro grande giardino Dolomiti","robots":{"index":"index","follow":"follow","max-snippet":"max-snippet:-1","max-image-preview":"max-image-preview:large","max-video-preview":"max-video-preview:-1"},"canonical":"https:\/\/www.chaletnata.com\/de\/fassatal\/fassatal-im-sommer\/","og_locale":"de_DE","og_type":"article","og_title":"La Val di Fassa in Estate al Chalet Nata tra le Dolomiti","og_description":"la Val di Fassa in estate al Chalet Nata in appartamento per godersi passeggiate, escursioni oppure semplice Relax nel nostro grande giardino Dolomiti","og_url":"https:\/\/www.chaletnata.com\/de\/fassatal\/fassatal-im-sommer\/","og_site_name":"Chalet Nata","article_modified_time":"2016-11-17T12:45:53+00:00","twitter_card":"summary_large_image","twitter_misc":{"Gesch\u00e4tzte Lesezeit":"1\u00a0Minute"},"schema":{"@context":"https:\/\/schema.org","@graph":[{"@type":"WebPage","@id":"https:\/\/www.chaletnata.com\/de\/fassatal\/fassatal-im-sommer\/","url":"https:\/\/www.chaletnata.com\/de\/fassatal\/fassatal-im-sommer\/","name":"La Val di Fassa in Estate al Chalet Nata tra le Dolomiti","isPartOf":{"@id":"https:\/\/www.chaletnata.com\/en\/#website"},"datePublished":"2013-02-25T15:27:29+00:00","dateModified":"2016-11-17T12:45:53+00:00","description":"la Val di Fassa in estate al Chalet Nata in appartamento per godersi passeggiate, escursioni oppure semplice Relax nel nostro grande giardino Dolomiti","breadcrumb":{"@id":"https:\/\/www.chaletnata.com\/de\/fassatal\/fassatal-im-sommer\/#breadcrumb"},"inLanguage":"de","potentialAction":[{"@type":"ReadAction","target":["https:\/\/www.chaletnata.com\/de\/fassatal\/fassatal-im-sommer\/"]}]},{"@type":"BreadcrumbList","@id":"https:\/\/www.chaletnata.com\/de\/fassatal\/fassatal-im-sommer\/#breadcrumb","itemListElement":[{"@type":"ListItem","position":1,"name":"Home","item":"https:\/\/www.chaletnata.com\/de\/"},{"@type":"ListItem","position":2,"name":"Fassatal","item":"https:\/\/www.chaletnata.com\/de\/fassatal\/"},{"@type":"ListItem","position":3,"name":"Fassatal im Sommer"}]},{"@type":"WebSite","@id":"https:\/\/www.chaletnata.com\/en\/#website","url":"https:\/\/www.chaletnata.com\/en\/","name":"Chalet Nata","description":"Appartamenti Turistici in Val di Fassa - Apartmens Dolomites - Ferienwhonung Dolomiten","potentialAction":[{"@type":"SearchAction","target":{"@type":"EntryPoint","urlTemplate":"https:\/\/www.chaletnata.com\/en\/?s={search_term_string}"},"query-input":{"@type":"PropertyValueSpecification","valueRequired":true,"valueName":"search_term_string"}}],"inLanguage":"de"}]}},"_links":{"self":[{"href":"https:\/\/www.chaletnata.com\/de\/wp-json\/wp\/v2\/pages\/4503\/"}],"collection":[{"href":"https:\/\/www.chaletnata.com\/de\/wp-json\/wp\/v2\/pages\/"}],"about":[{"href":"https:\/\/www.chaletnata.com\/de\/wp-json\/wp\/v2\/types\/page\/"}],"author":[{"embeddable":true,"href":"https:\/\/www.chaletnata.com\/de\/wp-json\/wp\/v2\/users\/1\/"}],"replies":[{"embeddable":true,"href":"https:\/\/www.chaletnata.com\/de\/wp-json\/wp\/v2\/comments\/?post=4503"}],"version-history":[{"count":2,"href":"https:\/\/www.chaletnata.com\/de\/wp-json\/wp\/v2\/pages\/4503\/revisions\/"}],"predecessor-version":[{"id":4663,"href":"https:\/\/www.chaletnata.com\/de\/wp-json\/wp\/v2\/pages\/4503\/revisions\/4663\/"}],"up":[{"embeddable":true,"href":"https:\/\/www.chaletnata.com\/de\/wp-json\/wp\/v2\/pages\/4239\/"}],"wp:attachment":[{"href":"https:\/\/www.chaletnata.com\/de\/wp-json\/wp\/v2\/media\/?parent=4503"}],"curies":[{"name":"wp","href":"https:\/\/api.w.org\/{rel}","templated":true}]}}