{"id":4499,"date":"2013-02-25T16:50:52","date_gmt":"2013-02-25T15:50:52","guid":{"rendered":"http:\/\/www.chaletnata.com\/val-di-fassa\/val-di-fassa-in-inverno\/?lang=de"},"modified":"2016-11-17T14:08:07","modified_gmt":"2016-11-17T13:08:07","slug":"fassatal-im-winter","status":"publish","type":"page","link":"https:\/\/www.chaletnata.com\/de\/fassatal\/fassatal-im-winter\/","title":{"rendered":"Fassatal im Winter"},"content":{"rendered":"<p>[vc_row][vc_column][vc_column_text]<\/p>\n<h2>Es ist fast unm\u00f6glich, den Winterzauber im Fassatal zu beschreiben. Die\u00a0 Sch\u00f6nheit, die Gef\u00fchle, der Schnee und die Landschaft, die man \u00fcber Fotos und Geschichten zeigt, spiegeln nur einen Bruchteil der Gef\u00fchle wieder, die man im Fassatal empfindet.<\/h2>\n<p>Ski begeisterten stehen hunderte Pistenkilometer in den zehn Skigebieten im Tal und angrenzend zur Verf\u00fcgung. Vigo di Fassa ist daher der ideale Ausgangspunkt zum Genie\u00dfen des angrenzenden Skigebiets Catinaccio, aber auch zum Entdecken der anderen Skigebiete im Fassatal.<\/p>\n<p>Besuchen Sie auch die Webseite <a href=\"http:\/\/www.fassaski.com\/de\" target=\"_blank\">www.fassaski.com<\/a>, um eine Gesamt\u00fcbersicht \u00fcber die Skigebiete im Fassatal zu bekommen. Aber auch, wenn Sie nicht zum Skifahren kommen und nur den Schneefall, einen Spaziergang im frischen Schnee, zauberhafte Weihnachten im Fassatal, die reine, frische Luft oder ganz einfach die Erholung genie\u00dfen wollen, ist der Zauber immer der gleiche. Es ist ein Zauber, den Ihnen nur das Fassatal zu schenken vermag.<\/p>\n<p>Copyright <a title=\"Anton Sessa\" href=\"http:\/\/www.antonsessa.com\" target=\"_blank\">Anton Sessa<\/a> by <a title=\"DolomitiPic\" href=\"http:\/\/www.dolomitipic.it\" target=\"_blank\">www.dolomitipic.it<\/a>[\/vc_column_text][\/vc_column][\/vc_row][vc_row][vc_column][vc_masonry_media_grid element_width=&#8220;3&#8243; grid_id=&#8220;vc_gid:1479389091149-1b013842-f7ca-9&#8243; include=&#8220;4169,4170,4172,4173,4174,4175,4177,4178,4179,4180,4181,4182&#8243;][\/vc_column][\/vc_row][vc_row][vc_column][vc_column_text]<\/p>\n<h2>Alle Skipisten in Fassatal auf Fassaski!<\/h2>\n<p><a href=\"http:\/\/www.fassaski.com\" target=\"_blank\"><img loading=\"lazy\" decoding=\"async\" class=\"aligncenter wp-image-4183 size-full\" src=\"http:\/\/www.chaletnata.com\/wp-content\/uploads\/2013\/02\/nuovo-banner-FassaSki-1440.jpg\" alt=\"nuovo-banner-fassaski-1440\" width=\"1440\" height=\"430\" srcset=\"https:\/\/www.chaletnata.com\/wp-content\/uploads\/2013\/02\/nuovo-banner-FassaSki-1440.jpg 1440w, https:\/\/www.chaletnata.com\/wp-content\/uploads\/2013\/02\/nuovo-banner-FassaSki-1440-300x90.jpg 300w, https:\/\/www.chaletnata.com\/wp-content\/uploads\/2013\/02\/nuovo-banner-FassaSki-1440-768x229.jpg 768w, https:\/\/www.chaletnata.com\/wp-content\/uploads\/2013\/02\/nuovo-banner-FassaSki-1440-1024x306.jpg 1024w, https:\/\/www.chaletnata.com\/wp-content\/uploads\/2013\/02\/nuovo-banner-FassaSki-1440-567x169.jpg 567w, https:\/\/www.chaletnata.com\/wp-content\/uploads\/2013\/02\/nuovo-banner-FassaSki-1440-1140x340.jpg 1140w\" sizes=\"auto, (max-width: 1440px) 100vw, 1440px\" \/><\/a>[\/vc_column_text][\/vc_column][\/vc_row]<\/p>\n","protected":false},"excerpt":{"rendered":"<p>[vc_row][vc_column][vc_column_text] Es ist fast unm\u00f6glich, den Winterzauber im Fassatal zu beschreiben. Die\u00a0 Sch\u00f6nheit, die Gef\u00fchle, der Schnee und die Landschaft, die man \u00fcber Fotos und Geschichten zeigt, spiegeln nur einen Bruchteil der Gef\u00fchle wieder, die man im Fassatal empfindet. Ski begeisterten stehen hunderte Pistenkilometer in den zehn Skigebieten im Tal und angrenzend zur Verf\u00fcgung. Vigo[&#8230;]<\/p>\n","protected":false},"author":1,"featured_media":0,"parent":4239,"menu_order":0,"comment_status":"open","ping_status":"open","template":"","meta":{"footnotes":""},"class_list":["post-4499","page","type-page","status-publish","hentry"],"yoast_head":"<!-- This site is optimized with the Yoast SEO plugin v26.9 - https:\/\/yoast.com\/product\/yoast-seo-wordpress\/ -->\n<title>Val di Fassa in Inverno negli appartamenti del Chalet Nata<\/title>\n<meta name=\"description\" content=\"La Val di Fassa in inverno dal Chalet Nata vicino alla Ski Area Catinaccio ed alla Ski Area Buffaure. Sciare tra le Dolomiti \u00e8 un emozione unica!\" \/>\n<meta name=\"robots\" content=\"index, follow, max-snippet:-1, max-image-preview:large, max-video-preview:-1\" \/>\n<link rel=\"canonical\" href=\"https:\/\/www.chaletnata.com\/de\/fassatal\/fassatal-im-winter\/\" \/>\n<meta property=\"og:locale\" content=\"de_DE\" \/>\n<meta property=\"og:type\" content=\"article\" \/>\n<meta property=\"og:title\" content=\"Val di Fassa in Inverno negli appartamenti del Chalet Nata\" \/>\n<meta property=\"og:description\" content=\"La Val di Fassa in inverno dal Chalet Nata vicino alla Ski Area Catinaccio ed alla Ski Area Buffaure. Sciare tra le Dolomiti \u00e8 un emozione unica!\" \/>\n<meta property=\"og:url\" content=\"https:\/\/www.chaletnata.com\/de\/fassatal\/fassatal-im-winter\/\" \/>\n<meta property=\"og:site_name\" content=\"Chalet Nata\" \/>\n<meta property=\"article:modified_time\" content=\"2016-11-17T13:08:07+00:00\" \/>\n<meta property=\"og:image\" content=\"https:\/\/www.chaletnata.com\/wp-content\/uploads\/2013\/02\/nuovo-banner-FassaSki-1440.jpg\" \/>\n\t<meta property=\"og:image:width\" content=\"1440\" \/>\n\t<meta property=\"og:image:height\" content=\"430\" \/>\n\t<meta property=\"og:image:type\" content=\"image\/jpeg\" \/>\n<meta name=\"twitter:card\" content=\"summary_large_image\" \/>\n<meta name=\"twitter:label1\" content=\"Gesch\u00e4tzte Lesezeit\" \/>\n\t<meta name=\"twitter:data1\" content=\"1\u00a0Minute\" \/>\n<script type=\"application\/ld+json\" class=\"yoast-schema-graph\">{\"@context\":\"https:\/\/schema.org\",\"@graph\":[{\"@type\":\"WebPage\",\"@id\":\"https:\/\/www.chaletnata.com\/de\/fassatal\/fassatal-im-winter\/\",\"url\":\"https:\/\/www.chaletnata.com\/de\/fassatal\/fassatal-im-winter\/\",\"name\":\"Val di Fassa in Inverno negli appartamenti del Chalet Nata\",\"isPartOf\":{\"@id\":\"https:\/\/www.chaletnata.com\/en\/#website\"},\"primaryImageOfPage\":{\"@id\":\"https:\/\/www.chaletnata.com\/de\/fassatal\/fassatal-im-winter\/#primaryimage\"},\"image\":{\"@id\":\"https:\/\/www.chaletnata.com\/de\/fassatal\/fassatal-im-winter\/#primaryimage\"},\"thumbnailUrl\":\"http:\/\/www.chaletnata.com\/wp-content\/uploads\/2013\/02\/nuovo-banner-FassaSki-1440.jpg\",\"datePublished\":\"2013-02-25T15:50:52+00:00\",\"dateModified\":\"2016-11-17T13:08:07+00:00\",\"description\":\"La Val di Fassa in inverno dal Chalet Nata vicino alla Ski Area Catinaccio ed alla Ski Area Buffaure. Sciare tra le Dolomiti \u00e8 un emozione unica!\",\"breadcrumb\":{\"@id\":\"https:\/\/www.chaletnata.com\/de\/fassatal\/fassatal-im-winter\/#breadcrumb\"},\"inLanguage\":\"de\",\"potentialAction\":[{\"@type\":\"ReadAction\",\"target\":[\"https:\/\/www.chaletnata.com\/de\/fassatal\/fassatal-im-winter\/\"]}]},{\"@type\":\"ImageObject\",\"inLanguage\":\"de\",\"@id\":\"https:\/\/www.chaletnata.com\/de\/fassatal\/fassatal-im-winter\/#primaryimage\",\"url\":\"http:\/\/www.chaletnata.com\/wp-content\/uploads\/2013\/02\/nuovo-banner-FassaSki-1440.jpg\",\"contentUrl\":\"http:\/\/www.chaletnata.com\/wp-content\/uploads\/2013\/02\/nuovo-banner-FassaSki-1440.jpg\"},{\"@type\":\"BreadcrumbList\",\"@id\":\"https:\/\/www.chaletnata.com\/de\/fassatal\/fassatal-im-winter\/#breadcrumb\",\"itemListElement\":[{\"@type\":\"ListItem\",\"position\":1,\"name\":\"Home\",\"item\":\"https:\/\/www.chaletnata.com\/de\/\"},{\"@type\":\"ListItem\",\"position\":2,\"name\":\"Fassatal\",\"item\":\"https:\/\/www.chaletnata.com\/de\/fassatal\/\"},{\"@type\":\"ListItem\",\"position\":3,\"name\":\"Fassatal im Winter\"}]},{\"@type\":\"WebSite\",\"@id\":\"https:\/\/www.chaletnata.com\/en\/#website\",\"url\":\"https:\/\/www.chaletnata.com\/en\/\",\"name\":\"Chalet Nata\",\"description\":\"Appartamenti Turistici in Val di Fassa - Apartmens Dolomites - Ferienwhonung Dolomiten\",\"potentialAction\":[{\"@type\":\"SearchAction\",\"target\":{\"@type\":\"EntryPoint\",\"urlTemplate\":\"https:\/\/www.chaletnata.com\/en\/?s={search_term_string}\"},\"query-input\":{\"@type\":\"PropertyValueSpecification\",\"valueRequired\":true,\"valueName\":\"search_term_string\"}}],\"inLanguage\":\"de\"}]}<\/script>\n<!-- \/ Yoast SEO plugin. -->","yoast_head_json":{"title":"Val di Fassa in Inverno negli appartamenti del Chalet Nata","description":"La Val di Fassa in inverno dal Chalet Nata vicino alla Ski Area Catinaccio ed alla Ski Area Buffaure. Sciare tra le Dolomiti \u00e8 un emozione unica!","robots":{"index":"index","follow":"follow","max-snippet":"max-snippet:-1","max-image-preview":"max-image-preview:large","max-video-preview":"max-video-preview:-1"},"canonical":"https:\/\/www.chaletnata.com\/de\/fassatal\/fassatal-im-winter\/","og_locale":"de_DE","og_type":"article","og_title":"Val di Fassa in Inverno negli appartamenti del Chalet Nata","og_description":"La Val di Fassa in inverno dal Chalet Nata vicino alla Ski Area Catinaccio ed alla Ski Area Buffaure. Sciare tra le Dolomiti \u00e8 un emozione unica!","og_url":"https:\/\/www.chaletnata.com\/de\/fassatal\/fassatal-im-winter\/","og_site_name":"Chalet Nata","article_modified_time":"2016-11-17T13:08:07+00:00","og_image":[{"width":1440,"height":430,"url":"https:\/\/www.chaletnata.com\/wp-content\/uploads\/2013\/02\/nuovo-banner-FassaSki-1440.jpg","type":"image\/jpeg"}],"twitter_card":"summary_large_image","twitter_misc":{"Gesch\u00e4tzte Lesezeit":"1\u00a0Minute"},"schema":{"@context":"https:\/\/schema.org","@graph":[{"@type":"WebPage","@id":"https:\/\/www.chaletnata.com\/de\/fassatal\/fassatal-im-winter\/","url":"https:\/\/www.chaletnata.com\/de\/fassatal\/fassatal-im-winter\/","name":"Val di Fassa in Inverno negli appartamenti del Chalet Nata","isPartOf":{"@id":"https:\/\/www.chaletnata.com\/en\/#website"},"primaryImageOfPage":{"@id":"https:\/\/www.chaletnata.com\/de\/fassatal\/fassatal-im-winter\/#primaryimage"},"image":{"@id":"https:\/\/www.chaletnata.com\/de\/fassatal\/fassatal-im-winter\/#primaryimage"},"thumbnailUrl":"http:\/\/www.chaletnata.com\/wp-content\/uploads\/2013\/02\/nuovo-banner-FassaSki-1440.jpg","datePublished":"2013-02-25T15:50:52+00:00","dateModified":"2016-11-17T13:08:07+00:00","description":"La Val di Fassa in inverno dal Chalet Nata vicino alla Ski Area Catinaccio ed alla Ski Area Buffaure. Sciare tra le Dolomiti \u00e8 un emozione unica!","breadcrumb":{"@id":"https:\/\/www.chaletnata.com\/de\/fassatal\/fassatal-im-winter\/#breadcrumb"},"inLanguage":"de","potentialAction":[{"@type":"ReadAction","target":["https:\/\/www.chaletnata.com\/de\/fassatal\/fassatal-im-winter\/"]}]},{"@type":"ImageObject","inLanguage":"de","@id":"https:\/\/www.chaletnata.com\/de\/fassatal\/fassatal-im-winter\/#primaryimage","url":"http:\/\/www.chaletnata.com\/wp-content\/uploads\/2013\/02\/nuovo-banner-FassaSki-1440.jpg","contentUrl":"http:\/\/www.chaletnata.com\/wp-content\/uploads\/2013\/02\/nuovo-banner-FassaSki-1440.jpg"},{"@type":"BreadcrumbList","@id":"https:\/\/www.chaletnata.com\/de\/fassatal\/fassatal-im-winter\/#breadcrumb","itemListElement":[{"@type":"ListItem","position":1,"name":"Home","item":"https:\/\/www.chaletnata.com\/de\/"},{"@type":"ListItem","position":2,"name":"Fassatal","item":"https:\/\/www.chaletnata.com\/de\/fassatal\/"},{"@type":"ListItem","position":3,"name":"Fassatal im Winter"}]},{"@type":"WebSite","@id":"https:\/\/www.chaletnata.com\/en\/#website","url":"https:\/\/www.chaletnata.com\/en\/","name":"Chalet Nata","description":"Appartamenti Turistici in Val di Fassa - Apartmens Dolomites - Ferienwhonung Dolomiten","potentialAction":[{"@type":"SearchAction","target":{"@type":"EntryPoint","urlTemplate":"https:\/\/www.chaletnata.com\/en\/?s={search_term_string}"},"query-input":{"@type":"PropertyValueSpecification","valueRequired":true,"valueName":"search_term_string"}}],"inLanguage":"de"}]}},"_links":{"self":[{"href":"https:\/\/www.chaletnata.com\/de\/wp-json\/wp\/v2\/pages\/4499\/"}],"collection":[{"href":"https:\/\/www.chaletnata.com\/de\/wp-json\/wp\/v2\/pages\/"}],"about":[{"href":"https:\/\/www.chaletnata.com\/de\/wp-json\/wp\/v2\/types\/page\/"}],"author":[{"embeddable":true,"href":"https:\/\/www.chaletnata.com\/de\/wp-json\/wp\/v2\/users\/1\/"}],"replies":[{"embeddable":true,"href":"https:\/\/www.chaletnata.com\/de\/wp-json\/wp\/v2\/comments\/?post=4499"}],"version-history":[{"count":3,"href":"https:\/\/www.chaletnata.com\/de\/wp-json\/wp\/v2\/pages\/4499\/revisions\/"}],"predecessor-version":[{"id":4668,"href":"https:\/\/www.chaletnata.com\/de\/wp-json\/wp\/v2\/pages\/4499\/revisions\/4668\/"}],"up":[{"embeddable":true,"href":"https:\/\/www.chaletnata.com\/de\/wp-json\/wp\/v2\/pages\/4239\/"}],"wp:attachment":[{"href":"https:\/\/www.chaletnata.com\/de\/wp-json\/wp\/v2\/media\/?parent=4499"}],"curies":[{"name":"wp","href":"https:\/\/api.w.org\/{rel}","templated":true}]}}