{"id":4490,"date":"2015-05-26T09:09:29","date_gmt":"2015-05-26T08:09:29","guid":{"rendered":"http:\/\/www.chaletnata.com\/condizioni-duso\/?lang=de"},"modified":"2015-05-26T09:09:29","modified_gmt":"2015-05-26T08:09:29","slug":"condizioni-duso","status":"publish","type":"page","link":"https:\/\/www.chaletnata.com\/de\/condizioni-duso\/","title":{"rendered":"Condizioni d&#8217;uso"},"content":{"rendered":"<h1>Condizioni d\u2019uso<\/h1>\n<p>Il sito internet www.chaletnata.it (il \u201cSito\u201d) \u00e8 di propriet\u00e0 di Anton Sessa di Vigo di Fassa (TN),\u00a0Strada de Larcion\u00e8, 48, C.F.\u00a0SSSNTN69T29Z112S \u2013 info@chaletnata.com<\/p>\n<ol>\n<li>Condizioni<\/li>\n<\/ol>\n<p>LA PREGHIAMO DI LEGGERE ATTENTAMENTE QUESTI TERMINI D\u2019USO PRIMA DI UTILIZZARE IL SITO.<\/p>\n<p>Utilizzando il Sito, Lei esprime il suo consenso a questi termini d\u2019uso. La non accettazione dei presenti termini d\u2019uso comporta l\u2019impossibilit\u00e0 ad utilizzare il Sito.\u00a0Anton Sessa\u00a0si riserva il diritto di apportare in qualsiasi momento e senza preavviso modifiche e\/o aggiornamenti alle condizioni d\u2019uso del Sito qui previste che, continuando a utilizzare il Sito, Lei accetta sin d\u2019ora.<\/p>\n<ol start=\"2\">\n<li>Contenuti \u2013 Propriet\u00e0 intellettuale<\/li>\n<\/ol>\n<p>Tutte le informazioni e i materiali, le immagini nonch\u00e9 il relativo software, i marchi, i segni distintivi e gli altri contenuti e applicazioni (esclusi i marchi e prodotti\u00a0di propriet\u00e0 esclusiva)\u00a0presenti sul Sito sono di propriet\u00e0 di Anton Sessa e debbono ritenersi protetti da diritti d\u2019autore e\/o altri diritti di propriet\u00e0 intellettuale. E\u2019 consentito scaricare informazioni e materiale contenuti nel Sito\u00a0 a scopo esclusivamente personale ed a fini non commerciali. Non \u00e8 invece permesso distribuire, modificare, trasmettere riutilizzare, ripubblicare sul web o comunque utilizzare in qualsiasi modo il contenuto del presente sito per fini pubblici o commerciali a meno che non siano autorizzati da Anton Sessa.<\/p>\n<ol start=\"3\">\n<li>Limitazioni di responsabilit\u00e0 \u2013 link \u2013 invio di informazioni e materiali<\/li>\n<\/ol>\n<p>L\u2019utilizzo e la navigazione nel Sito avviene sotto la completa responsabilit\u00e0 dell\u2019utente. La Anton Sessa non potr\u00e0 essere considerato responsabile per ogni e qualsiasi danno che dovesse derivare all\u2019utente dall\u2019accesso o da qualsivoglia utilizzo del Sito.\u00a0Anton Sessa non si\u00a0assume alcuna responsabilit\u00e0 e pertanto non potr\u00e0 essere ritenuta responsabile per qualsiasi tipo di danno o virus che potesse derivare al computer o ad altra propriet\u00e0 dell\u2019utente a causa dell\u2019accesso al Sito, della navigazione nello stesso, dall\u2019utilizzo del materiale ivi contenuto o dallo scaricamento di materiali video e\/o audio, testi, immagini, informazioni, contenute nel Sito.\u00a0Anton Sessa non fornisce alcuna garanzia in merito all\u2019accuratezza ed attualit\u00e0 delle informazioni e del materiale contenuto in questo Sito n\u00e9 si assume alcuna responsabilit\u00e0 in merito ad eventuali errori od omissioni ad esso relative. Anton Sessa non si assume alcuna responsabilit\u00e0 in relazione al contenuto di altri siti a cui sia eventualmente possibile accedere dal Sito attraverso \u201clink\u201d. Il collegamento ad altri siti o pagine di altri siti viene pertanto effettuato sotto la responsabilit\u00e0 dell\u2019utente.<\/p>\n<p>Anton Sessa si riserva il diritto di monitorare o visionare ogni sezione interattiva del Sito. In ogni caso, Anton Sessa non si assume nessun obbligo in tal senso e non assume nessuna responsabilit\u00e0 in merito ai contenuti di tali sezioni del Sito. In particolare, non si assume nessuna responsabilit\u00e0 in merito alla presenza di materiali introdotti da terzi in tali sezioni che possano avere un contenuto contrario alla legge, diffamatorio, osceno, offensivo, ingiurioso, falso, pornografico, blasfemo, pericoloso, inaccurato, ecc. In ogni caso, all\u2019utente \u00e8 espressamente fatto divieto di postare o introdurre in tali sezioni del Sito e, pi\u00f9 in generale, in tutto il Sito, materiali del tipo sopra descritto o che comunque possa essere considerato in violazione delle leggi vigenti.<\/p>\n<ol start=\"4\">\n<li>Legge applicabile \u2013 giurisdizione \u2013 competenza<\/li>\n<\/ol>\n<p>Le presenti condizioni d\u2019uso e l\u2019uso del Sito sono regolate dalla legge italiana.<\/p>\n<p><strong>Come utilizziamo i cookie<\/strong><\/p>\n<p>Per potervi fornire servizi semplici utili \u00e8 affidabili \u00e8 necessario, in alcuni casi, riporre delle piccole informazioni sul vostro dispositivo, per esempio un computer o cellulare. Queste informazioni vengono immagazzinate in dei piccoli file conosciuti come cookie che non possono assolutamente essere utilizzati per identificarvi personalmente.<\/p>\n<p>Per saperne di pi\u00f9\u00a0e capire il funzionamento dei <a href=\"http:\/\/it.wikipedia.org\/wiki\/Cookie\">cookie e capire cosa sono<\/a> vi invitiamo a visionare la pagina al <a href=\"http:\/\/www.chaletnata.it\/cookie-policy\/\">link<\/a>.<\/p>\n<p>Le informazioni che raccogliamo hanno il fine di migliorare i nostri servizi web e a permettere al nostro sito web\u00a0www.chaletnata.it di funzionare correttamente. Alcuni esempi di come utilizziamo i cookie sono:<\/p>\n<ol>\n<li>Analizzare quante persone stanno utilizzando il nostro sito web per rendere pi\u00f9 facile l\u2019utilizzo dei servizi e delle informazioni correlate<\/li>\n<li>Misurare in maniera anonima i dati statistici cos\u00ec raccolti per migliorare la modalit\u00e0 d\u2019uso del sito nei confronti dell\u2019utenza<\/li>\n<\/ol>\n<p>I cookie che utilizziamo sul nostro sito internet sono cookie forniti da terzi e risiedono negli strumenti Internet di societ\u00e0 diverse dal nostro sito come ad esempio Google, proprietaria di cookie controllati dalla stessa.<\/p>\n<p>Per eliminare i cookie che possede in questo momento o modificarne la modalit\u00e0 di fruizione vi invitiamo a leggere la pagina <a href=\"http:\/\/www.chaletnata.it\/cookie-policy\/\">sull\u2019Informativa estesa sull\u2019uso dei cookie<\/a>.<\/p>\n<p>* L\u2019eliminazione dei cookie o la disattivazione di futuri cookie potrebbe inficiare la possibilit\u00e0 di accedere a determinate pagine o ad alcune funzionalit\u00e0 del nostro sito internet.<\/p>\n","protected":false},"excerpt":{"rendered":"<p>Condizioni d\u2019uso Il sito internet www.chaletnata.it (il \u201cSito\u201d) \u00e8 di propriet\u00e0 di Anton Sessa di Vigo di Fassa (TN),\u00a0Strada de Larcion\u00e8, 48, C.F.\u00a0SSSNTN69T29Z112S \u2013 info@chaletnata.com Condizioni LA PREGHIAMO DI LEGGERE ATTENTAMENTE QUESTI TERMINI D\u2019USO PRIMA DI UTILIZZARE IL SITO. Utilizzando il Sito, Lei esprime il suo consenso a questi termini d\u2019uso. La non accettazione dei[&#8230;]<\/p>\n","protected":false},"author":1,"featured_media":0,"parent":0,"menu_order":0,"comment_status":"open","ping_status":"open","template":"","meta":{"footnotes":""},"class_list":["post-4490","page","type-page","status-publish","hentry"],"yoast_head":"<!-- This site is optimized with the Yoast SEO plugin v26.9 - https:\/\/yoast.com\/product\/yoast-seo-wordpress\/ -->\n<title>Condizioni d&#039;uso - Chalet Nata<\/title>\n<meta name=\"robots\" content=\"index, follow, max-snippet:-1, max-image-preview:large, max-video-preview:-1\" \/>\n<link rel=\"canonical\" href=\"https:\/\/www.chaletnata.com\/de\/condizioni-duso\/\" \/>\n<meta property=\"og:locale\" content=\"de_DE\" \/>\n<meta property=\"og:type\" content=\"article\" \/>\n<meta property=\"og:title\" content=\"Condizioni d&#039;uso - Chalet Nata\" \/>\n<meta property=\"og:description\" content=\"Condizioni d\u2019uso Il sito internet www.chaletnata.it (il \u201cSito\u201d) \u00e8 di propriet\u00e0 di Anton Sessa di Vigo di Fassa (TN),\u00a0Strada de Larcion\u00e8, 48, C.F.\u00a0SSSNTN69T29Z112S \u2013 info@chaletnata.com Condizioni LA PREGHIAMO DI LEGGERE ATTENTAMENTE QUESTI TERMINI D\u2019USO PRIMA DI UTILIZZARE IL SITO. Utilizzando il Sito, Lei esprime il suo consenso a questi termini d\u2019uso. La non accettazione dei[...]\" \/>\n<meta property=\"og:url\" content=\"https:\/\/www.chaletnata.com\/de\/condizioni-duso\/\" \/>\n<meta property=\"og:site_name\" content=\"Chalet Nata\" \/>\n<meta name=\"twitter:card\" content=\"summary_large_image\" \/>\n<meta name=\"twitter:label1\" content=\"Gesch\u00e4tzte Lesezeit\" \/>\n\t<meta name=\"twitter:data1\" content=\"4\u00a0Minuten\" \/>\n<script type=\"application\/ld+json\" class=\"yoast-schema-graph\">{\"@context\":\"https:\/\/schema.org\",\"@graph\":[{\"@type\":\"WebPage\",\"@id\":\"https:\/\/www.chaletnata.com\/de\/condizioni-duso\/\",\"url\":\"https:\/\/www.chaletnata.com\/de\/condizioni-duso\/\",\"name\":\"Condizioni d'uso - Chalet Nata\",\"isPartOf\":{\"@id\":\"https:\/\/www.chaletnata.com\/en\/#website\"},\"datePublished\":\"2015-05-26T08:09:29+00:00\",\"breadcrumb\":{\"@id\":\"https:\/\/www.chaletnata.com\/de\/condizioni-duso\/#breadcrumb\"},\"inLanguage\":\"de\",\"potentialAction\":[{\"@type\":\"ReadAction\",\"target\":[\"https:\/\/www.chaletnata.com\/de\/condizioni-duso\/\"]}]},{\"@type\":\"BreadcrumbList\",\"@id\":\"https:\/\/www.chaletnata.com\/de\/condizioni-duso\/#breadcrumb\",\"itemListElement\":[{\"@type\":\"ListItem\",\"position\":1,\"name\":\"Home\",\"item\":\"https:\/\/www.chaletnata.com\/de\/\"},{\"@type\":\"ListItem\",\"position\":2,\"name\":\"Condizioni d&#8217;uso\"}]},{\"@type\":\"WebSite\",\"@id\":\"https:\/\/www.chaletnata.com\/en\/#website\",\"url\":\"https:\/\/www.chaletnata.com\/en\/\",\"name\":\"Chalet Nata\",\"description\":\"Appartamenti Turistici in Val di Fassa - Apartmens Dolomites - Ferienwhonung Dolomiten\",\"potentialAction\":[{\"@type\":\"SearchAction\",\"target\":{\"@type\":\"EntryPoint\",\"urlTemplate\":\"https:\/\/www.chaletnata.com\/en\/?s={search_term_string}\"},\"query-input\":{\"@type\":\"PropertyValueSpecification\",\"valueRequired\":true,\"valueName\":\"search_term_string\"}}],\"inLanguage\":\"de\"}]}<\/script>\n<!-- \/ Yoast SEO plugin. -->","yoast_head_json":{"title":"Condizioni d'uso - Chalet Nata","robots":{"index":"index","follow":"follow","max-snippet":"max-snippet:-1","max-image-preview":"max-image-preview:large","max-video-preview":"max-video-preview:-1"},"canonical":"https:\/\/www.chaletnata.com\/de\/condizioni-duso\/","og_locale":"de_DE","og_type":"article","og_title":"Condizioni d'uso - Chalet Nata","og_description":"Condizioni d\u2019uso Il sito internet www.chaletnata.it (il \u201cSito\u201d) \u00e8 di propriet\u00e0 di Anton Sessa di Vigo di Fassa (TN),\u00a0Strada de Larcion\u00e8, 48, C.F.\u00a0SSSNTN69T29Z112S \u2013 info@chaletnata.com Condizioni LA PREGHIAMO DI LEGGERE ATTENTAMENTE QUESTI TERMINI D\u2019USO PRIMA DI UTILIZZARE IL SITO. Utilizzando il Sito, Lei esprime il suo consenso a questi termini d\u2019uso. La non accettazione dei[...]","og_url":"https:\/\/www.chaletnata.com\/de\/condizioni-duso\/","og_site_name":"Chalet Nata","twitter_card":"summary_large_image","twitter_misc":{"Gesch\u00e4tzte Lesezeit":"4\u00a0Minuten"},"schema":{"@context":"https:\/\/schema.org","@graph":[{"@type":"WebPage","@id":"https:\/\/www.chaletnata.com\/de\/condizioni-duso\/","url":"https:\/\/www.chaletnata.com\/de\/condizioni-duso\/","name":"Condizioni d'uso - Chalet Nata","isPartOf":{"@id":"https:\/\/www.chaletnata.com\/en\/#website"},"datePublished":"2015-05-26T08:09:29+00:00","breadcrumb":{"@id":"https:\/\/www.chaletnata.com\/de\/condizioni-duso\/#breadcrumb"},"inLanguage":"de","potentialAction":[{"@type":"ReadAction","target":["https:\/\/www.chaletnata.com\/de\/condizioni-duso\/"]}]},{"@type":"BreadcrumbList","@id":"https:\/\/www.chaletnata.com\/de\/condizioni-duso\/#breadcrumb","itemListElement":[{"@type":"ListItem","position":1,"name":"Home","item":"https:\/\/www.chaletnata.com\/de\/"},{"@type":"ListItem","position":2,"name":"Condizioni d&#8217;uso"}]},{"@type":"WebSite","@id":"https:\/\/www.chaletnata.com\/en\/#website","url":"https:\/\/www.chaletnata.com\/en\/","name":"Chalet Nata","description":"Appartamenti Turistici in Val di Fassa - Apartmens Dolomites - Ferienwhonung Dolomiten","potentialAction":[{"@type":"SearchAction","target":{"@type":"EntryPoint","urlTemplate":"https:\/\/www.chaletnata.com\/en\/?s={search_term_string}"},"query-input":{"@type":"PropertyValueSpecification","valueRequired":true,"valueName":"search_term_string"}}],"inLanguage":"de"}]}},"_links":{"self":[{"href":"https:\/\/www.chaletnata.com\/de\/wp-json\/wp\/v2\/pages\/4490\/"}],"collection":[{"href":"https:\/\/www.chaletnata.com\/de\/wp-json\/wp\/v2\/pages\/"}],"about":[{"href":"https:\/\/www.chaletnata.com\/de\/wp-json\/wp\/v2\/types\/page\/"}],"author":[{"embeddable":true,"href":"https:\/\/www.chaletnata.com\/de\/wp-json\/wp\/v2\/users\/1\/"}],"replies":[{"embeddable":true,"href":"https:\/\/www.chaletnata.com\/de\/wp-json\/wp\/v2\/comments\/?post=4490"}],"version-history":[{"count":0,"href":"https:\/\/www.chaletnata.com\/de\/wp-json\/wp\/v2\/pages\/4490\/revisions\/"}],"wp:attachment":[{"href":"https:\/\/www.chaletnata.com\/de\/wp-json\/wp\/v2\/media\/?parent=4490"}],"curies":[{"name":"wp","href":"https:\/\/api.w.org\/{rel}","templated":true}]}}