{"id":4474,"date":"2013-02-25T18:25:55","date_gmt":"2013-02-25T17:25:55","guid":{"rendered":"http:\/\/www.chaletnata.com\/la-nostra-offerta\/listino-prezzi-estate\/?lang=de"},"modified":"2024-12-07T18:33:19","modified_gmt":"2024-12-07T17:33:19","slug":"preisliste-sommer","status":"publish","type":"page","link":"https:\/\/www.chaletnata.com\/de\/unser-angebot\/preisliste-sommer\/","title":{"rendered":"Preisliste Sommer"},"content":{"rendered":"<h3 style=\"text-align: center;\">Preise pro Apartment pro Woche f\u00fcr 2\/4 Personen<\/h3>\n<h2 style=\"text-align: center;\">Achtung, Reservierungen f\u00fcr die Sommersaison 2024-2025 werden erst ab Mitte Januar 2025 ber\u00fccksichtigt<\/h2>\n<h3 class=\"widget-title\" style=\"text-align: center;\">Bedingungen<\/h3>\n<div class=\"textwidget\">\n<h5 style=\"text-align: center;\">ALLES INKLUSIVE: Strom, warmes Wasser, Handt\u00fccher, Bettw\u00e4sche, Endreinigung, Garagenstellplatz, Internetverbindung \u00fcber Kabel und WIFI.<br \/>\nZur Best\u00e4tigung ist eine Anzahlung \u00fcber Postepay, Paypal oder Bank\u00fcberweisung erforderlich. Kontaktieren Sie uns f\u00fcr weitere Informationen.<br \/>\n(info@chaletnata.com \u2013 335-6069121).<br \/>\nAus Organisationsgr\u00fcnden bitten wir Sie das Apartment bis 10,00Uhr zu verlassen. Bei der Ankunft k\u00f6nnen Sie das Apartment ab 16,00 Uhr beziehen.<\/h5>\n<hr \/>\n<\/div>\n<h4><span class=\"hps\">Wie buche ich?<\/span><\/h4>\n<p><img loading=\"lazy\" decoding=\"async\" class=\"alignright wp-image-5515\" src=\"https:\/\/www.chaletnata.com\/wp-content\/uploads\/2023\/01\/prenota-chalet_nata.jpg\" alt=\"\" width=\"400\" height=\"600\" srcset=\"https:\/\/www.chaletnata.com\/wp-content\/uploads\/2023\/01\/prenota-chalet_nata.jpg 600w, https:\/\/www.chaletnata.com\/wp-content\/uploads\/2023\/01\/prenota-chalet_nata-200x300.jpg 200w, https:\/\/www.chaletnata.com\/wp-content\/uploads\/2023\/01\/prenota-chalet_nata-567x851.jpg 567w\" sizes=\"auto, (max-width: 400px) 100vw, 400px\" \/><\/p>\n<p><span class=\"hps\">Nach \u00dcberpr\u00fcfung der Verf\u00fcgbarkeit<\/span> <span class=\"hps\">und der endg\u00fcltige Preis<\/span> <span class=\"hps\">(\u00fcber<\/span> <a href=\"mailto:info@chaletnata.com\"><span class=\"hps\">info@chaletnata.com<\/span><\/a> <span class=\"hps\">in der Regel \u00fcber<\/span> <span class=\"hps\">E-Mail)<\/span> <span class=\"hps\">vereinbart wurde,<\/span> <span class=\"hps\">ist es erforderlich,<\/span> <span class=\"hps\">per \u00dcberweisung<\/span> <span class=\"hps\">eine Anzahlung<\/span> <span class=\"hps\">in H\u00f6he von 50<\/span>% des Wertes <span class=\"hps\">des Aufenthaltes.<\/span><\/p>\n<hr \/>\n<p><span class=\"hps\">Der Restbetrag wird<\/span> <span class=\"hps\">bei der Ankunft<\/span> <span class=\"hps\">oder per Bank<\/span> <span class=\"hps\">immer ein paar Tage<\/span> <span class=\"hps\">nach Ihrer Ankunft<\/span> <span class=\"hps\">f\u00e4llig.<\/span> <span class=\"hps\">In \u00dcbereinstimmung mit<\/span> <span class=\"hps\">dem Diktat<\/span> <span class=\"hps\">der Technik.<\/span> <span class=\"hps\">1385 -1386<\/span> <span class=\"hps\">ccm<\/span> <span class=\"hps\">,<\/span> <span class=\"hps\">Die Kaution<\/span> <span class=\"hps\">wird<\/span> <span class=\"hps\">nur<\/span> <span class=\"hps\">als eine M\u00f6glichkeit,<\/span> <span class=\"hps\">die Sicherheit<\/span> <span class=\"hps\">der Verpflichtung<\/span> <span class=\"hps\">und nicht als<\/span> <span class=\"hps\">ein Fortschritt<\/span> <span class=\"hps\">f\u00fcr den Service<\/span> <span class=\"hps\">verlangt<\/span> <span class=\"hps\">gedacht.<\/span> <span class=\"hps\">Es<\/span> <span class=\"hps\">geht also um<\/span> <span class=\"hps\">die volle<\/span> <span class=\"hps\">Akzeptanz der<\/span> <span class=\"hps\">Buchungskonditionen<\/span> <span class=\"hps\">und Storno<\/span> <span class=\"hps\">und wird bei<\/span> <span class=\"hps\">Bezahlung aller<\/span> <span class=\"hps\">vereinbarten Leistungen<\/span> <span class=\"hps\">und die Tage<\/span> <span class=\"hps\">reserviert<\/span> <span class=\"hps\">erstattet.<\/span><\/p>\n<p><strong><span class=\"hps\">Stornierungen:<\/span><\/strong><\/p>\n<ul>\n<li><span class=\"hps\">F\u00fcr eine<\/span> <span class=\"hps\">Erstattung von 50<\/span>% des vereinbarten <span class=\"hps atn\">Aufenthalt (<\/span>dh die <span class=\"hps\">Kaution)<\/span> <span class=\"hps\">Stornierungen m\u00fcssen<\/span> <span class=\"hps\">21 Tage vor<\/span> <span class=\"hps\">Ihrer Ankunft vorgenommen<\/span> <span class=\"hps\">werden<\/span>;<\/li>\n<li><span class=\"hps\">Erfolgt die Absage<\/span> <span class=\"hps\">weniger als<\/span> <span class=\"hps\">21 Tage im Voraus<\/span>, <span class=\"hps\">sind die<\/span> <span class=\"hps\">nicht genutzten<\/span> <span class=\"hps\">N\u00e4chte<\/span> <span class=\"hps\">nicht zur\u00fcckerstattet werden<\/span> <span class=\"hps\">und wird mit dem<\/span> <span class=\"hps\">Rest des Gesamt<\/span> <span class=\"hps\">-100.00<\/span> <span class=\"hps\">Euro<\/span> <span class=\"hps atn\">erforderlich sein (<\/span>Reinigung und W\u00e4sche <span class=\"hps\">wird nicht verwendet)<\/span>. <span class=\"hps\">Es.<\/span> <span class=\"hps\">Wenn die Summe<\/span> <span class=\"hps\">600,00<\/span> <span class=\"hps\">Euro<\/span>, <span class=\"hps\">dann<\/span> <span class=\"hps\">wird die Kaution<\/span> <span class=\"hps\">Euro 300,00<\/span> <span class=\"hps\">einen Ihrer<\/span> <span class=\"hps\">Ankunft<\/span> <span class=\"hps\">nicht<\/span> <span class=\"hps\">innerhalb von 21 Tagen<\/span> <span class=\"hps\">Ergebnisse<\/span> <span class=\"hps\">in der Bilanz der<\/span> <span class=\"hps\">Euro<\/span> <span class=\"hps\">300,00 bis 100,00<\/span> <span class=\"hps\">oder<\/span> <span class=\"hps\">200,00<\/span> <span class=\"hps\">Euro<\/span>.<\/li>\n<li><span class=\"hps\">Wenn<\/span> <span class=\"hps\">Sie w\u00e4hrend Ihres Aufenthaltes<\/span> <span class=\"hps\">Sie sich entscheiden,<\/span> <span class=\"hps\">vor dem<\/span> <span class=\"hps\">Ende des Buchungs<\/span> <span class=\"hps\">zu verlassen,<\/span> <span class=\"hps\">die N\u00e4chte<\/span> <span class=\"hps\">nicht<\/span> <span class=\"hps\">in der Unterkunft<\/span> <span class=\"hps\">verbracht<\/span> <span class=\"hps\">werden nicht erstattet<\/span>.<\/li>\n<\/ul>\n","protected":false},"excerpt":{"rendered":"<p>Preise pro Apartment pro Woche f\u00fcr 2\/4 Personen Achtung, Reservierungen f\u00fcr die Sommersaison 2024-2025 werden erst ab Mitte Januar 2025 ber\u00fccksichtigt Bedingungen ALLES INKLUSIVE: Strom, warmes Wasser, Handt\u00fccher, Bettw\u00e4sche, Endreinigung, Garagenstellplatz, Internetverbindung \u00fcber Kabel und WIFI. Zur Best\u00e4tigung ist eine Anzahlung \u00fcber Postepay, Paypal oder Bank\u00fcberweisung erforderlich. Kontaktieren Sie uns f\u00fcr weitere Informationen. (info@chaletnata.com \u2013[&#8230;]<\/p>\n","protected":false},"author":1,"featured_media":0,"parent":4472,"menu_order":0,"comment_status":"open","ping_status":"open","template":"","meta":{"footnotes":""},"class_list":["post-4474","page","type-page","status-publish","hentry"],"yoast_head":"<!-- This site is optimized with the Yoast SEO plugin v26.9 - https:\/\/yoast.com\/product\/yoast-seo-wordpress\/ -->\n<title>Listino Prezzi Estate Appartamenti Chalet Nata Vigo di Fassa Val di Fassa Dolomiti Trentino Alto Adige<\/title>\n<meta name=\"description\" content=\"Listino prezzi estate Chalet Nata Appartamenti Val di Fassa Vigo di Fassa Dolomiti Trentino Alto Adige Italia Apartments Airbnb dolomites\" \/>\n<meta name=\"robots\" content=\"index, follow, max-snippet:-1, max-image-preview:large, max-video-preview:-1\" \/>\n<link rel=\"canonical\" href=\"https:\/\/www.chaletnata.com\/de\/unser-angebot\/preisliste-sommer\/\" \/>\n<meta property=\"og:locale\" content=\"de_DE\" \/>\n<meta property=\"og:type\" content=\"article\" \/>\n<meta property=\"og:title\" content=\"Listino Prezzi Estate Appartamenti Chalet Nata Vigo di Fassa Val di Fassa Dolomiti Trentino Alto Adige\" \/>\n<meta property=\"og:description\" content=\"Listino prezzi estate Chalet Nata Appartamenti Val di Fassa Vigo di Fassa Dolomiti Trentino Alto Adige Italia Apartments Airbnb dolomites\" \/>\n<meta property=\"og:url\" content=\"https:\/\/www.chaletnata.com\/de\/unser-angebot\/preisliste-sommer\/\" \/>\n<meta property=\"og:site_name\" content=\"Chalet Nata\" \/>\n<meta property=\"article:modified_time\" content=\"2024-12-07T17:33:19+00:00\" \/>\n<meta property=\"og:image\" content=\"https:\/\/www.chaletnata.com\/wp-content\/uploads\/2023\/01\/prenota-chalet_nata.jpg\" \/>\n\t<meta property=\"og:image:width\" content=\"600\" \/>\n\t<meta property=\"og:image:height\" content=\"900\" \/>\n\t<meta property=\"og:image:type\" content=\"image\/jpeg\" \/>\n<meta name=\"twitter:card\" content=\"summary_large_image\" \/>\n<meta name=\"twitter:label1\" content=\"Gesch\u00e4tzte Lesezeit\" \/>\n\t<meta name=\"twitter:data1\" content=\"2\u00a0Minuten\" \/>\n<script type=\"application\/ld+json\" class=\"yoast-schema-graph\">{\"@context\":\"https:\/\/schema.org\",\"@graph\":[{\"@type\":\"WebPage\",\"@id\":\"https:\/\/www.chaletnata.com\/de\/unser-angebot\/preisliste-sommer\/\",\"url\":\"https:\/\/www.chaletnata.com\/de\/unser-angebot\/preisliste-sommer\/\",\"name\":\"Listino Prezzi Estate Appartamenti Chalet Nata Vigo di Fassa Val di Fassa Dolomiti Trentino Alto Adige\",\"isPartOf\":{\"@id\":\"https:\/\/www.chaletnata.com\/en\/#website\"},\"primaryImageOfPage\":{\"@id\":\"https:\/\/www.chaletnata.com\/de\/unser-angebot\/preisliste-sommer\/#primaryimage\"},\"image\":{\"@id\":\"https:\/\/www.chaletnata.com\/de\/unser-angebot\/preisliste-sommer\/#primaryimage\"},\"thumbnailUrl\":\"https:\/\/www.chaletnata.com\/wp-content\/uploads\/2023\/01\/prenota-chalet_nata.jpg\",\"datePublished\":\"2013-02-25T17:25:55+00:00\",\"dateModified\":\"2024-12-07T17:33:19+00:00\",\"description\":\"Listino prezzi estate Chalet Nata Appartamenti Val di Fassa Vigo di Fassa Dolomiti Trentino Alto Adige Italia Apartments Airbnb dolomites\",\"breadcrumb\":{\"@id\":\"https:\/\/www.chaletnata.com\/de\/unser-angebot\/preisliste-sommer\/#breadcrumb\"},\"inLanguage\":\"de\",\"potentialAction\":[{\"@type\":\"ReadAction\",\"target\":[\"https:\/\/www.chaletnata.com\/de\/unser-angebot\/preisliste-sommer\/\"]}]},{\"@type\":\"ImageObject\",\"inLanguage\":\"de\",\"@id\":\"https:\/\/www.chaletnata.com\/de\/unser-angebot\/preisliste-sommer\/#primaryimage\",\"url\":\"https:\/\/www.chaletnata.com\/wp-content\/uploads\/2023\/01\/prenota-chalet_nata.jpg\",\"contentUrl\":\"https:\/\/www.chaletnata.com\/wp-content\/uploads\/2023\/01\/prenota-chalet_nata.jpg\"},{\"@type\":\"BreadcrumbList\",\"@id\":\"https:\/\/www.chaletnata.com\/de\/unser-angebot\/preisliste-sommer\/#breadcrumb\",\"itemListElement\":[{\"@type\":\"ListItem\",\"position\":1,\"name\":\"Home\",\"item\":\"https:\/\/www.chaletnata.com\/de\/\"},{\"@type\":\"ListItem\",\"position\":2,\"name\":\"Unser Angebot\",\"item\":\"https:\/\/www.chaletnata.com\/de\/unser-angebot\/\"},{\"@type\":\"ListItem\",\"position\":3,\"name\":\"Preisliste Sommer\"}]},{\"@type\":\"WebSite\",\"@id\":\"https:\/\/www.chaletnata.com\/en\/#website\",\"url\":\"https:\/\/www.chaletnata.com\/en\/\",\"name\":\"Chalet Nata\",\"description\":\"Appartamenti Turistici in Val di Fassa - Apartmens Dolomites - Ferienwhonung Dolomiten\",\"potentialAction\":[{\"@type\":\"SearchAction\",\"target\":{\"@type\":\"EntryPoint\",\"urlTemplate\":\"https:\/\/www.chaletnata.com\/en\/?s={search_term_string}\"},\"query-input\":{\"@type\":\"PropertyValueSpecification\",\"valueRequired\":true,\"valueName\":\"search_term_string\"}}],\"inLanguage\":\"de\"}]}<\/script>\n<!-- \/ Yoast SEO plugin. -->","yoast_head_json":{"title":"Listino Prezzi Estate Appartamenti Chalet Nata Vigo di Fassa Val di Fassa Dolomiti Trentino Alto Adige","description":"Listino prezzi estate Chalet Nata Appartamenti Val di Fassa Vigo di Fassa Dolomiti Trentino Alto Adige Italia Apartments Airbnb dolomites","robots":{"index":"index","follow":"follow","max-snippet":"max-snippet:-1","max-image-preview":"max-image-preview:large","max-video-preview":"max-video-preview:-1"},"canonical":"https:\/\/www.chaletnata.com\/de\/unser-angebot\/preisliste-sommer\/","og_locale":"de_DE","og_type":"article","og_title":"Listino Prezzi Estate Appartamenti Chalet Nata Vigo di Fassa Val di Fassa Dolomiti Trentino Alto Adige","og_description":"Listino prezzi estate Chalet Nata Appartamenti Val di Fassa Vigo di Fassa Dolomiti Trentino Alto Adige Italia Apartments Airbnb dolomites","og_url":"https:\/\/www.chaletnata.com\/de\/unser-angebot\/preisliste-sommer\/","og_site_name":"Chalet Nata","article_modified_time":"2024-12-07T17:33:19+00:00","og_image":[{"width":600,"height":900,"url":"https:\/\/www.chaletnata.com\/wp-content\/uploads\/2023\/01\/prenota-chalet_nata.jpg","type":"image\/jpeg"}],"twitter_card":"summary_large_image","twitter_misc":{"Gesch\u00e4tzte Lesezeit":"2\u00a0Minuten"},"schema":{"@context":"https:\/\/schema.org","@graph":[{"@type":"WebPage","@id":"https:\/\/www.chaletnata.com\/de\/unser-angebot\/preisliste-sommer\/","url":"https:\/\/www.chaletnata.com\/de\/unser-angebot\/preisliste-sommer\/","name":"Listino Prezzi Estate Appartamenti Chalet Nata Vigo di Fassa Val di Fassa Dolomiti Trentino Alto Adige","isPartOf":{"@id":"https:\/\/www.chaletnata.com\/en\/#website"},"primaryImageOfPage":{"@id":"https:\/\/www.chaletnata.com\/de\/unser-angebot\/preisliste-sommer\/#primaryimage"},"image":{"@id":"https:\/\/www.chaletnata.com\/de\/unser-angebot\/preisliste-sommer\/#primaryimage"},"thumbnailUrl":"https:\/\/www.chaletnata.com\/wp-content\/uploads\/2023\/01\/prenota-chalet_nata.jpg","datePublished":"2013-02-25T17:25:55+00:00","dateModified":"2024-12-07T17:33:19+00:00","description":"Listino prezzi estate Chalet Nata Appartamenti Val di Fassa Vigo di Fassa Dolomiti Trentino Alto Adige Italia Apartments Airbnb dolomites","breadcrumb":{"@id":"https:\/\/www.chaletnata.com\/de\/unser-angebot\/preisliste-sommer\/#breadcrumb"},"inLanguage":"de","potentialAction":[{"@type":"ReadAction","target":["https:\/\/www.chaletnata.com\/de\/unser-angebot\/preisliste-sommer\/"]}]},{"@type":"ImageObject","inLanguage":"de","@id":"https:\/\/www.chaletnata.com\/de\/unser-angebot\/preisliste-sommer\/#primaryimage","url":"https:\/\/www.chaletnata.com\/wp-content\/uploads\/2023\/01\/prenota-chalet_nata.jpg","contentUrl":"https:\/\/www.chaletnata.com\/wp-content\/uploads\/2023\/01\/prenota-chalet_nata.jpg"},{"@type":"BreadcrumbList","@id":"https:\/\/www.chaletnata.com\/de\/unser-angebot\/preisliste-sommer\/#breadcrumb","itemListElement":[{"@type":"ListItem","position":1,"name":"Home","item":"https:\/\/www.chaletnata.com\/de\/"},{"@type":"ListItem","position":2,"name":"Unser Angebot","item":"https:\/\/www.chaletnata.com\/de\/unser-angebot\/"},{"@type":"ListItem","position":3,"name":"Preisliste Sommer"}]},{"@type":"WebSite","@id":"https:\/\/www.chaletnata.com\/en\/#website","url":"https:\/\/www.chaletnata.com\/en\/","name":"Chalet Nata","description":"Appartamenti Turistici in Val di Fassa - Apartmens Dolomites - Ferienwhonung Dolomiten","potentialAction":[{"@type":"SearchAction","target":{"@type":"EntryPoint","urlTemplate":"https:\/\/www.chaletnata.com\/en\/?s={search_term_string}"},"query-input":{"@type":"PropertyValueSpecification","valueRequired":true,"valueName":"search_term_string"}}],"inLanguage":"de"}]}},"_links":{"self":[{"href":"https:\/\/www.chaletnata.com\/de\/wp-json\/wp\/v2\/pages\/4474\/"}],"collection":[{"href":"https:\/\/www.chaletnata.com\/de\/wp-json\/wp\/v2\/pages\/"}],"about":[{"href":"https:\/\/www.chaletnata.com\/de\/wp-json\/wp\/v2\/types\/page\/"}],"author":[{"embeddable":true,"href":"https:\/\/www.chaletnata.com\/de\/wp-json\/wp\/v2\/users\/1\/"}],"replies":[{"embeddable":true,"href":"https:\/\/www.chaletnata.com\/de\/wp-json\/wp\/v2\/comments\/?post=4474"}],"version-history":[{"count":10,"href":"https:\/\/www.chaletnata.com\/de\/wp-json\/wp\/v2\/pages\/4474\/revisions\/"}],"predecessor-version":[{"id":5658,"href":"https:\/\/www.chaletnata.com\/de\/wp-json\/wp\/v2\/pages\/4474\/revisions\/5658\/"}],"up":[{"embeddable":true,"href":"https:\/\/www.chaletnata.com\/de\/wp-json\/wp\/v2\/pages\/4472\/"}],"wp:attachment":[{"href":"https:\/\/www.chaletnata.com\/de\/wp-json\/wp\/v2\/media\/?parent=4474"}],"curies":[{"name":"wp","href":"https:\/\/api.w.org\/{rel}","templated":true}]}}