{"id":4472,"date":"2013-02-25T18:20:57","date_gmt":"2013-02-25T17:20:57","guid":{"rendered":"http:\/\/www.chaletnata.com\/la-nostra-offerta\/?lang=de"},"modified":"2024-12-07T18:41:42","modified_gmt":"2024-12-07T17:41:42","slug":"unser-angebot","status":"publish","type":"page","link":"https:\/\/www.chaletnata.com\/de\/unser-angebot\/","title":{"rendered":"Unser Angebot"},"content":{"rendered":"<h2>In unseren Angeboten sind alle Ausgaben immer inbegriffen<\/h2>\n<p><img loading=\"lazy\" decoding=\"async\" class=\"alignright size-medium wp-image-4369\" src=\"http:\/\/www.chaletnata.com\/wp-content\/uploads\/2013\/02\/offerta-300x300.jpg\" alt=\"offerta\" width=\"300\" height=\"300\" srcset=\"https:\/\/www.chaletnata.com\/wp-content\/uploads\/2013\/02\/offerta-300x300.jpg 300w, https:\/\/www.chaletnata.com\/wp-content\/uploads\/2013\/02\/offerta-150x150.jpg 150w, https:\/\/www.chaletnata.com\/wp-content\/uploads\/2013\/02\/offerta-100x100.jpg 100w, https:\/\/www.chaletnata.com\/wp-content\/uploads\/2013\/02\/offerta-50x50.jpg 50w, https:\/\/www.chaletnata.com\/wp-content\/uploads\/2013\/02\/offerta.jpg 500w\" sizes=\"auto, (max-width: 300px) 100vw, 300px\" \/>Neben den Zeiten der Hochsaison wie Neujahr und Mitte August, gibt es viele Momente, in welchen Sie einen phantastischen Urlaub im Chalet Nata im Fassatal genie\u00dfen k\u00f6nnen. In den Kosten sind Strom, Warmwasser, Handt\u00fccher, Bettw\u00e4sche, Abschlussreinigung, Autoparkplatz, Internetanschluss mit Kabel und WIFI\u00a0 stets inbegriffen. Wir bieten auch Rabatte f\u00fcr jene, die l\u00e4nger als zwei Wochen oder f\u00fcr eine ganze Saison bei uns bleiben.<\/p>\n<p>Sie k\u00f6nnen auch Last Minute-Angebote oder besondere Zeiten mit spezielle ausgearbeiteten Sonderaktionen finden.<\/p>\n","protected":false},"excerpt":{"rendered":"<p>In unseren Angeboten sind alle Ausgaben immer inbegriffen Neben den Zeiten der Hochsaison wie Neujahr und Mitte August, gibt es viele Momente, in welchen Sie einen phantastischen Urlaub im Chalet Nata im Fassatal genie\u00dfen k\u00f6nnen. In den Kosten sind Strom, Warmwasser, Handt\u00fccher, Bettw\u00e4sche, Abschlussreinigung, Autoparkplatz, Internetanschluss mit Kabel und WIFI\u00a0 stets inbegriffen. Wir bieten auch[&#8230;]<\/p>\n","protected":false},"author":1,"featured_media":0,"parent":0,"menu_order":0,"comment_status":"open","ping_status":"open","template":"","meta":{"footnotes":""},"class_list":["post-4472","page","type-page","status-publish","hentry"],"yoast_head":"<!-- This site is optimized with the Yoast SEO plugin v26.9 - https:\/\/yoast.com\/product\/yoast-seo-wordpress\/ -->\n<title>La nostra offerta Appartamenti Chalet Nata a Vigo di Fassa in Val di Fassa Dolomiti Trentino Alto Adige<\/title>\n<meta name=\"description\" content=\"La nostra offerta Chalet Nata Appartamenti in Val di Fassa Vigo di Fassa Dolomiti Trentino Alto Adige Dolomiti Italy alpi alps airbnb Italia\" \/>\n<meta name=\"robots\" content=\"index, follow, max-snippet:-1, max-image-preview:large, max-video-preview:-1\" \/>\n<link rel=\"canonical\" href=\"https:\/\/www.chaletnata.com\/de\/unser-angebot\/\" \/>\n<meta property=\"og:locale\" content=\"de_DE\" \/>\n<meta property=\"og:type\" content=\"article\" \/>\n<meta property=\"og:title\" content=\"La nostra offerta Appartamenti Chalet Nata a Vigo di Fassa in Val di Fassa Dolomiti Trentino Alto Adige\" \/>\n<meta property=\"og:description\" content=\"La nostra offerta Chalet Nata Appartamenti in Val di Fassa Vigo di Fassa Dolomiti Trentino Alto Adige Dolomiti Italy alpi alps airbnb Italia\" \/>\n<meta property=\"og:url\" content=\"https:\/\/www.chaletnata.com\/de\/unser-angebot\/\" \/>\n<meta property=\"og:site_name\" content=\"Chalet Nata\" \/>\n<meta property=\"article:modified_time\" content=\"2024-12-07T17:41:42+00:00\" \/>\n<meta property=\"og:image\" content=\"https:\/\/www.chaletnata.com\/wp-content\/uploads\/2013\/02\/offerta.jpg\" \/>\n\t<meta property=\"og:image:width\" content=\"500\" \/>\n\t<meta property=\"og:image:height\" content=\"500\" \/>\n\t<meta property=\"og:image:type\" content=\"image\/jpeg\" \/>\n<meta name=\"twitter:card\" content=\"summary_large_image\" \/>\n<meta name=\"twitter:label1\" content=\"Gesch\u00e4tzte Lesezeit\" \/>\n\t<meta name=\"twitter:data1\" content=\"2\u00a0Minuten\" \/>\n<script type=\"application\/ld+json\" class=\"yoast-schema-graph\">{\"@context\":\"https:\/\/schema.org\",\"@graph\":[{\"@type\":\"WebPage\",\"@id\":\"https:\/\/www.chaletnata.com\/de\/unser-angebot\/\",\"url\":\"https:\/\/www.chaletnata.com\/de\/unser-angebot\/\",\"name\":\"La nostra offerta Appartamenti Chalet Nata a Vigo di Fassa in Val di Fassa Dolomiti Trentino Alto Adige\",\"isPartOf\":{\"@id\":\"https:\/\/www.chaletnata.com\/en\/#website\"},\"primaryImageOfPage\":{\"@id\":\"https:\/\/www.chaletnata.com\/de\/unser-angebot\/#primaryimage\"},\"image\":{\"@id\":\"https:\/\/www.chaletnata.com\/de\/unser-angebot\/#primaryimage\"},\"thumbnailUrl\":\"http:\/\/www.chaletnata.com\/wp-content\/uploads\/2013\/02\/offerta-300x300.jpg\",\"datePublished\":\"2013-02-25T17:20:57+00:00\",\"dateModified\":\"2024-12-07T17:41:42+00:00\",\"description\":\"La nostra offerta Chalet Nata Appartamenti in Val di Fassa Vigo di Fassa Dolomiti Trentino Alto Adige Dolomiti Italy alpi alps airbnb Italia\",\"breadcrumb\":{\"@id\":\"https:\/\/www.chaletnata.com\/de\/unser-angebot\/#breadcrumb\"},\"inLanguage\":\"de\",\"potentialAction\":[{\"@type\":\"ReadAction\",\"target\":[\"https:\/\/www.chaletnata.com\/de\/unser-angebot\/\"]}]},{\"@type\":\"ImageObject\",\"inLanguage\":\"de\",\"@id\":\"https:\/\/www.chaletnata.com\/de\/unser-angebot\/#primaryimage\",\"url\":\"http:\/\/www.chaletnata.com\/wp-content\/uploads\/2013\/02\/offerta-300x300.jpg\",\"contentUrl\":\"http:\/\/www.chaletnata.com\/wp-content\/uploads\/2013\/02\/offerta-300x300.jpg\"},{\"@type\":\"BreadcrumbList\",\"@id\":\"https:\/\/www.chaletnata.com\/de\/unser-angebot\/#breadcrumb\",\"itemListElement\":[{\"@type\":\"ListItem\",\"position\":1,\"name\":\"Home\",\"item\":\"https:\/\/www.chaletnata.com\/de\/\"},{\"@type\":\"ListItem\",\"position\":2,\"name\":\"Unser Angebot\"}]},{\"@type\":\"WebSite\",\"@id\":\"https:\/\/www.chaletnata.com\/en\/#website\",\"url\":\"https:\/\/www.chaletnata.com\/en\/\",\"name\":\"Chalet Nata\",\"description\":\"Appartamenti Turistici in Val di Fassa - Apartmens Dolomites - Ferienwhonung Dolomiten\",\"potentialAction\":[{\"@type\":\"SearchAction\",\"target\":{\"@type\":\"EntryPoint\",\"urlTemplate\":\"https:\/\/www.chaletnata.com\/en\/?s={search_term_string}\"},\"query-input\":{\"@type\":\"PropertyValueSpecification\",\"valueRequired\":true,\"valueName\":\"search_term_string\"}}],\"inLanguage\":\"de\"}]}<\/script>\n<!-- \/ Yoast SEO plugin. -->","yoast_head_json":{"title":"La nostra offerta Appartamenti Chalet Nata a Vigo di Fassa in Val di Fassa Dolomiti Trentino Alto Adige","description":"La nostra offerta Chalet Nata Appartamenti in Val di Fassa Vigo di Fassa Dolomiti Trentino Alto Adige Dolomiti Italy alpi alps airbnb Italia","robots":{"index":"index","follow":"follow","max-snippet":"max-snippet:-1","max-image-preview":"max-image-preview:large","max-video-preview":"max-video-preview:-1"},"canonical":"https:\/\/www.chaletnata.com\/de\/unser-angebot\/","og_locale":"de_DE","og_type":"article","og_title":"La nostra offerta Appartamenti Chalet Nata a Vigo di Fassa in Val di Fassa Dolomiti Trentino Alto Adige","og_description":"La nostra offerta Chalet Nata Appartamenti in Val di Fassa Vigo di Fassa Dolomiti Trentino Alto Adige Dolomiti Italy alpi alps airbnb Italia","og_url":"https:\/\/www.chaletnata.com\/de\/unser-angebot\/","og_site_name":"Chalet Nata","article_modified_time":"2024-12-07T17:41:42+00:00","og_image":[{"width":500,"height":500,"url":"https:\/\/www.chaletnata.com\/wp-content\/uploads\/2013\/02\/offerta.jpg","type":"image\/jpeg"}],"twitter_card":"summary_large_image","twitter_misc":{"Gesch\u00e4tzte Lesezeit":"2\u00a0Minuten"},"schema":{"@context":"https:\/\/schema.org","@graph":[{"@type":"WebPage","@id":"https:\/\/www.chaletnata.com\/de\/unser-angebot\/","url":"https:\/\/www.chaletnata.com\/de\/unser-angebot\/","name":"La nostra offerta Appartamenti Chalet Nata a Vigo di Fassa in Val di Fassa Dolomiti Trentino Alto Adige","isPartOf":{"@id":"https:\/\/www.chaletnata.com\/en\/#website"},"primaryImageOfPage":{"@id":"https:\/\/www.chaletnata.com\/de\/unser-angebot\/#primaryimage"},"image":{"@id":"https:\/\/www.chaletnata.com\/de\/unser-angebot\/#primaryimage"},"thumbnailUrl":"http:\/\/www.chaletnata.com\/wp-content\/uploads\/2013\/02\/offerta-300x300.jpg","datePublished":"2013-02-25T17:20:57+00:00","dateModified":"2024-12-07T17:41:42+00:00","description":"La nostra offerta Chalet Nata Appartamenti in Val di Fassa Vigo di Fassa Dolomiti Trentino Alto Adige Dolomiti Italy alpi alps airbnb Italia","breadcrumb":{"@id":"https:\/\/www.chaletnata.com\/de\/unser-angebot\/#breadcrumb"},"inLanguage":"de","potentialAction":[{"@type":"ReadAction","target":["https:\/\/www.chaletnata.com\/de\/unser-angebot\/"]}]},{"@type":"ImageObject","inLanguage":"de","@id":"https:\/\/www.chaletnata.com\/de\/unser-angebot\/#primaryimage","url":"http:\/\/www.chaletnata.com\/wp-content\/uploads\/2013\/02\/offerta-300x300.jpg","contentUrl":"http:\/\/www.chaletnata.com\/wp-content\/uploads\/2013\/02\/offerta-300x300.jpg"},{"@type":"BreadcrumbList","@id":"https:\/\/www.chaletnata.com\/de\/unser-angebot\/#breadcrumb","itemListElement":[{"@type":"ListItem","position":1,"name":"Home","item":"https:\/\/www.chaletnata.com\/de\/"},{"@type":"ListItem","position":2,"name":"Unser Angebot"}]},{"@type":"WebSite","@id":"https:\/\/www.chaletnata.com\/en\/#website","url":"https:\/\/www.chaletnata.com\/en\/","name":"Chalet Nata","description":"Appartamenti Turistici in Val di Fassa - Apartmens Dolomites - Ferienwhonung Dolomiten","potentialAction":[{"@type":"SearchAction","target":{"@type":"EntryPoint","urlTemplate":"https:\/\/www.chaletnata.com\/en\/?s={search_term_string}"},"query-input":{"@type":"PropertyValueSpecification","valueRequired":true,"valueName":"search_term_string"}}],"inLanguage":"de"}]}},"_links":{"self":[{"href":"https:\/\/www.chaletnata.com\/de\/wp-json\/wp\/v2\/pages\/4472\/"}],"collection":[{"href":"https:\/\/www.chaletnata.com\/de\/wp-json\/wp\/v2\/pages\/"}],"about":[{"href":"https:\/\/www.chaletnata.com\/de\/wp-json\/wp\/v2\/types\/page\/"}],"author":[{"embeddable":true,"href":"https:\/\/www.chaletnata.com\/de\/wp-json\/wp\/v2\/users\/1\/"}],"replies":[{"embeddable":true,"href":"https:\/\/www.chaletnata.com\/de\/wp-json\/wp\/v2\/comments\/?post=4472"}],"version-history":[{"count":4,"href":"https:\/\/www.chaletnata.com\/de\/wp-json\/wp\/v2\/pages\/4472\/revisions\/"}],"predecessor-version":[{"id":5667,"href":"https:\/\/www.chaletnata.com\/de\/wp-json\/wp\/v2\/pages\/4472\/revisions\/5667\/"}],"wp:attachment":[{"href":"https:\/\/www.chaletnata.com\/de\/wp-json\/wp\/v2\/media\/?parent=4472"}],"curies":[{"name":"wp","href":"https:\/\/api.w.org\/{rel}","templated":true}]}}