{"id":4465,"date":"2013-02-24T17:23:55","date_gmt":"2013-02-24T16:23:55","guid":{"rendered":"http:\/\/www.chaletnata.com\/appartamenti\/orione\/?lang=de"},"modified":"2016-11-17T11:20:38","modified_gmt":"2016-11-17T10:20:38","slug":"orion","status":"publish","type":"page","link":"https:\/\/www.chaletnata.com\/de\/apartments\/orion\/","title":{"rendered":"Orion"},"content":{"rendered":"<p>[vc_row][vc_column][vc_column_text]<img loading=\"lazy\" decoding=\"async\" class=\"alignright wp-image-4384 size-medium\" src=\"http:\/\/www.chaletnata.com\/wp-content\/uploads\/2013\/02\/orione-300x300.jpg\" alt=\"orione\" width=\"300\" height=\"300\" srcset=\"https:\/\/www.chaletnata.com\/wp-content\/uploads\/2013\/02\/orione-300x300.jpg 300w, https:\/\/www.chaletnata.com\/wp-content\/uploads\/2013\/02\/orione-150x150.jpg 150w, https:\/\/www.chaletnata.com\/wp-content\/uploads\/2013\/02\/orione-100x100.jpg 100w, https:\/\/www.chaletnata.com\/wp-content\/uploads\/2013\/02\/orione-50x50.jpg 50w, https:\/\/www.chaletnata.com\/wp-content\/uploads\/2013\/02\/orione.jpg 500w\" sizes=\"auto, (max-width: 300px) 100vw, 300px\" \/><\/p>\n<p>Wenn Sie in den Wintern\u00e4chten, wenn der wei\u00dfe Schnee das Tal, die B\u00e4ume und die H\u00e4user bedeckt, vor die T\u00fcr treten und in Richtung Cima Dodici schauen, werden sie von dem Himmelsschauspiel, das sich Ihnen bietet, geblendet werden. Und genau dort, ein wenig weiter oben, erblicken Sie das unverwechselbare Sternbild des Orion.<\/p>\n<p>Im Inneren des Apartment finden Sie die zauberhafte Atmosph\u00e4re einer holzvert\u00e4felten Wohnstube. Die Fu\u00dfb\u00f6den sind wie einst aus L\u00e4rchenholz, die Eckbank und die K\u00fcche sind mit Tannenholz verkleidet. Es fehlen aber nicht moderne Elektroger\u00e4te, wie K\u00fchlschrank, Eisschrank, Glaskeramikkochfeld, Ofen, Sp\u00fclmaschine und andere kleine Dinge, die ihren Wohnraum funktionell machen. Ein Bettsofa und ein moderner Fernseher erg\u00e4nzen diesen Raum. Das folgende Zimmer ist das Schlafzimmer. Auch dieses hat einen Fu\u00dfboden aus L\u00e4rchenholz und M\u00f6bel aus Tanne. Dank einem Schreibtisch mit einem, ans Internet angeschlossenen Computer, haben Sie sofort die M\u00f6glichkeit Ihren Freunden mitzuteilen,\u00a0 wie wundersch\u00f6n Ihre Urlaubstage im Fassatal sind. Neben dem Schlafzimmer ist ein Bad mit Dusche und Waschmaschine. Ein zweites Bad mit\u00a0 Dusche befindet sich neben der Wohnstube.<\/p>\n<p>Das Apartment ist ideal f\u00fcr 2 Personen,\u00a0 kann aber, dank dem bequemen Bettsofa, auch von 4 Personen bewohnt werden.[\/vc_column_text][\/vc_column][\/vc_row][vc_row][vc_column][vc_gallery interval=&#8220;5&#8243; images=&#8220;3780,4389,3778,3777,3776,3779,3775,3781,4388,3782,4386,4392&#8243; img_size=&#8220;full&#8220; title=&#8220;Bilder von der Apartment Orion&#8220;][\/vc_column][\/vc_row]<\/p>\n","protected":false},"excerpt":{"rendered":"<p>[vc_row][vc_column][vc_column_text] Wenn Sie in den Wintern\u00e4chten, wenn der wei\u00dfe Schnee das Tal, die B\u00e4ume und die H\u00e4user bedeckt, vor die T\u00fcr treten und in Richtung Cima Dodici schauen, werden sie von dem Himmelsschauspiel, das sich Ihnen bietet, geblendet werden. Und genau dort, ein wenig weiter oben, erblicken Sie das unverwechselbare Sternbild des Orion. Im Inneren[&#8230;]<\/p>\n","protected":false},"author":1,"featured_media":0,"parent":4463,"menu_order":0,"comment_status":"open","ping_status":"closed","template":"","meta":{"footnotes":""},"class_list":["post-4465","page","type-page","status-publish","hentry"],"yoast_head":"<!-- This site is optimized with the Yoast SEO plugin v26.9 - https:\/\/yoast.com\/product\/yoast-seo-wordpress\/ -->\n<title>L&#039;appartamento Orione del Chalet Nata a Vigo di Fassa in Val di Fassa Dolomiti Trentino Alto Adige<\/title>\n<meta name=\"description\" content=\"Appartamento Orione al Chalet Nata a Vigo di Fassa Val di Fassa Dolomiti Trentino Alto Adige Italy alps Alpi orientali Montagna Airbnb\" \/>\n<meta name=\"robots\" content=\"index, follow, max-snippet:-1, max-image-preview:large, max-video-preview:-1\" \/>\n<link rel=\"canonical\" href=\"https:\/\/www.chaletnata.com\/de\/apartments\/orion\/\" \/>\n<meta property=\"og:locale\" content=\"de_DE\" \/>\n<meta property=\"og:type\" content=\"article\" \/>\n<meta property=\"og:title\" content=\"L&#039;appartamento Orione del Chalet Nata a Vigo di Fassa in Val di Fassa Dolomiti Trentino Alto Adige\" \/>\n<meta property=\"og:description\" content=\"Appartamento Orione al Chalet Nata a Vigo di Fassa Val di Fassa Dolomiti Trentino Alto Adige Italy alps Alpi orientali Montagna Airbnb\" \/>\n<meta property=\"og:url\" content=\"https:\/\/www.chaletnata.com\/de\/apartments\/orion\/\" \/>\n<meta property=\"og:site_name\" content=\"Chalet Nata\" \/>\n<meta property=\"article:modified_time\" content=\"2016-11-17T10:20:38+00:00\" \/>\n<meta property=\"og:image\" content=\"https:\/\/www.chaletnata.com\/wp-content\/uploads\/2013\/02\/orione.jpg\" \/>\n\t<meta property=\"og:image:width\" content=\"500\" \/>\n\t<meta property=\"og:image:height\" content=\"500\" \/>\n\t<meta property=\"og:image:type\" content=\"image\/jpeg\" \/>\n<meta name=\"twitter:card\" content=\"summary_large_image\" \/>\n<meta name=\"twitter:label1\" content=\"Gesch\u00e4tzte Lesezeit\" \/>\n\t<meta name=\"twitter:data1\" content=\"1\u00a0Minute\" \/>\n<script type=\"application\/ld+json\" class=\"yoast-schema-graph\">{\"@context\":\"https:\/\/schema.org\",\"@graph\":[{\"@type\":\"WebPage\",\"@id\":\"https:\/\/www.chaletnata.com\/de\/apartments\/orion\/\",\"url\":\"https:\/\/www.chaletnata.com\/de\/apartments\/orion\/\",\"name\":\"L'appartamento Orione del Chalet Nata a Vigo di Fassa in Val di Fassa Dolomiti Trentino Alto Adige\",\"isPartOf\":{\"@id\":\"https:\/\/www.chaletnata.com\/en\/#website\"},\"primaryImageOfPage\":{\"@id\":\"https:\/\/www.chaletnata.com\/de\/apartments\/orion\/#primaryimage\"},\"image\":{\"@id\":\"https:\/\/www.chaletnata.com\/de\/apartments\/orion\/#primaryimage\"},\"thumbnailUrl\":\"http:\/\/www.chaletnata.com\/wp-content\/uploads\/2013\/02\/orione-300x300.jpg\",\"datePublished\":\"2013-02-24T16:23:55+00:00\",\"dateModified\":\"2016-11-17T10:20:38+00:00\",\"description\":\"Appartamento Orione al Chalet Nata a Vigo di Fassa Val di Fassa Dolomiti Trentino Alto Adige Italy alps Alpi orientali Montagna Airbnb\",\"breadcrumb\":{\"@id\":\"https:\/\/www.chaletnata.com\/de\/apartments\/orion\/#breadcrumb\"},\"inLanguage\":\"de\",\"potentialAction\":[{\"@type\":\"ReadAction\",\"target\":[\"https:\/\/www.chaletnata.com\/de\/apartments\/orion\/\"]}]},{\"@type\":\"ImageObject\",\"inLanguage\":\"de\",\"@id\":\"https:\/\/www.chaletnata.com\/de\/apartments\/orion\/#primaryimage\",\"url\":\"http:\/\/www.chaletnata.com\/wp-content\/uploads\/2013\/02\/orione-300x300.jpg\",\"contentUrl\":\"http:\/\/www.chaletnata.com\/wp-content\/uploads\/2013\/02\/orione-300x300.jpg\"},{\"@type\":\"BreadcrumbList\",\"@id\":\"https:\/\/www.chaletnata.com\/de\/apartments\/orion\/#breadcrumb\",\"itemListElement\":[{\"@type\":\"ListItem\",\"position\":1,\"name\":\"Home\",\"item\":\"https:\/\/www.chaletnata.com\/de\/\"},{\"@type\":\"ListItem\",\"position\":2,\"name\":\"Apartments\",\"item\":\"https:\/\/www.chaletnata.com\/de\/apartments\/\"},{\"@type\":\"ListItem\",\"position\":3,\"name\":\"Orion\"}]},{\"@type\":\"WebSite\",\"@id\":\"https:\/\/www.chaletnata.com\/en\/#website\",\"url\":\"https:\/\/www.chaletnata.com\/en\/\",\"name\":\"Chalet Nata\",\"description\":\"Appartamenti Turistici in Val di Fassa - Apartmens Dolomites - Ferienwhonung Dolomiten\",\"potentialAction\":[{\"@type\":\"SearchAction\",\"target\":{\"@type\":\"EntryPoint\",\"urlTemplate\":\"https:\/\/www.chaletnata.com\/en\/?s={search_term_string}\"},\"query-input\":{\"@type\":\"PropertyValueSpecification\",\"valueRequired\":true,\"valueName\":\"search_term_string\"}}],\"inLanguage\":\"de\"}]}<\/script>\n<!-- \/ Yoast SEO plugin. -->","yoast_head_json":{"title":"L'appartamento Orione del Chalet Nata a Vigo di Fassa in Val di Fassa Dolomiti Trentino Alto Adige","description":"Appartamento Orione al Chalet Nata a Vigo di Fassa Val di Fassa Dolomiti Trentino Alto Adige Italy alps Alpi orientali Montagna Airbnb","robots":{"index":"index","follow":"follow","max-snippet":"max-snippet:-1","max-image-preview":"max-image-preview:large","max-video-preview":"max-video-preview:-1"},"canonical":"https:\/\/www.chaletnata.com\/de\/apartments\/orion\/","og_locale":"de_DE","og_type":"article","og_title":"L'appartamento Orione del Chalet Nata a Vigo di Fassa in Val di Fassa Dolomiti Trentino Alto Adige","og_description":"Appartamento Orione al Chalet Nata a Vigo di Fassa Val di Fassa Dolomiti Trentino Alto Adige Italy alps Alpi orientali Montagna Airbnb","og_url":"https:\/\/www.chaletnata.com\/de\/apartments\/orion\/","og_site_name":"Chalet Nata","article_modified_time":"2016-11-17T10:20:38+00:00","og_image":[{"width":500,"height":500,"url":"https:\/\/www.chaletnata.com\/wp-content\/uploads\/2013\/02\/orione.jpg","type":"image\/jpeg"}],"twitter_card":"summary_large_image","twitter_misc":{"Gesch\u00e4tzte Lesezeit":"1\u00a0Minute"},"schema":{"@context":"https:\/\/schema.org","@graph":[{"@type":"WebPage","@id":"https:\/\/www.chaletnata.com\/de\/apartments\/orion\/","url":"https:\/\/www.chaletnata.com\/de\/apartments\/orion\/","name":"L'appartamento Orione del Chalet Nata a Vigo di Fassa in Val di Fassa Dolomiti Trentino Alto Adige","isPartOf":{"@id":"https:\/\/www.chaletnata.com\/en\/#website"},"primaryImageOfPage":{"@id":"https:\/\/www.chaletnata.com\/de\/apartments\/orion\/#primaryimage"},"image":{"@id":"https:\/\/www.chaletnata.com\/de\/apartments\/orion\/#primaryimage"},"thumbnailUrl":"http:\/\/www.chaletnata.com\/wp-content\/uploads\/2013\/02\/orione-300x300.jpg","datePublished":"2013-02-24T16:23:55+00:00","dateModified":"2016-11-17T10:20:38+00:00","description":"Appartamento Orione al Chalet Nata a Vigo di Fassa Val di Fassa Dolomiti Trentino Alto Adige Italy alps Alpi orientali Montagna Airbnb","breadcrumb":{"@id":"https:\/\/www.chaletnata.com\/de\/apartments\/orion\/#breadcrumb"},"inLanguage":"de","potentialAction":[{"@type":"ReadAction","target":["https:\/\/www.chaletnata.com\/de\/apartments\/orion\/"]}]},{"@type":"ImageObject","inLanguage":"de","@id":"https:\/\/www.chaletnata.com\/de\/apartments\/orion\/#primaryimage","url":"http:\/\/www.chaletnata.com\/wp-content\/uploads\/2013\/02\/orione-300x300.jpg","contentUrl":"http:\/\/www.chaletnata.com\/wp-content\/uploads\/2013\/02\/orione-300x300.jpg"},{"@type":"BreadcrumbList","@id":"https:\/\/www.chaletnata.com\/de\/apartments\/orion\/#breadcrumb","itemListElement":[{"@type":"ListItem","position":1,"name":"Home","item":"https:\/\/www.chaletnata.com\/de\/"},{"@type":"ListItem","position":2,"name":"Apartments","item":"https:\/\/www.chaletnata.com\/de\/apartments\/"},{"@type":"ListItem","position":3,"name":"Orion"}]},{"@type":"WebSite","@id":"https:\/\/www.chaletnata.com\/en\/#website","url":"https:\/\/www.chaletnata.com\/en\/","name":"Chalet Nata","description":"Appartamenti Turistici in Val di Fassa - Apartmens Dolomites - Ferienwhonung Dolomiten","potentialAction":[{"@type":"SearchAction","target":{"@type":"EntryPoint","urlTemplate":"https:\/\/www.chaletnata.com\/en\/?s={search_term_string}"},"query-input":{"@type":"PropertyValueSpecification","valueRequired":true,"valueName":"search_term_string"}}],"inLanguage":"de"}]}},"_links":{"self":[{"href":"https:\/\/www.chaletnata.com\/de\/wp-json\/wp\/v2\/pages\/4465\/"}],"collection":[{"href":"https:\/\/www.chaletnata.com\/de\/wp-json\/wp\/v2\/pages\/"}],"about":[{"href":"https:\/\/www.chaletnata.com\/de\/wp-json\/wp\/v2\/types\/page\/"}],"author":[{"embeddable":true,"href":"https:\/\/www.chaletnata.com\/de\/wp-json\/wp\/v2\/users\/1\/"}],"replies":[{"embeddable":true,"href":"https:\/\/www.chaletnata.com\/de\/wp-json\/wp\/v2\/comments\/?post=4465"}],"version-history":[{"count":3,"href":"https:\/\/www.chaletnata.com\/de\/wp-json\/wp\/v2\/pages\/4465\/revisions\/"}],"predecessor-version":[{"id":4656,"href":"https:\/\/www.chaletnata.com\/de\/wp-json\/wp\/v2\/pages\/4465\/revisions\/4656\/"}],"up":[{"embeddable":true,"href":"https:\/\/www.chaletnata.com\/de\/wp-json\/wp\/v2\/pages\/4463\/"}],"wp:attachment":[{"href":"https:\/\/www.chaletnata.com\/de\/wp-json\/wp\/v2\/media\/?parent=4465"}],"curies":[{"name":"wp","href":"https:\/\/api.w.org\/{rel}","templated":true}]}}