{"id":4457,"date":"2013-02-26T22:09:56","date_gmt":"2013-02-26T21:09:56","guid":{"rendered":"http:\/\/www.chaletnata.com\/chalet-nata\/vigo-di-fassa\/?lang=de"},"modified":"2019-12-17T14:25:27","modified_gmt":"2019-12-17T13:25:27","slug":"vigo-di-fassa","status":"publish","type":"page","link":"https:\/\/www.chaletnata.com\/de\/chalet-nata\/vigo-di-fassa\/","title":{"rendered":"Vigo di Fassa"},"content":{"rendered":"<p>[vc_row][vc_column][vc_column_text]Das Chalet befindet sich in der Urlaubsort Larcion\u00e8, Vigo di Fassa, Val di Fassa im Trentino Alto Adige. Unser Haus befindet sich auf 1400 Metern \u00fcber dem Meeresspiegel gelegen und genie\u00dft eine hervorragende Lage mit einem spektakul\u00e4ren Blick in einer sehr ruhigen Gegend, so dass die Stra\u00dfe de Larcion\u00e8 im Chalet f\u00fchrt direkt dort endet. Mit Google Maps Sie sehr gut sehen, wie man das Haus zu bekommen, w\u00e4hrend f\u00fcr diejenigen, die auf die alte Weise zu besuchen m\u00f6chten, k\u00f6nnen wir Ihnen einen Hinweis auf die Stra\u00dfe von der Stadt Vigo di Fassa f\u00fchrt zum Passo Carezza \/ Karerpass geben. Unmittelbar aus dem Dorf von Vigo di Fassa in Richtung Schritt auf der linken Seite Sie das letzte Hotel zu finden, das Hotel Belvedere, nach einem Gesch\u00e4ft Maschine und unmittelbar nach der Stra\u00dfe de Larcion\u00e8 (alter Name Via Larzonei), immer auf belassen. Der Umsatz in der Stra\u00dfe, nehmen Sie es den ganzen Weg durch, wenn die Stra\u00dfe nach links ab und biegen geht, bis Sie wieder in der Ebene sind und um 180 Grad gedreht zum Eingang. Gehen Sie die letzten Meter nach unten und auf der rechten Seite scheint es, unser Chalet Nata.[\/vc_column_text][\/vc_column][\/vc_row][vc_row][vc_column][vc_column_text]<iframe loading=\"lazy\" style=\"border: 0;\" src=\"https:\/\/www.google.com\/maps\/embed?pb=!1m18!1m12!1m3!1d1635.6323807315487!2d11.66914039189292!3d46.413123773252025!2m3!1f0!2f0!3f0!3m2!1i1024!2i768!4f13.1!3m3!1m2!1s0x0%3A0x8c40a4343698fb19!2sChalet%20Nata!5e0!3m2!1sit!2sit!4v1576588877615!5m2!1sit!2sit\" width=\"100%\" height=\"600\" frameborder=\"0\" allowfullscreen=\"allowfullscreen\"><\/iframe>[\/vc_column_text][\/vc_column][\/vc_row][vc_row][vc_column][vc_column_text]<iframe loading=\"lazy\" src=\"https:\/\/maps.google.it\/maps?hl=it&amp;q=chalet+nata&amp;ie=UTF8&amp;hq=chalet+nata&amp;hnear=Vigo+di+Fassa,+Trentino-alto+Adige&amp;ll=46.412941,11.670227&amp;spn=0.017429,0.010231&amp;t=m&amp;layer=c&amp;cbll=46.413166,11.669822&amp;panoid=jkVDY_LnirQoiNgzhaGfxg&amp;cbp=12,128.87,,0,0.07&amp;source=embed&amp;output=svembed\" width=\"100%\" height=\"400\" frameborder=\"0\" marginwidth=\"0\" marginheight=\"0\" scrolling=\"no\"><\/iframe><\/p>\n<p><strong><span style=\"font-size: medium;\">CHALET NATA<br \/>\n<\/span><\/strong><span style=\"font-size: small;\">di Sessa Anton<br \/>\nStrada de Larcion\u00e8, 48<br \/>\n38039 Vigo di Fassa (TN) &#8211; Italy<\/span><\/p>\n<p>Tel. +39 335 60 69 121<\/p>\n<p>E-mail: <a href=\"mailto:info@chaletnata.com\" target=\"_blank\" rel=\"noopener noreferrer\">info@chaletnata.com<\/a><br \/>\nWeb Site: <a href=\"http:\/\/www.chaletnata.com\">www.chaletnata.com<\/a><\/p>\n<p><img loading=\"lazy\" decoding=\"async\" class=\"aligncenter wp-image-4377 size-full\" src=\"http:\/\/www.chaletnata.com\/wp-content\/uploads\/2013\/02\/chalet-alto.jpg\" alt=\"vigo di fassa - localit\u00e0 larcion\u00e8\" width=\"1440\" height=\"600\" srcset=\"https:\/\/www.chaletnata.com\/wp-content\/uploads\/2013\/02\/chalet-alto.jpg 1440w, https:\/\/www.chaletnata.com\/wp-content\/uploads\/2013\/02\/chalet-alto-300x125.jpg 300w, https:\/\/www.chaletnata.com\/wp-content\/uploads\/2013\/02\/chalet-alto-768x320.jpg 768w, https:\/\/www.chaletnata.com\/wp-content\/uploads\/2013\/02\/chalet-alto-1024x427.jpg 1024w, https:\/\/www.chaletnata.com\/wp-content\/uploads\/2013\/02\/chalet-alto-567x236.jpg 567w, https:\/\/www.chaletnata.com\/wp-content\/uploads\/2013\/02\/chalet-alto-1140x475.jpg 1140w\" sizes=\"auto, (max-width: 1440px) 100vw, 1440px\" \/>[\/vc_column_text][\/vc_column][\/vc_row]<\/p>\n","protected":false},"excerpt":{"rendered":"<p>[vc_row][vc_column][vc_column_text]Das Chalet befindet sich in der Urlaubsort Larcion\u00e8, Vigo di Fassa, Val di Fassa im Trentino Alto Adige. Unser Haus befindet sich auf 1400 Metern \u00fcber dem Meeresspiegel gelegen und genie\u00dft eine hervorragende Lage mit einem spektakul\u00e4ren Blick in einer sehr ruhigen Gegend, so dass die Stra\u00dfe de Larcion\u00e8 im Chalet f\u00fchrt direkt dort endet.[&#8230;]<\/p>\n","protected":false},"author":1,"featured_media":0,"parent":4448,"menu_order":0,"comment_status":"open","ping_status":"closed","template":"","meta":{"footnotes":""},"class_list":["post-4457","page","type-page","status-publish","hentry"],"yoast_head":"<!-- This site is optimized with the Yoast SEO plugin v26.9 - https:\/\/yoast.com\/product\/yoast-seo-wordpress\/ -->\n<title>Vigo di Fassa - Chalet Nata in Val di Fassa Dolomiti Trentino Alto Adige Italy<\/title>\n<meta name=\"description\" content=\"Lo Chalet Nata si trova a Vigo di Fassa in Val di Fassa tra le Dolomiti pi\u00f9 belle del mondo in Trentino Alto Adige sulle Alpi orientali in Italia\" \/>\n<meta name=\"robots\" content=\"index, follow, max-snippet:-1, max-image-preview:large, max-video-preview:-1\" \/>\n<link rel=\"canonical\" href=\"https:\/\/www.chaletnata.com\/de\/chalet-nata\/vigo-di-fassa\/\" \/>\n<meta property=\"og:locale\" content=\"de_DE\" \/>\n<meta property=\"og:type\" content=\"article\" \/>\n<meta property=\"og:title\" content=\"Vigo di Fassa - Chalet Nata in Val di Fassa Dolomiti Trentino Alto Adige Italy\" \/>\n<meta property=\"og:description\" content=\"Lo Chalet Nata si trova a Vigo di Fassa in Val di Fassa tra le Dolomiti pi\u00f9 belle del mondo in Trentino Alto Adige sulle Alpi orientali in Italia\" \/>\n<meta property=\"og:url\" content=\"https:\/\/www.chaletnata.com\/de\/chalet-nata\/vigo-di-fassa\/\" \/>\n<meta property=\"og:site_name\" content=\"Chalet Nata\" \/>\n<meta property=\"article:modified_time\" content=\"2019-12-17T13:25:27+00:00\" \/>\n<meta property=\"og:image\" content=\"https:\/\/www.chaletnata.com\/wp-content\/uploads\/2013\/02\/chalet-alto.jpg\" \/>\n\t<meta property=\"og:image:width\" content=\"1440\" \/>\n\t<meta property=\"og:image:height\" content=\"600\" \/>\n\t<meta property=\"og:image:type\" content=\"image\/jpeg\" \/>\n<meta name=\"twitter:card\" content=\"summary_large_image\" \/>\n<meta name=\"twitter:label1\" content=\"Gesch\u00e4tzte Lesezeit\" \/>\n\t<meta name=\"twitter:data1\" content=\"1\u00a0Minute\" \/>\n<script type=\"application\/ld+json\" class=\"yoast-schema-graph\">{\"@context\":\"https:\/\/schema.org\",\"@graph\":[{\"@type\":\"WebPage\",\"@id\":\"https:\/\/www.chaletnata.com\/de\/chalet-nata\/vigo-di-fassa\/\",\"url\":\"https:\/\/www.chaletnata.com\/de\/chalet-nata\/vigo-di-fassa\/\",\"name\":\"Vigo di Fassa - Chalet Nata in Val di Fassa Dolomiti Trentino Alto Adige Italy\",\"isPartOf\":{\"@id\":\"https:\/\/www.chaletnata.com\/en\/#website\"},\"primaryImageOfPage\":{\"@id\":\"https:\/\/www.chaletnata.com\/de\/chalet-nata\/vigo-di-fassa\/#primaryimage\"},\"image\":{\"@id\":\"https:\/\/www.chaletnata.com\/de\/chalet-nata\/vigo-di-fassa\/#primaryimage\"},\"thumbnailUrl\":\"http:\/\/www.chaletnata.com\/wp-content\/uploads\/2013\/02\/chalet-alto.jpg\",\"datePublished\":\"2013-02-26T21:09:56+00:00\",\"dateModified\":\"2019-12-17T13:25:27+00:00\",\"description\":\"Lo Chalet Nata si trova a Vigo di Fassa in Val di Fassa tra le Dolomiti pi\u00f9 belle del mondo in Trentino Alto Adige sulle Alpi orientali in Italia\",\"breadcrumb\":{\"@id\":\"https:\/\/www.chaletnata.com\/de\/chalet-nata\/vigo-di-fassa\/#breadcrumb\"},\"inLanguage\":\"de\",\"potentialAction\":[{\"@type\":\"ReadAction\",\"target\":[\"https:\/\/www.chaletnata.com\/de\/chalet-nata\/vigo-di-fassa\/\"]}]},{\"@type\":\"ImageObject\",\"inLanguage\":\"de\",\"@id\":\"https:\/\/www.chaletnata.com\/de\/chalet-nata\/vigo-di-fassa\/#primaryimage\",\"url\":\"http:\/\/www.chaletnata.com\/wp-content\/uploads\/2013\/02\/chalet-alto.jpg\",\"contentUrl\":\"http:\/\/www.chaletnata.com\/wp-content\/uploads\/2013\/02\/chalet-alto.jpg\"},{\"@type\":\"BreadcrumbList\",\"@id\":\"https:\/\/www.chaletnata.com\/de\/chalet-nata\/vigo-di-fassa\/#breadcrumb\",\"itemListElement\":[{\"@type\":\"ListItem\",\"position\":1,\"name\":\"Home\",\"item\":\"https:\/\/www.chaletnata.com\/de\/\"},{\"@type\":\"ListItem\",\"position\":2,\"name\":\"Chalet Nata\",\"item\":\"https:\/\/www.chaletnata.com\/de\/chalet-nata\/\"},{\"@type\":\"ListItem\",\"position\":3,\"name\":\"Vigo di Fassa\"}]},{\"@type\":\"WebSite\",\"@id\":\"https:\/\/www.chaletnata.com\/en\/#website\",\"url\":\"https:\/\/www.chaletnata.com\/en\/\",\"name\":\"Chalet Nata\",\"description\":\"Appartamenti Turistici in Val di Fassa - Apartmens Dolomites - Ferienwhonung Dolomiten\",\"potentialAction\":[{\"@type\":\"SearchAction\",\"target\":{\"@type\":\"EntryPoint\",\"urlTemplate\":\"https:\/\/www.chaletnata.com\/en\/?s={search_term_string}\"},\"query-input\":{\"@type\":\"PropertyValueSpecification\",\"valueRequired\":true,\"valueName\":\"search_term_string\"}}],\"inLanguage\":\"de\"}]}<\/script>\n<!-- \/ Yoast SEO plugin. -->","yoast_head_json":{"title":"Vigo di Fassa - Chalet Nata in Val di Fassa Dolomiti Trentino Alto Adige Italy","description":"Lo Chalet Nata si trova a Vigo di Fassa in Val di Fassa tra le Dolomiti pi\u00f9 belle del mondo in Trentino Alto Adige sulle Alpi orientali in Italia","robots":{"index":"index","follow":"follow","max-snippet":"max-snippet:-1","max-image-preview":"max-image-preview:large","max-video-preview":"max-video-preview:-1"},"canonical":"https:\/\/www.chaletnata.com\/de\/chalet-nata\/vigo-di-fassa\/","og_locale":"de_DE","og_type":"article","og_title":"Vigo di Fassa - Chalet Nata in Val di Fassa Dolomiti Trentino Alto Adige Italy","og_description":"Lo Chalet Nata si trova a Vigo di Fassa in Val di Fassa tra le Dolomiti pi\u00f9 belle del mondo in Trentino Alto Adige sulle Alpi orientali in Italia","og_url":"https:\/\/www.chaletnata.com\/de\/chalet-nata\/vigo-di-fassa\/","og_site_name":"Chalet Nata","article_modified_time":"2019-12-17T13:25:27+00:00","og_image":[{"width":1440,"height":600,"url":"https:\/\/www.chaletnata.com\/wp-content\/uploads\/2013\/02\/chalet-alto.jpg","type":"image\/jpeg"}],"twitter_card":"summary_large_image","twitter_misc":{"Gesch\u00e4tzte Lesezeit":"1\u00a0Minute"},"schema":{"@context":"https:\/\/schema.org","@graph":[{"@type":"WebPage","@id":"https:\/\/www.chaletnata.com\/de\/chalet-nata\/vigo-di-fassa\/","url":"https:\/\/www.chaletnata.com\/de\/chalet-nata\/vigo-di-fassa\/","name":"Vigo di Fassa - Chalet Nata in Val di Fassa Dolomiti Trentino Alto Adige Italy","isPartOf":{"@id":"https:\/\/www.chaletnata.com\/en\/#website"},"primaryImageOfPage":{"@id":"https:\/\/www.chaletnata.com\/de\/chalet-nata\/vigo-di-fassa\/#primaryimage"},"image":{"@id":"https:\/\/www.chaletnata.com\/de\/chalet-nata\/vigo-di-fassa\/#primaryimage"},"thumbnailUrl":"http:\/\/www.chaletnata.com\/wp-content\/uploads\/2013\/02\/chalet-alto.jpg","datePublished":"2013-02-26T21:09:56+00:00","dateModified":"2019-12-17T13:25:27+00:00","description":"Lo Chalet Nata si trova a Vigo di Fassa in Val di Fassa tra le Dolomiti pi\u00f9 belle del mondo in Trentino Alto Adige sulle Alpi orientali in Italia","breadcrumb":{"@id":"https:\/\/www.chaletnata.com\/de\/chalet-nata\/vigo-di-fassa\/#breadcrumb"},"inLanguage":"de","potentialAction":[{"@type":"ReadAction","target":["https:\/\/www.chaletnata.com\/de\/chalet-nata\/vigo-di-fassa\/"]}]},{"@type":"ImageObject","inLanguage":"de","@id":"https:\/\/www.chaletnata.com\/de\/chalet-nata\/vigo-di-fassa\/#primaryimage","url":"http:\/\/www.chaletnata.com\/wp-content\/uploads\/2013\/02\/chalet-alto.jpg","contentUrl":"http:\/\/www.chaletnata.com\/wp-content\/uploads\/2013\/02\/chalet-alto.jpg"},{"@type":"BreadcrumbList","@id":"https:\/\/www.chaletnata.com\/de\/chalet-nata\/vigo-di-fassa\/#breadcrumb","itemListElement":[{"@type":"ListItem","position":1,"name":"Home","item":"https:\/\/www.chaletnata.com\/de\/"},{"@type":"ListItem","position":2,"name":"Chalet Nata","item":"https:\/\/www.chaletnata.com\/de\/chalet-nata\/"},{"@type":"ListItem","position":3,"name":"Vigo di Fassa"}]},{"@type":"WebSite","@id":"https:\/\/www.chaletnata.com\/en\/#website","url":"https:\/\/www.chaletnata.com\/en\/","name":"Chalet Nata","description":"Appartamenti Turistici in Val di Fassa - Apartmens Dolomites - Ferienwhonung Dolomiten","potentialAction":[{"@type":"SearchAction","target":{"@type":"EntryPoint","urlTemplate":"https:\/\/www.chaletnata.com\/en\/?s={search_term_string}"},"query-input":{"@type":"PropertyValueSpecification","valueRequired":true,"valueName":"search_term_string"}}],"inLanguage":"de"}]}},"_links":{"self":[{"href":"https:\/\/www.chaletnata.com\/de\/wp-json\/wp\/v2\/pages\/4457\/"}],"collection":[{"href":"https:\/\/www.chaletnata.com\/de\/wp-json\/wp\/v2\/pages\/"}],"about":[{"href":"https:\/\/www.chaletnata.com\/de\/wp-json\/wp\/v2\/types\/page\/"}],"author":[{"embeddable":true,"href":"https:\/\/www.chaletnata.com\/de\/wp-json\/wp\/v2\/users\/1\/"}],"replies":[{"embeddable":true,"href":"https:\/\/www.chaletnata.com\/de\/wp-json\/wp\/v2\/comments\/?post=4457"}],"version-history":[{"count":3,"href":"https:\/\/www.chaletnata.com\/de\/wp-json\/wp\/v2\/pages\/4457\/revisions\/"}],"predecessor-version":[{"id":5188,"href":"https:\/\/www.chaletnata.com\/de\/wp-json\/wp\/v2\/pages\/4457\/revisions\/5188\/"}],"up":[{"embeddable":true,"href":"https:\/\/www.chaletnata.com\/de\/wp-json\/wp\/v2\/pages\/4448\/"}],"wp:attachment":[{"href":"https:\/\/www.chaletnata.com\/de\/wp-json\/wp\/v2\/media\/?parent=4457"}],"curies":[{"name":"wp","href":"https:\/\/api.w.org\/{rel}","templated":true}]}}