{"id":4453,"date":"2013-02-24T16:30:03","date_gmt":"2013-02-24T15:30:03","guid":{"rendered":"http:\/\/www.chaletnata.com\/chalet-nata\/storia\/?lang=de"},"modified":"2016-11-17T10:08:23","modified_gmt":"2016-11-17T09:08:23","slug":"geschichte","status":"publish","type":"page","link":"https:\/\/www.chaletnata.com\/de\/chalet-nata\/geschichte\/","title":{"rendered":"Geschichte"},"content":{"rendered":"<p>[vc_row][vc_column][vc_custom_heading text=&#8220;Seine Geschichte, 1901-2009, in Erinnerung an Renata geboren Chalet Nata&#8220; use_theme_fonts=&#8220;yes&#8220;][\/vc_column][\/vc_row][vc_row][vc_column width=&#8220;2\/3&#8243;][vc_column_text]Die ersten Grundsteine des Hauses gehen auf das Ende des 19. Jahrhunderts zur\u00fcck, w\u00e4hrend das jetzige Geb\u00e4ude 1901 erbaut wurde. In dem Haus wohnte die Familie Chiocchetti, die Mutter Crescenzia mit ihren S\u00f6hnen Vito, Carlo und Adolfo. Giovanni, der Vater, erbaute das Haus zusammen mit seinem Bruder Michele und lebte nur wenige Jahre darin, da er sehr jung sehr krank wurde. Sp\u00e4ter bewohnte der Sohn Adolfo bis zu seinem Tod im Jahr 1963 das Haus. Der Rest der Familie zog in den Jahren zuvor in den Ortskern von Vigo und baute das heute noch bestehende <a href=\"http:\/\/www.hotelcrescenzia.com\/de\" target=\"_blank\">Hotel Crescenzia<\/a>. Der Sohn Vito heiratete und bekam 6 Kinder. Die Erst geborene hie\u00df Renata und wurde von Freunden Nata genannt. Die Jahre vergingen und das Haus stand v\u00f6llig verlassen bis es zu einer Ruine wurde. Als Vito im Jahre 2002 starb, hinterlie\u00df er das Haus seiner Tochter Renata, meiner Frau. Gemeinsam haben wir es in den letzten Jahren geschafft, es wieder aufzubauen und ihm den antiken Glanz zur\u00fcckzugeben. Mit dem gleichen Aussehen unter Ber\u00fccksichtigung der Orginalstruktur.<\/p>\n<p>Leider hat\u00a0 Renata im Sommer 2008, als unser Projekt fast beendet war, dieses Leben verlassen, um ins ewige Leben einzutauchen. Daher habe ich in Ihrem Andenken das Haus weiter gebaut und ihm dann ihren Namen gegeben, Chalet Nata.<\/p>\n<div align=\"right\">Anton Sessa<\/div>\n<p>[\/vc_column_text][\/vc_column][vc_column width=&#8220;1\/3&#8243;][vc_single_image image=&#8220;3682&#8243; img_size=&#8220;medium&#8220; alignment=&#8220;center&#8220; onclick=&#8220;link_image&#8220; css_animation=&#8220;bottom-to-top&#8220;][vc_single_image image=&#8220;3679&#8243; img_size=&#8220;medium&#8220; alignment=&#8220;center&#8220; onclick=&#8220;link_image&#8220; css_animation=&#8220;top-to-bottom&#8220;][\/vc_column][\/vc_row]<\/p>\n","protected":false},"excerpt":{"rendered":"<p>[vc_row][vc_column][vc_custom_heading text=&#8220;Seine Geschichte, 1901-2009, in Erinnerung an Renata geboren Chalet Nata&#8220; use_theme_fonts=&#8220;yes&#8220;][\/vc_column][\/vc_row][vc_row][vc_column width=&#8220;2\/3&#8243;][vc_column_text]Die ersten Grundsteine des Hauses gehen auf das Ende des 19. Jahrhunderts zur\u00fcck, w\u00e4hrend das jetzige Geb\u00e4ude 1901 erbaut wurde. In dem Haus wohnte die Familie Chiocchetti, die Mutter Crescenzia mit ihren S\u00f6hnen Vito, Carlo und Adolfo. Giovanni, der Vater, erbaute das Haus[&#8230;]<\/p>\n","protected":false},"author":1,"featured_media":0,"parent":4448,"menu_order":0,"comment_status":"open","ping_status":"closed","template":"","meta":{"footnotes":""},"class_list":["post-4453","page","type-page","status-publish","hentry"],"yoast_head":"<!-- This site is optimized with the Yoast SEO plugin v26.9 - https:\/\/yoast.com\/product\/yoast-seo-wordpress\/ -->\n<title>La Storia del Chalet Nata - Appartamenti a Vigo di Fassa in Val di Fassa Dolomiti Trentino Alto Adige<\/title>\n<meta name=\"description\" content=\"La Storia del Chalet Nata Vigo di Fassa Larcion\u00e8 Val di Fassa Dolomiti Trentino Alto Adige Alpi Italia - Alps Italy dolomites\" \/>\n<meta name=\"robots\" content=\"index, follow, max-snippet:-1, max-image-preview:large, max-video-preview:-1\" \/>\n<link rel=\"canonical\" href=\"https:\/\/www.chaletnata.com\/de\/chalet-nata\/geschichte\/\" \/>\n<meta property=\"og:locale\" content=\"de_DE\" \/>\n<meta property=\"og:type\" content=\"article\" \/>\n<meta property=\"og:title\" content=\"La Storia del Chalet Nata - Appartamenti a Vigo di Fassa in Val di Fassa Dolomiti Trentino Alto Adige\" \/>\n<meta property=\"og:description\" content=\"La Storia del Chalet Nata Vigo di Fassa Larcion\u00e8 Val di Fassa Dolomiti Trentino Alto Adige Alpi Italia - Alps Italy dolomites\" \/>\n<meta property=\"og:url\" content=\"https:\/\/www.chaletnata.com\/de\/chalet-nata\/geschichte\/\" \/>\n<meta property=\"og:site_name\" content=\"Chalet Nata\" \/>\n<meta property=\"article:modified_time\" content=\"2016-11-17T09:08:23+00:00\" \/>\n<meta name=\"twitter:card\" content=\"summary_large_image\" \/>\n<meta name=\"twitter:label1\" content=\"Gesch\u00e4tzte Lesezeit\" \/>\n\t<meta name=\"twitter:data1\" content=\"1\u00a0Minute\" \/>\n<script type=\"application\/ld+json\" class=\"yoast-schema-graph\">{\"@context\":\"https:\/\/schema.org\",\"@graph\":[{\"@type\":\"WebPage\",\"@id\":\"https:\/\/www.chaletnata.com\/de\/chalet-nata\/geschichte\/\",\"url\":\"https:\/\/www.chaletnata.com\/de\/chalet-nata\/geschichte\/\",\"name\":\"La Storia del Chalet Nata - Appartamenti a Vigo di Fassa in Val di Fassa Dolomiti Trentino Alto Adige\",\"isPartOf\":{\"@id\":\"https:\/\/www.chaletnata.com\/en\/#website\"},\"datePublished\":\"2013-02-24T15:30:03+00:00\",\"dateModified\":\"2016-11-17T09:08:23+00:00\",\"description\":\"La Storia del Chalet Nata Vigo di Fassa Larcion\u00e8 Val di Fassa Dolomiti Trentino Alto Adige Alpi Italia - Alps Italy dolomites\",\"breadcrumb\":{\"@id\":\"https:\/\/www.chaletnata.com\/de\/chalet-nata\/geschichte\/#breadcrumb\"},\"inLanguage\":\"de\",\"potentialAction\":[{\"@type\":\"ReadAction\",\"target\":[\"https:\/\/www.chaletnata.com\/de\/chalet-nata\/geschichte\/\"]}]},{\"@type\":\"BreadcrumbList\",\"@id\":\"https:\/\/www.chaletnata.com\/de\/chalet-nata\/geschichte\/#breadcrumb\",\"itemListElement\":[{\"@type\":\"ListItem\",\"position\":1,\"name\":\"Home\",\"item\":\"https:\/\/www.chaletnata.com\/de\/\"},{\"@type\":\"ListItem\",\"position\":2,\"name\":\"Chalet Nata\",\"item\":\"https:\/\/www.chaletnata.com\/de\/chalet-nata\/\"},{\"@type\":\"ListItem\",\"position\":3,\"name\":\"Geschichte\"}]},{\"@type\":\"WebSite\",\"@id\":\"https:\/\/www.chaletnata.com\/en\/#website\",\"url\":\"https:\/\/www.chaletnata.com\/en\/\",\"name\":\"Chalet Nata\",\"description\":\"Appartamenti Turistici in Val di Fassa - Apartmens Dolomites - Ferienwhonung Dolomiten\",\"potentialAction\":[{\"@type\":\"SearchAction\",\"target\":{\"@type\":\"EntryPoint\",\"urlTemplate\":\"https:\/\/www.chaletnata.com\/en\/?s={search_term_string}\"},\"query-input\":{\"@type\":\"PropertyValueSpecification\",\"valueRequired\":true,\"valueName\":\"search_term_string\"}}],\"inLanguage\":\"de\"}]}<\/script>\n<!-- \/ Yoast SEO plugin. -->","yoast_head_json":{"title":"La Storia del Chalet Nata - Appartamenti a Vigo di Fassa in Val di Fassa Dolomiti Trentino Alto Adige","description":"La Storia del Chalet Nata Vigo di Fassa Larcion\u00e8 Val di Fassa Dolomiti Trentino Alto Adige Alpi Italia - Alps Italy dolomites","robots":{"index":"index","follow":"follow","max-snippet":"max-snippet:-1","max-image-preview":"max-image-preview:large","max-video-preview":"max-video-preview:-1"},"canonical":"https:\/\/www.chaletnata.com\/de\/chalet-nata\/geschichte\/","og_locale":"de_DE","og_type":"article","og_title":"La Storia del Chalet Nata - Appartamenti a Vigo di Fassa in Val di Fassa Dolomiti Trentino Alto Adige","og_description":"La Storia del Chalet Nata Vigo di Fassa Larcion\u00e8 Val di Fassa Dolomiti Trentino Alto Adige Alpi Italia - Alps Italy dolomites","og_url":"https:\/\/www.chaletnata.com\/de\/chalet-nata\/geschichte\/","og_site_name":"Chalet Nata","article_modified_time":"2016-11-17T09:08:23+00:00","twitter_card":"summary_large_image","twitter_misc":{"Gesch\u00e4tzte Lesezeit":"1\u00a0Minute"},"schema":{"@context":"https:\/\/schema.org","@graph":[{"@type":"WebPage","@id":"https:\/\/www.chaletnata.com\/de\/chalet-nata\/geschichte\/","url":"https:\/\/www.chaletnata.com\/de\/chalet-nata\/geschichte\/","name":"La Storia del Chalet Nata - Appartamenti a Vigo di Fassa in Val di Fassa Dolomiti Trentino Alto Adige","isPartOf":{"@id":"https:\/\/www.chaletnata.com\/en\/#website"},"datePublished":"2013-02-24T15:30:03+00:00","dateModified":"2016-11-17T09:08:23+00:00","description":"La Storia del Chalet Nata Vigo di Fassa Larcion\u00e8 Val di Fassa Dolomiti Trentino Alto Adige Alpi Italia - Alps Italy dolomites","breadcrumb":{"@id":"https:\/\/www.chaletnata.com\/de\/chalet-nata\/geschichte\/#breadcrumb"},"inLanguage":"de","potentialAction":[{"@type":"ReadAction","target":["https:\/\/www.chaletnata.com\/de\/chalet-nata\/geschichte\/"]}]},{"@type":"BreadcrumbList","@id":"https:\/\/www.chaletnata.com\/de\/chalet-nata\/geschichte\/#breadcrumb","itemListElement":[{"@type":"ListItem","position":1,"name":"Home","item":"https:\/\/www.chaletnata.com\/de\/"},{"@type":"ListItem","position":2,"name":"Chalet Nata","item":"https:\/\/www.chaletnata.com\/de\/chalet-nata\/"},{"@type":"ListItem","position":3,"name":"Geschichte"}]},{"@type":"WebSite","@id":"https:\/\/www.chaletnata.com\/en\/#website","url":"https:\/\/www.chaletnata.com\/en\/","name":"Chalet Nata","description":"Appartamenti Turistici in Val di Fassa - Apartmens Dolomites - Ferienwhonung Dolomiten","potentialAction":[{"@type":"SearchAction","target":{"@type":"EntryPoint","urlTemplate":"https:\/\/www.chaletnata.com\/en\/?s={search_term_string}"},"query-input":{"@type":"PropertyValueSpecification","valueRequired":true,"valueName":"search_term_string"}}],"inLanguage":"de"}]}},"_links":{"self":[{"href":"https:\/\/www.chaletnata.com\/de\/wp-json\/wp\/v2\/pages\/4453\/"}],"collection":[{"href":"https:\/\/www.chaletnata.com\/de\/wp-json\/wp\/v2\/pages\/"}],"about":[{"href":"https:\/\/www.chaletnata.com\/de\/wp-json\/wp\/v2\/types\/page\/"}],"author":[{"embeddable":true,"href":"https:\/\/www.chaletnata.com\/de\/wp-json\/wp\/v2\/users\/1\/"}],"replies":[{"embeddable":true,"href":"https:\/\/www.chaletnata.com\/de\/wp-json\/wp\/v2\/comments\/?post=4453"}],"version-history":[{"count":3,"href":"https:\/\/www.chaletnata.com\/de\/wp-json\/wp\/v2\/pages\/4453\/revisions\/"}],"predecessor-version":[{"id":4641,"href":"https:\/\/www.chaletnata.com\/de\/wp-json\/wp\/v2\/pages\/4453\/revisions\/4641\/"}],"up":[{"embeddable":true,"href":"https:\/\/www.chaletnata.com\/de\/wp-json\/wp\/v2\/pages\/4448\/"}],"wp:attachment":[{"href":"https:\/\/www.chaletnata.com\/de\/wp-json\/wp\/v2\/media\/?parent=4453"}],"curies":[{"name":"wp","href":"https:\/\/api.w.org\/{rel}","templated":true}]}}