{"id":4450,"date":"2013-02-24T16:32:22","date_gmt":"2013-02-24T15:32:22","guid":{"rendered":"http:\/\/www.chaletnata.com\/chalet-nata\/klimahouse\/?lang=de"},"modified":"2016-11-17T10:00:36","modified_gmt":"2016-11-17T09:00:36","slug":"klimahouse","status":"publish","type":"page","link":"https:\/\/www.chaletnata.com\/de\/chalet-nata\/klimahouse\/","title":{"rendered":"Klimahouse"},"content":{"rendered":"<p>[vc_row][vc_column][vc_custom_heading text=&#8220;All die Technologie f\u00fcr die beste Energieeinsparung&#8220; use_theme_fonts=&#8220;yes&#8220;][\/vc_column][\/vc_row][vc_row][vc_column width=&#8220;2\/3&#8243;][vc_column_text]Ein Haus, das sich in der Ruhe der Natur befinden, muss diese auch respektieren. Deshalb haben wir beschlossen, alle modernen Technologien zu nutzen, um die Umwelt zu sch\u00fctzen.<\/p>\n<p>Das Haus ist komplett von den Grundmauern an isoliert. F\u00fcr den Bau wurden thermo-isolierte Steine und Fugen mit einem geringen W\u00e4rmeaustausch verwendet. Die Rahmen haben eine hohe W\u00e4rmed\u00e4mmung und die Verkleidung ist aus Polystyrol. Auf dem w\u00e4rmeisolierten Holzdach befinden sich 20qm Sonnenkollektoren, die das Leitungswasser und das Wasser f\u00fcr die Heizung aufw\u00e4rmen. Das Warmwasser wird in einem 1.500 Liter Boiler gesammelt, der in zwei Teile aufgeteilt ist. Ein Teil ist f\u00fcr den Warmwasserverbrauch im Haus und der andere Teil ist f\u00fcr die Heizung.<\/p>\n<p>Das Chalet Nata hat eine ganz besondere Heizung. Sie werden in keinem der R\u00e4ume einen Heizk\u00f6rper finden. Das warme Wasser flie\u00dft durch Leitungen in den W\u00e4nden und beheizt das komplette Haus mit einer Wassertemperatur von nur 30\u00b0, anstatt 70\u00b0, wie bei normalen Heizungen. An kalten Tagen wird\u00a0 neben den Sonnenkollektoren zus\u00e4tzlich mit einem Pellet Bioeizkessel mit gepressten Holzpellets geheizt.<\/p>\n<p>Kein Diesel\u00f6l, kein Gas oder andere Brennstoffe aus Kohlenwasserstoff. Die ganze Anlage ist automatisiert und Computer gesteuert und kontrolliert sowohl den CO2\u00a0 Aussto\u00df, als auch die Temperatur der einzelnen Apartments. Und wenn Sie nach einem Tag auf den Skiern eine intensivere W\u00e4rme sp\u00fcren wollen, gibt es in den Apartments einen Ofen auf Wasserbasis, der nur durch das Drehen eines Thermostats unmittelbare W\u00e4rme ausstrahlt.<\/p>\n<p>[\/vc_column_text][\/vc_column][vc_column width=&#8220;1\/3&#8243;][vc_single_image image=&#8220;3731&#8243; img_size=&#8220;medium&#8220; alignment=&#8220;center&#8220; onclick=&#8220;link_image&#8220; css_animation=&#8220;right-to-left&#8220;][vc_single_image image=&#8220;3678&#8243; img_size=&#8220;medium&#8220; alignment=&#8220;center&#8220; onclick=&#8220;link_image&#8220; css_animation=&#8220;left-to-right&#8220;][\/vc_column][\/vc_row]<\/p>\n","protected":false},"excerpt":{"rendered":"<p>[vc_row][vc_column][vc_custom_heading text=&#8220;All die Technologie f\u00fcr die beste Energieeinsparung&#8220; use_theme_fonts=&#8220;yes&#8220;][\/vc_column][\/vc_row][vc_row][vc_column width=&#8220;2\/3&#8243;][vc_column_text]Ein Haus, das sich in der Ruhe der Natur befinden, muss diese auch respektieren. Deshalb haben wir beschlossen, alle modernen Technologien zu nutzen, um die Umwelt zu sch\u00fctzen. Das Haus ist komplett von den Grundmauern an isoliert. F\u00fcr den Bau wurden thermo-isolierte Steine und Fugen mit[&#8230;]<\/p>\n","protected":false},"author":1,"featured_media":0,"parent":4448,"menu_order":0,"comment_status":"open","ping_status":"closed","template":"","meta":{"footnotes":""},"class_list":["post-4450","page","type-page","status-publish","hentry"],"yoast_head":"<!-- This site is optimized with the Yoast SEO plugin v26.9 - https:\/\/yoast.com\/product\/yoast-seo-wordpress\/ -->\n<title>Klimahouse Chalet Nata a Vigo di Fassa Val di Fassa Appartamenti Dolomiti<\/title>\n<meta name=\"description\" content=\"Lo Chalet Nata \u00e8 un Klimahouse, Casa Clima, costruita con criteri di risparmio energetico ed alta efficienza con pannelli solari, caldaia a pellets,\" \/>\n<meta name=\"robots\" content=\"index, follow, max-snippet:-1, max-image-preview:large, max-video-preview:-1\" \/>\n<link rel=\"canonical\" href=\"https:\/\/www.chaletnata.com\/de\/chalet-nata\/klimahouse\/\" \/>\n<meta property=\"og:locale\" content=\"de_DE\" \/>\n<meta property=\"og:type\" content=\"article\" \/>\n<meta property=\"og:title\" content=\"Klimahouse Chalet Nata a Vigo di Fassa Val di Fassa Appartamenti Dolomiti\" \/>\n<meta property=\"og:description\" content=\"Lo Chalet Nata \u00e8 un Klimahouse, Casa Clima, costruita con criteri di risparmio energetico ed alta efficienza con pannelli solari, caldaia a pellets,\" \/>\n<meta property=\"og:url\" content=\"https:\/\/www.chaletnata.com\/de\/chalet-nata\/klimahouse\/\" \/>\n<meta property=\"og:site_name\" content=\"Chalet Nata\" \/>\n<meta property=\"article:modified_time\" content=\"2016-11-17T09:00:36+00:00\" \/>\n<meta name=\"twitter:card\" content=\"summary_large_image\" \/>\n<meta name=\"twitter:label1\" content=\"Gesch\u00e4tzte Lesezeit\" \/>\n\t<meta name=\"twitter:data1\" content=\"2\u00a0Minuten\" \/>\n<script type=\"application\/ld+json\" class=\"yoast-schema-graph\">{\"@context\":\"https:\/\/schema.org\",\"@graph\":[{\"@type\":\"WebPage\",\"@id\":\"https:\/\/www.chaletnata.com\/de\/chalet-nata\/klimahouse\/\",\"url\":\"https:\/\/www.chaletnata.com\/de\/chalet-nata\/klimahouse\/\",\"name\":\"Klimahouse Chalet Nata a Vigo di Fassa Val di Fassa Appartamenti Dolomiti\",\"isPartOf\":{\"@id\":\"https:\/\/www.chaletnata.com\/en\/#website\"},\"datePublished\":\"2013-02-24T15:32:22+00:00\",\"dateModified\":\"2016-11-17T09:00:36+00:00\",\"description\":\"Lo Chalet Nata \u00e8 un Klimahouse, Casa Clima, costruita con criteri di risparmio energetico ed alta efficienza con pannelli solari, caldaia a pellets,\",\"breadcrumb\":{\"@id\":\"https:\/\/www.chaletnata.com\/de\/chalet-nata\/klimahouse\/#breadcrumb\"},\"inLanguage\":\"de\",\"potentialAction\":[{\"@type\":\"ReadAction\",\"target\":[\"https:\/\/www.chaletnata.com\/de\/chalet-nata\/klimahouse\/\"]}]},{\"@type\":\"BreadcrumbList\",\"@id\":\"https:\/\/www.chaletnata.com\/de\/chalet-nata\/klimahouse\/#breadcrumb\",\"itemListElement\":[{\"@type\":\"ListItem\",\"position\":1,\"name\":\"Home\",\"item\":\"https:\/\/www.chaletnata.com\/de\/\"},{\"@type\":\"ListItem\",\"position\":2,\"name\":\"Chalet Nata\",\"item\":\"https:\/\/www.chaletnata.com\/de\/chalet-nata\/\"},{\"@type\":\"ListItem\",\"position\":3,\"name\":\"Klimahouse\"}]},{\"@type\":\"WebSite\",\"@id\":\"https:\/\/www.chaletnata.com\/en\/#website\",\"url\":\"https:\/\/www.chaletnata.com\/en\/\",\"name\":\"Chalet Nata\",\"description\":\"Appartamenti Turistici in Val di Fassa - Apartmens Dolomites - Ferienwhonung Dolomiten\",\"potentialAction\":[{\"@type\":\"SearchAction\",\"target\":{\"@type\":\"EntryPoint\",\"urlTemplate\":\"https:\/\/www.chaletnata.com\/en\/?s={search_term_string}\"},\"query-input\":{\"@type\":\"PropertyValueSpecification\",\"valueRequired\":true,\"valueName\":\"search_term_string\"}}],\"inLanguage\":\"de\"}]}<\/script>\n<!-- \/ Yoast SEO plugin. -->","yoast_head_json":{"title":"Klimahouse Chalet Nata a Vigo di Fassa Val di Fassa Appartamenti Dolomiti","description":"Lo Chalet Nata \u00e8 un Klimahouse, Casa Clima, costruita con criteri di risparmio energetico ed alta efficienza con pannelli solari, caldaia a pellets,","robots":{"index":"index","follow":"follow","max-snippet":"max-snippet:-1","max-image-preview":"max-image-preview:large","max-video-preview":"max-video-preview:-1"},"canonical":"https:\/\/www.chaletnata.com\/de\/chalet-nata\/klimahouse\/","og_locale":"de_DE","og_type":"article","og_title":"Klimahouse Chalet Nata a Vigo di Fassa Val di Fassa Appartamenti Dolomiti","og_description":"Lo Chalet Nata \u00e8 un Klimahouse, Casa Clima, costruita con criteri di risparmio energetico ed alta efficienza con pannelli solari, caldaia a pellets,","og_url":"https:\/\/www.chaletnata.com\/de\/chalet-nata\/klimahouse\/","og_site_name":"Chalet Nata","article_modified_time":"2016-11-17T09:00:36+00:00","twitter_card":"summary_large_image","twitter_misc":{"Gesch\u00e4tzte Lesezeit":"2\u00a0Minuten"},"schema":{"@context":"https:\/\/schema.org","@graph":[{"@type":"WebPage","@id":"https:\/\/www.chaletnata.com\/de\/chalet-nata\/klimahouse\/","url":"https:\/\/www.chaletnata.com\/de\/chalet-nata\/klimahouse\/","name":"Klimahouse Chalet Nata a Vigo di Fassa Val di Fassa Appartamenti Dolomiti","isPartOf":{"@id":"https:\/\/www.chaletnata.com\/en\/#website"},"datePublished":"2013-02-24T15:32:22+00:00","dateModified":"2016-11-17T09:00:36+00:00","description":"Lo Chalet Nata \u00e8 un Klimahouse, Casa Clima, costruita con criteri di risparmio energetico ed alta efficienza con pannelli solari, caldaia a pellets,","breadcrumb":{"@id":"https:\/\/www.chaletnata.com\/de\/chalet-nata\/klimahouse\/#breadcrumb"},"inLanguage":"de","potentialAction":[{"@type":"ReadAction","target":["https:\/\/www.chaletnata.com\/de\/chalet-nata\/klimahouse\/"]}]},{"@type":"BreadcrumbList","@id":"https:\/\/www.chaletnata.com\/de\/chalet-nata\/klimahouse\/#breadcrumb","itemListElement":[{"@type":"ListItem","position":1,"name":"Home","item":"https:\/\/www.chaletnata.com\/de\/"},{"@type":"ListItem","position":2,"name":"Chalet Nata","item":"https:\/\/www.chaletnata.com\/de\/chalet-nata\/"},{"@type":"ListItem","position":3,"name":"Klimahouse"}]},{"@type":"WebSite","@id":"https:\/\/www.chaletnata.com\/en\/#website","url":"https:\/\/www.chaletnata.com\/en\/","name":"Chalet Nata","description":"Appartamenti Turistici in Val di Fassa - Apartmens Dolomites - Ferienwhonung Dolomiten","potentialAction":[{"@type":"SearchAction","target":{"@type":"EntryPoint","urlTemplate":"https:\/\/www.chaletnata.com\/en\/?s={search_term_string}"},"query-input":{"@type":"PropertyValueSpecification","valueRequired":true,"valueName":"search_term_string"}}],"inLanguage":"de"}]}},"_links":{"self":[{"href":"https:\/\/www.chaletnata.com\/de\/wp-json\/wp\/v2\/pages\/4450\/"}],"collection":[{"href":"https:\/\/www.chaletnata.com\/de\/wp-json\/wp\/v2\/pages\/"}],"about":[{"href":"https:\/\/www.chaletnata.com\/de\/wp-json\/wp\/v2\/types\/page\/"}],"author":[{"embeddable":true,"href":"https:\/\/www.chaletnata.com\/de\/wp-json\/wp\/v2\/users\/1\/"}],"replies":[{"embeddable":true,"href":"https:\/\/www.chaletnata.com\/de\/wp-json\/wp\/v2\/comments\/?post=4450"}],"version-history":[{"count":2,"href":"https:\/\/www.chaletnata.com\/de\/wp-json\/wp\/v2\/pages\/4450\/revisions\/"}],"predecessor-version":[{"id":4638,"href":"https:\/\/www.chaletnata.com\/de\/wp-json\/wp\/v2\/pages\/4450\/revisions\/4638\/"}],"up":[{"embeddable":true,"href":"https:\/\/www.chaletnata.com\/de\/wp-json\/wp\/v2\/pages\/4448\/"}],"wp:attachment":[{"href":"https:\/\/www.chaletnata.com\/de\/wp-json\/wp\/v2\/media\/?parent=4450"}],"curies":[{"name":"wp","href":"https:\/\/api.w.org\/{rel}","templated":true}]}}