{"id":4448,"date":"2013-02-24T16:04:21","date_gmt":"2013-02-24T15:04:21","guid":{"rendered":"http:\/\/www.chaletnata.com\/chalet-nata\/?lang=de"},"modified":"2016-11-17T09:06:24","modified_gmt":"2016-11-17T08:06:24","slug":"chalet-nata","status":"publish","type":"page","link":"https:\/\/www.chaletnata.com\/de\/chalet-nata\/","title":{"rendered":"Chalet Nata"},"content":{"rendered":"<p>[vc_row][vc_column][vc_custom_heading text=&#8220;Chalet Nata, eine typische Bergh\u00fctte , umgeben von den Dolomiten des Val di Fassa&#8220; use_theme_fonts=&#8220;yes&#8220; css=&#8220;.vc_custom_1479371574156{padding-top: 20px !important;padding-bottom: 20px !important;}&#8220;][\/vc_column][\/vc_row][vc_row][vc_column width=&#8220;2\/3&#8243;][vc_column_text]Wenn Sie einen entspannenden Traumurlaub, in der zauberhaften Landschaft des<strong> Fassatals<\/strong>, mit Blick auf die <strong>Dolomiten<\/strong>,\u00a0 in einer typischen, mit Geschmack und Stil eingerichteten Bergwohnung,\u00a0 verbringen wollen, dann sind sie hier genau richtig. Das Chalet Nata ist ein kleines Haus in den Bergen von Vigo di Fassa, Ortsteil Lazonei (Larcion\u00e8 in Ladino), das aus aus zwei Wohnungen f\u00fcr Touristen im Erdgeschoss, einer Wohnung der Eigent\u00fcmer im ersten Stock und dem Studio Fassacom unterm Dach besteht.<\/p>\n<p><a href=\"http:\/\/www.chaletnata.com\/wp-content\/uploads\/2016\/10\/Home-Benvenuto.jpg\" target=\"_blank\" data-rel=\"lightbox-image-0\" data-imagelightbox=\"0\" data-rl_title=\"\" data-rl_caption=\"\" title=\"\"><img loading=\"lazy\" decoding=\"async\" class=\"alignleft wp-image-3686 size-medium\" src=\"http:\/\/www.chaletnata.com\/wp-content\/uploads\/2016\/10\/Home-Benvenuto-300x200.jpg\" alt=\"chalet\" width=\"300\" height=\"200\" srcset=\"https:\/\/www.chaletnata.com\/wp-content\/uploads\/2016\/10\/Home-Benvenuto-300x200.jpg 300w, https:\/\/www.chaletnata.com\/wp-content\/uploads\/2016\/10\/Home-Benvenuto-768x512.jpg 768w, https:\/\/www.chaletnata.com\/wp-content\/uploads\/2016\/10\/Home-Benvenuto-1024x682.jpg 1024w, https:\/\/www.chaletnata.com\/wp-content\/uploads\/2016\/10\/Home-Benvenuto-567x378.jpg 567w, https:\/\/www.chaletnata.com\/wp-content\/uploads\/2016\/10\/Home-Benvenuto-1140x760.jpg 1140w, https:\/\/www.chaletnata.com\/wp-content\/uploads\/2016\/10\/Home-Benvenuto.jpg 1280w\" sizes=\"auto, (max-width: 300px) 100vw, 300px\" \/><\/a><\/p>\n<p>Das Chalet Nata ist ein kleines Gebirgshaus und befindet sich in <a title=\"Contact\" href=\"http:\/\/www.chaletnata.de\/contact\/\">Vigo di Fassa<\/a> in der Ortschaft Larzonei (Larcion\u00e8 in Ladinisch); es besteht aus zwei Tourismusappartements im Erdgescho\u00df (Appartement <a title=\"Orione\" href=\"http:\/\/www.chaletnata.de\/apartments\/orione\/\">Orione<\/a> und <a title=\"Polaris\" href=\"http:\/\/www.chaletnata.de\/apartments\/polaris-2\/\">Polaris<\/a>), einem herrschaftlichen Appartement im ersten Stock und\u00a0dem Arbeitszimmer <a title=\"Studio Fassacom\" href=\"http:\/\/www.chaletnata.com\/chalet-nata\/studio-fassacom\/?lang=de\">Fassacom<\/a> in der Mansarde.<\/p>\n<p>Das Haus ist leicht erreichbar und verf\u00fcgt einen eigenen Einfahrtshof mit 5 Autoparkpl\u00e4tzen, die f\u00fcr die Appartements reserviert sind. Jedes Appartement hat seinen unabh\u00e4ngigen Eingang.<\/p>\n<p>Im Sommer erm\u00f6glicht eine gro\u00dfe Gr\u00fcnfl\u00e4che neben dem Haus den Aufenthalt im Freien, um in der Sonne zu liegen, unter dem Sonnenschirm ein gutes Buch zu lesen oder einen der typischen sommerlichen Grillabende zu organisieren.[\/vc_column_text][\/vc_column][vc_column width=&#8220;1\/3&#8243;][vc_video link=&#8220;https:\/\/vimeo.com\/50084439&#8243; title=&#8220;Video Chalet Nata Sommer 2012&#8243;][\/vc_column][\/vc_row][vc_row][vc_column][vc_masonry_media_grid element_width=&#8220;3&#8243; grid_id=&#8220;vc_gid:1479371081013-30dfba25-c179-7&#8243; include=&#8220;3814,3758,3756,3748,3695,3692,3693,3689,3760,3685,3684,3687&#8243;][\/vc_column][\/vc_row]<\/p>\n","protected":false},"excerpt":{"rendered":"<p>[vc_row][vc_column][vc_custom_heading text=&#8220;Chalet Nata, eine typische Bergh\u00fctte , umgeben von den Dolomiten des Val di Fassa&#8220; use_theme_fonts=&#8220;yes&#8220; css=&#8220;.vc_custom_1479371574156{padding-top: 20px !important;padding-bottom: 20px !important;}&#8220;][\/vc_column][\/vc_row][vc_row][vc_column width=&#8220;2\/3&#8243;][vc_column_text]Wenn Sie einen entspannenden Traumurlaub, in der zauberhaften Landschaft des Fassatals, mit Blick auf die Dolomiten,\u00a0 in einer typischen, mit Geschmack und Stil eingerichteten Bergwohnung,\u00a0 verbringen wollen, dann sind sie hier genau richtig. Das[&#8230;]<\/p>\n","protected":false},"author":1,"featured_media":0,"parent":0,"menu_order":0,"comment_status":"open","ping_status":"open","template":"","meta":{"footnotes":""},"class_list":["post-4448","page","type-page","status-publish","hentry"],"yoast_head":"<!-- This site is optimized with the Yoast SEO plugin v26.9 - https:\/\/yoast.com\/product\/yoast-seo-wordpress\/ -->\n<title>Chalet Nata - Apartamenti in montagna in Val di Fassa - Dolomiti<\/title>\n<meta name=\"description\" content=\"Chalet di montagna - Appartamenti turistici in Val di Fassa Dolomiti Vigo di Fassa Trentino Alto Adige Montagna dolomites\" \/>\n<meta name=\"robots\" content=\"index, follow, max-snippet:-1, max-image-preview:large, max-video-preview:-1\" \/>\n<link rel=\"canonical\" href=\"https:\/\/www.chaletnata.com\/de\/chalet-nata\/\" \/>\n<meta property=\"og:locale\" content=\"de_DE\" \/>\n<meta property=\"og:type\" content=\"article\" \/>\n<meta property=\"og:title\" content=\"Chalet Nata - Apartamenti in montagna in Val di Fassa - Dolomiti\" \/>\n<meta property=\"og:description\" content=\"Chalet di montagna - Appartamenti turistici in Val di Fassa Dolomiti Vigo di Fassa Trentino Alto Adige Montagna dolomites\" \/>\n<meta property=\"og:url\" content=\"https:\/\/www.chaletnata.com\/de\/chalet-nata\/\" \/>\n<meta property=\"og:site_name\" content=\"Chalet Nata\" \/>\n<meta property=\"article:modified_time\" content=\"2016-11-17T08:06:24+00:00\" \/>\n<meta property=\"og:image\" content=\"https:\/\/www.chaletnata.com\/wp-content\/uploads\/2016\/10\/Home-Benvenuto.jpg\" \/>\n\t<meta property=\"og:image:width\" content=\"1280\" \/>\n\t<meta property=\"og:image:height\" content=\"853\" \/>\n\t<meta property=\"og:image:type\" content=\"image\/jpeg\" \/>\n<meta name=\"twitter:card\" content=\"summary_large_image\" \/>\n<meta name=\"twitter:label1\" content=\"Gesch\u00e4tzte Lesezeit\" \/>\n\t<meta name=\"twitter:data1\" content=\"1\u00a0Minute\" \/>\n<script type=\"application\/ld+json\" class=\"yoast-schema-graph\">{\"@context\":\"https:\/\/schema.org\",\"@graph\":[{\"@type\":\"WebPage\",\"@id\":\"https:\/\/www.chaletnata.com\/de\/chalet-nata\/\",\"url\":\"https:\/\/www.chaletnata.com\/de\/chalet-nata\/\",\"name\":\"Chalet Nata - Apartamenti in montagna in Val di Fassa - Dolomiti\",\"isPartOf\":{\"@id\":\"https:\/\/www.chaletnata.com\/en\/#website\"},\"primaryImageOfPage\":{\"@id\":\"https:\/\/www.chaletnata.com\/de\/chalet-nata\/#primaryimage\"},\"image\":{\"@id\":\"https:\/\/www.chaletnata.com\/de\/chalet-nata\/#primaryimage\"},\"thumbnailUrl\":\"http:\/\/www.chaletnata.com\/wp-content\/uploads\/2016\/10\/Home-Benvenuto-300x200.jpg\",\"datePublished\":\"2013-02-24T15:04:21+00:00\",\"dateModified\":\"2016-11-17T08:06:24+00:00\",\"description\":\"Chalet di montagna - Appartamenti turistici in Val di Fassa Dolomiti Vigo di Fassa Trentino Alto Adige Montagna dolomites\",\"breadcrumb\":{\"@id\":\"https:\/\/www.chaletnata.com\/de\/chalet-nata\/#breadcrumb\"},\"inLanguage\":\"de\",\"potentialAction\":[{\"@type\":\"ReadAction\",\"target\":[\"https:\/\/www.chaletnata.com\/de\/chalet-nata\/\"]}]},{\"@type\":\"ImageObject\",\"inLanguage\":\"de\",\"@id\":\"https:\/\/www.chaletnata.com\/de\/chalet-nata\/#primaryimage\",\"url\":\"http:\/\/www.chaletnata.com\/wp-content\/uploads\/2016\/10\/Home-Benvenuto-300x200.jpg\",\"contentUrl\":\"http:\/\/www.chaletnata.com\/wp-content\/uploads\/2016\/10\/Home-Benvenuto-300x200.jpg\"},{\"@type\":\"BreadcrumbList\",\"@id\":\"https:\/\/www.chaletnata.com\/de\/chalet-nata\/#breadcrumb\",\"itemListElement\":[{\"@type\":\"ListItem\",\"position\":1,\"name\":\"Home\",\"item\":\"https:\/\/www.chaletnata.com\/de\/\"},{\"@type\":\"ListItem\",\"position\":2,\"name\":\"Chalet Nata\"}]},{\"@type\":\"WebSite\",\"@id\":\"https:\/\/www.chaletnata.com\/en\/#website\",\"url\":\"https:\/\/www.chaletnata.com\/en\/\",\"name\":\"Chalet Nata\",\"description\":\"Appartamenti Turistici in Val di Fassa - Apartmens Dolomites - Ferienwhonung Dolomiten\",\"potentialAction\":[{\"@type\":\"SearchAction\",\"target\":{\"@type\":\"EntryPoint\",\"urlTemplate\":\"https:\/\/www.chaletnata.com\/en\/?s={search_term_string}\"},\"query-input\":{\"@type\":\"PropertyValueSpecification\",\"valueRequired\":true,\"valueName\":\"search_term_string\"}}],\"inLanguage\":\"de\"}]}<\/script>\n<!-- \/ Yoast SEO plugin. -->","yoast_head_json":{"title":"Chalet Nata - Apartamenti in montagna in Val di Fassa - Dolomiti","description":"Chalet di montagna - Appartamenti turistici in Val di Fassa Dolomiti Vigo di Fassa Trentino Alto Adige Montagna dolomites","robots":{"index":"index","follow":"follow","max-snippet":"max-snippet:-1","max-image-preview":"max-image-preview:large","max-video-preview":"max-video-preview:-1"},"canonical":"https:\/\/www.chaletnata.com\/de\/chalet-nata\/","og_locale":"de_DE","og_type":"article","og_title":"Chalet Nata - Apartamenti in montagna in Val di Fassa - Dolomiti","og_description":"Chalet di montagna - Appartamenti turistici in Val di Fassa Dolomiti Vigo di Fassa Trentino Alto Adige Montagna dolomites","og_url":"https:\/\/www.chaletnata.com\/de\/chalet-nata\/","og_site_name":"Chalet Nata","article_modified_time":"2016-11-17T08:06:24+00:00","og_image":[{"width":1280,"height":853,"url":"https:\/\/www.chaletnata.com\/wp-content\/uploads\/2016\/10\/Home-Benvenuto.jpg","type":"image\/jpeg"}],"twitter_card":"summary_large_image","twitter_misc":{"Gesch\u00e4tzte Lesezeit":"1\u00a0Minute"},"schema":{"@context":"https:\/\/schema.org","@graph":[{"@type":"WebPage","@id":"https:\/\/www.chaletnata.com\/de\/chalet-nata\/","url":"https:\/\/www.chaletnata.com\/de\/chalet-nata\/","name":"Chalet Nata - Apartamenti in montagna in Val di Fassa - Dolomiti","isPartOf":{"@id":"https:\/\/www.chaletnata.com\/en\/#website"},"primaryImageOfPage":{"@id":"https:\/\/www.chaletnata.com\/de\/chalet-nata\/#primaryimage"},"image":{"@id":"https:\/\/www.chaletnata.com\/de\/chalet-nata\/#primaryimage"},"thumbnailUrl":"http:\/\/www.chaletnata.com\/wp-content\/uploads\/2016\/10\/Home-Benvenuto-300x200.jpg","datePublished":"2013-02-24T15:04:21+00:00","dateModified":"2016-11-17T08:06:24+00:00","description":"Chalet di montagna - Appartamenti turistici in Val di Fassa Dolomiti Vigo di Fassa Trentino Alto Adige Montagna dolomites","breadcrumb":{"@id":"https:\/\/www.chaletnata.com\/de\/chalet-nata\/#breadcrumb"},"inLanguage":"de","potentialAction":[{"@type":"ReadAction","target":["https:\/\/www.chaletnata.com\/de\/chalet-nata\/"]}]},{"@type":"ImageObject","inLanguage":"de","@id":"https:\/\/www.chaletnata.com\/de\/chalet-nata\/#primaryimage","url":"http:\/\/www.chaletnata.com\/wp-content\/uploads\/2016\/10\/Home-Benvenuto-300x200.jpg","contentUrl":"http:\/\/www.chaletnata.com\/wp-content\/uploads\/2016\/10\/Home-Benvenuto-300x200.jpg"},{"@type":"BreadcrumbList","@id":"https:\/\/www.chaletnata.com\/de\/chalet-nata\/#breadcrumb","itemListElement":[{"@type":"ListItem","position":1,"name":"Home","item":"https:\/\/www.chaletnata.com\/de\/"},{"@type":"ListItem","position":2,"name":"Chalet Nata"}]},{"@type":"WebSite","@id":"https:\/\/www.chaletnata.com\/en\/#website","url":"https:\/\/www.chaletnata.com\/en\/","name":"Chalet Nata","description":"Appartamenti Turistici in Val di Fassa - Apartmens Dolomites - Ferienwhonung Dolomiten","potentialAction":[{"@type":"SearchAction","target":{"@type":"EntryPoint","urlTemplate":"https:\/\/www.chaletnata.com\/en\/?s={search_term_string}"},"query-input":{"@type":"PropertyValueSpecification","valueRequired":true,"valueName":"search_term_string"}}],"inLanguage":"de"}]}},"_links":{"self":[{"href":"https:\/\/www.chaletnata.com\/de\/wp-json\/wp\/v2\/pages\/4448\/"}],"collection":[{"href":"https:\/\/www.chaletnata.com\/de\/wp-json\/wp\/v2\/pages\/"}],"about":[{"href":"https:\/\/www.chaletnata.com\/de\/wp-json\/wp\/v2\/types\/page\/"}],"author":[{"embeddable":true,"href":"https:\/\/www.chaletnata.com\/de\/wp-json\/wp\/v2\/users\/1\/"}],"replies":[{"embeddable":true,"href":"https:\/\/www.chaletnata.com\/de\/wp-json\/wp\/v2\/comments\/?post=4448"}],"version-history":[{"count":2,"href":"https:\/\/www.chaletnata.com\/de\/wp-json\/wp\/v2\/pages\/4448\/revisions\/"}],"predecessor-version":[{"id":4609,"href":"https:\/\/www.chaletnata.com\/de\/wp-json\/wp\/v2\/pages\/4448\/revisions\/4609\/"}],"wp:attachment":[{"href":"https:\/\/www.chaletnata.com\/de\/wp-json\/wp\/v2\/media\/?parent=4448"}],"curies":[{"name":"wp","href":"https:\/\/api.w.org\/{rel}","templated":true}]}}