{"id":4239,"date":"2013-02-25T12:08:40","date_gmt":"2013-02-25T11:08:40","guid":{"rendered":"http:\/\/www.chaletnata.com\/val-di-fassa\/?lang=de"},"modified":"2016-11-17T13:34:35","modified_gmt":"2016-11-17T12:34:35","slug":"fassatal","status":"publish","type":"page","link":"https:\/\/www.chaletnata.com\/de\/fassatal\/","title":{"rendered":"Fassatal"},"content":{"rendered":"<p>[vc_row][vc_column][vc_column_text]<\/p>\n<h2>Das Fassatal ist eines der sch\u00f6nsten Alpent\u00e4ler umgeben von den ber\u00fchmtesten Dolomitengipfeln: dem Catinaccio, dem Sassolungo, dem Pordoi-Sella und der Marmolada.<\/h2>\n<p>Das Fassatal befindet sich in der Region Trentino-S\u00fcdtirol und ist zirka 20 km lang; seit dem Jahr 2009 geh\u00f6ren die Dolomiten des Fassatales zum Welterbe der Unesco. Die wichtigsten D\u00f6rfer sind Moena, Vigo di Fassa, Pozza di Fassa, Campitello di Fassa und Canazei.<br \/>\nEs ist von der Brennerautobahn \u00fcber das Tal Val di Fiemme oder von Bozen \u00fcber den Pass Costalunga, oder vom Veneto \u00fcber die P\u00e4sse Pordoi, Fedaia und San Pellegrino erreichbar.<br \/>\nDas Fassatal bietet zu jeder Jahreszeit einzigartige und au\u00dfergew\u00f6hnliche Alpinszenarien: im Winter gibt es gewaltige Schneemassen und hunderte km lange Schipisten in gut 9 Schigebieten, im bekannten Gebiet Dolomiti Superski; im Sommer einfache Wanderwege und Pfade f\u00fcr professionelle Bergwanderer; im Herbst bietet es einen Rahmen von tausenden verschiedenen Farben und Nuancen; im Fr\u00fchling das Wiedererwachen der Natur nach einem langen Winter.<\/p>\n<p>Copyright foto\u00a0<a title=\"Anton Sessa\" href=\"http:\/\/www.antonsessa.com\" target=\"_blank\">Anton Sessa<\/a> by <a title=\"DolomitiPic\" href=\"http:\/\/www.dolomitipic.it\" target=\"_blank\">www.dolomitipic.it<\/a>[\/vc_column_text][\/vc_column][\/vc_row][vc_row][vc_column][vc_masonry_media_grid element_width=&#8220;3&#8243; grid_id=&#8220;vc_gid:1479379965231-5aecf7ce-6ffa-6&#8243; include=&#8220;4138,4139,4140,4141,4142,4143,4145,4146,4147,4148,4149,4144&#8243;][\/vc_column][\/vc_row][vc_row][vc_column][vc_column_text]<\/p>\n<h3><\/h3>\n<h3>M\u00f6chten Sie mehr \u00fcber Val di Fassa wissen? Dann kommen Sie und die Dolomiten Network-Website besuchen, das Portal des Val di Fassa!<\/h3>\n<p><a href=\"http:\/\/www.dolomitinetwork.com\" target=\"_blank\"><img loading=\"lazy\" decoding=\"async\" class=\"aligncenter wp-image-4151 size-full\" src=\"http:\/\/www.chaletnata.com\/wp-content\/uploads\/2013\/02\/nuovo-banner-Dolomiti-Network-1440.jpg\" alt=\"nuovo-banner-dolomiti-network-1440\" width=\"1440\" height=\"430\" srcset=\"https:\/\/www.chaletnata.com\/wp-content\/uploads\/2013\/02\/nuovo-banner-Dolomiti-Network-1440.jpg 1440w, https:\/\/www.chaletnata.com\/wp-content\/uploads\/2013\/02\/nuovo-banner-Dolomiti-Network-1440-300x90.jpg 300w, https:\/\/www.chaletnata.com\/wp-content\/uploads\/2013\/02\/nuovo-banner-Dolomiti-Network-1440-768x229.jpg 768w, https:\/\/www.chaletnata.com\/wp-content\/uploads\/2013\/02\/nuovo-banner-Dolomiti-Network-1440-1024x306.jpg 1024w, https:\/\/www.chaletnata.com\/wp-content\/uploads\/2013\/02\/nuovo-banner-Dolomiti-Network-1440-567x169.jpg 567w, https:\/\/www.chaletnata.com\/wp-content\/uploads\/2013\/02\/nuovo-banner-Dolomiti-Network-1440-1140x340.jpg 1140w\" sizes=\"auto, (max-width: 1440px) 100vw, 1440px\" \/><\/a>[\/vc_column_text][\/vc_column][\/vc_row]<\/p>\n","protected":false},"excerpt":{"rendered":"<p>[vc_row][vc_column][vc_column_text] Das Fassatal ist eines der sch\u00f6nsten Alpent\u00e4ler umgeben von den ber\u00fchmtesten Dolomitengipfeln: dem Catinaccio, dem Sassolungo, dem Pordoi-Sella und der Marmolada. Das Fassatal befindet sich in der Region Trentino-S\u00fcdtirol und ist zirka 20 km lang; seit dem Jahr 2009 geh\u00f6ren die Dolomiten des Fassatales zum Welterbe der Unesco. Die wichtigsten D\u00f6rfer sind Moena, Vigo[&#8230;]<\/p>\n","protected":false},"author":1,"featured_media":0,"parent":0,"menu_order":0,"comment_status":"open","ping_status":"open","template":"","meta":{"footnotes":""},"class_list":["post-4239","page","type-page","status-publish","hentry"],"yoast_head":"<!-- This site is optimized with the Yoast SEO plugin v26.9 - https:\/\/yoast.com\/product\/yoast-seo-wordpress\/ -->\n<title>Fassatal - Chalet Nata<\/title>\n<meta name=\"description\" content=\"Val di Fassa\" \/>\n<meta name=\"robots\" content=\"index, follow, max-snippet:-1, max-image-preview:large, max-video-preview:-1\" \/>\n<link rel=\"canonical\" href=\"https:\/\/www.chaletnata.com\/de\/fassatal\/\" \/>\n<meta property=\"og:locale\" content=\"de_DE\" \/>\n<meta property=\"og:type\" content=\"article\" \/>\n<meta property=\"og:title\" content=\"Fassatal - Chalet Nata\" \/>\n<meta property=\"og:description\" content=\"Val di Fassa\" \/>\n<meta property=\"og:url\" content=\"https:\/\/www.chaletnata.com\/de\/fassatal\/\" \/>\n<meta property=\"og:site_name\" content=\"Chalet Nata\" \/>\n<meta property=\"article:modified_time\" content=\"2016-11-17T12:34:35+00:00\" \/>\n<meta property=\"og:image\" content=\"https:\/\/www.chaletnata.com\/wp-content\/uploads\/2013\/02\/nuovo-banner-Dolomiti-Network-1440.jpg\" \/>\n\t<meta property=\"og:image:width\" content=\"1440\" \/>\n\t<meta property=\"og:image:height\" content=\"430\" \/>\n\t<meta property=\"og:image:type\" content=\"image\/jpeg\" \/>\n<meta name=\"twitter:card\" content=\"summary_large_image\" \/>\n<meta name=\"twitter:label1\" content=\"Gesch\u00e4tzte Lesezeit\" \/>\n\t<meta name=\"twitter:data1\" content=\"1\u00a0Minute\" \/>\n<script type=\"application\/ld+json\" class=\"yoast-schema-graph\">{\"@context\":\"https:\/\/schema.org\",\"@graph\":[{\"@type\":\"WebPage\",\"@id\":\"https:\/\/www.chaletnata.com\/de\/fassatal\/\",\"url\":\"https:\/\/www.chaletnata.com\/de\/fassatal\/\",\"name\":\"Fassatal - Chalet Nata\",\"isPartOf\":{\"@id\":\"https:\/\/www.chaletnata.com\/en\/#website\"},\"primaryImageOfPage\":{\"@id\":\"https:\/\/www.chaletnata.com\/de\/fassatal\/#primaryimage\"},\"image\":{\"@id\":\"https:\/\/www.chaletnata.com\/de\/fassatal\/#primaryimage\"},\"thumbnailUrl\":\"http:\/\/www.chaletnata.com\/wp-content\/uploads\/2013\/02\/nuovo-banner-Dolomiti-Network-1440.jpg\",\"datePublished\":\"2013-02-25T11:08:40+00:00\",\"dateModified\":\"2016-11-17T12:34:35+00:00\",\"description\":\"Val di Fassa\",\"breadcrumb\":{\"@id\":\"https:\/\/www.chaletnata.com\/de\/fassatal\/#breadcrumb\"},\"inLanguage\":\"de\",\"potentialAction\":[{\"@type\":\"ReadAction\",\"target\":[\"https:\/\/www.chaletnata.com\/de\/fassatal\/\"]}]},{\"@type\":\"ImageObject\",\"inLanguage\":\"de\",\"@id\":\"https:\/\/www.chaletnata.com\/de\/fassatal\/#primaryimage\",\"url\":\"http:\/\/www.chaletnata.com\/wp-content\/uploads\/2013\/02\/nuovo-banner-Dolomiti-Network-1440.jpg\",\"contentUrl\":\"http:\/\/www.chaletnata.com\/wp-content\/uploads\/2013\/02\/nuovo-banner-Dolomiti-Network-1440.jpg\"},{\"@type\":\"BreadcrumbList\",\"@id\":\"https:\/\/www.chaletnata.com\/de\/fassatal\/#breadcrumb\",\"itemListElement\":[{\"@type\":\"ListItem\",\"position\":1,\"name\":\"Home\",\"item\":\"https:\/\/www.chaletnata.com\/de\/\"},{\"@type\":\"ListItem\",\"position\":2,\"name\":\"Fassatal\"}]},{\"@type\":\"WebSite\",\"@id\":\"https:\/\/www.chaletnata.com\/en\/#website\",\"url\":\"https:\/\/www.chaletnata.com\/en\/\",\"name\":\"Chalet Nata\",\"description\":\"Appartamenti Turistici in Val di Fassa - Apartmens Dolomites - Ferienwhonung Dolomiten\",\"potentialAction\":[{\"@type\":\"SearchAction\",\"target\":{\"@type\":\"EntryPoint\",\"urlTemplate\":\"https:\/\/www.chaletnata.com\/en\/?s={search_term_string}\"},\"query-input\":{\"@type\":\"PropertyValueSpecification\",\"valueRequired\":true,\"valueName\":\"search_term_string\"}}],\"inLanguage\":\"de\"}]}<\/script>\n<!-- \/ Yoast SEO plugin. -->","yoast_head_json":{"title":"Fassatal - Chalet Nata","description":"Val di Fassa","robots":{"index":"index","follow":"follow","max-snippet":"max-snippet:-1","max-image-preview":"max-image-preview:large","max-video-preview":"max-video-preview:-1"},"canonical":"https:\/\/www.chaletnata.com\/de\/fassatal\/","og_locale":"de_DE","og_type":"article","og_title":"Fassatal - Chalet Nata","og_description":"Val di Fassa","og_url":"https:\/\/www.chaletnata.com\/de\/fassatal\/","og_site_name":"Chalet Nata","article_modified_time":"2016-11-17T12:34:35+00:00","og_image":[{"width":1440,"height":430,"url":"https:\/\/www.chaletnata.com\/wp-content\/uploads\/2013\/02\/nuovo-banner-Dolomiti-Network-1440.jpg","type":"image\/jpeg"}],"twitter_card":"summary_large_image","twitter_misc":{"Gesch\u00e4tzte Lesezeit":"1\u00a0Minute"},"schema":{"@context":"https:\/\/schema.org","@graph":[{"@type":"WebPage","@id":"https:\/\/www.chaletnata.com\/de\/fassatal\/","url":"https:\/\/www.chaletnata.com\/de\/fassatal\/","name":"Fassatal - Chalet Nata","isPartOf":{"@id":"https:\/\/www.chaletnata.com\/en\/#website"},"primaryImageOfPage":{"@id":"https:\/\/www.chaletnata.com\/de\/fassatal\/#primaryimage"},"image":{"@id":"https:\/\/www.chaletnata.com\/de\/fassatal\/#primaryimage"},"thumbnailUrl":"http:\/\/www.chaletnata.com\/wp-content\/uploads\/2013\/02\/nuovo-banner-Dolomiti-Network-1440.jpg","datePublished":"2013-02-25T11:08:40+00:00","dateModified":"2016-11-17T12:34:35+00:00","description":"Val di Fassa","breadcrumb":{"@id":"https:\/\/www.chaletnata.com\/de\/fassatal\/#breadcrumb"},"inLanguage":"de","potentialAction":[{"@type":"ReadAction","target":["https:\/\/www.chaletnata.com\/de\/fassatal\/"]}]},{"@type":"ImageObject","inLanguage":"de","@id":"https:\/\/www.chaletnata.com\/de\/fassatal\/#primaryimage","url":"http:\/\/www.chaletnata.com\/wp-content\/uploads\/2013\/02\/nuovo-banner-Dolomiti-Network-1440.jpg","contentUrl":"http:\/\/www.chaletnata.com\/wp-content\/uploads\/2013\/02\/nuovo-banner-Dolomiti-Network-1440.jpg"},{"@type":"BreadcrumbList","@id":"https:\/\/www.chaletnata.com\/de\/fassatal\/#breadcrumb","itemListElement":[{"@type":"ListItem","position":1,"name":"Home","item":"https:\/\/www.chaletnata.com\/de\/"},{"@type":"ListItem","position":2,"name":"Fassatal"}]},{"@type":"WebSite","@id":"https:\/\/www.chaletnata.com\/en\/#website","url":"https:\/\/www.chaletnata.com\/en\/","name":"Chalet Nata","description":"Appartamenti Turistici in Val di Fassa - Apartmens Dolomites - Ferienwhonung Dolomiten","potentialAction":[{"@type":"SearchAction","target":{"@type":"EntryPoint","urlTemplate":"https:\/\/www.chaletnata.com\/en\/?s={search_term_string}"},"query-input":{"@type":"PropertyValueSpecification","valueRequired":true,"valueName":"search_term_string"}}],"inLanguage":"de"}]}},"_links":{"self":[{"href":"https:\/\/www.chaletnata.com\/de\/wp-json\/wp\/v2\/pages\/4239\/"}],"collection":[{"href":"https:\/\/www.chaletnata.com\/de\/wp-json\/wp\/v2\/pages\/"}],"about":[{"href":"https:\/\/www.chaletnata.com\/de\/wp-json\/wp\/v2\/types\/page\/"}],"author":[{"embeddable":true,"href":"https:\/\/www.chaletnata.com\/de\/wp-json\/wp\/v2\/users\/1\/"}],"replies":[{"embeddable":true,"href":"https:\/\/www.chaletnata.com\/de\/wp-json\/wp\/v2\/comments\/?post=4239"}],"version-history":[{"count":2,"href":"https:\/\/www.chaletnata.com\/de\/wp-json\/wp\/v2\/pages\/4239\/revisions\/"}],"predecessor-version":[{"id":4659,"href":"https:\/\/www.chaletnata.com\/de\/wp-json\/wp\/v2\/pages\/4239\/revisions\/4659\/"}],"wp:attachment":[{"href":"https:\/\/www.chaletnata.com\/de\/wp-json\/wp\/v2\/media\/?parent=4239"}],"curies":[{"name":"wp","href":"https:\/\/api.w.org\/{rel}","templated":true}]}}